{"id":1611,"date":"2020-04-23T17:34:52","date_gmt":"2020-04-23T17:34:52","guid":{"rendered":"http:\/\/htb.ui10.com\/?page_id=1611"},"modified":"2025-12-23T22:47:47","modified_gmt":"2025-12-23T22:47:47","slug":"kontakt","status":"publish","type":"page","link":"https:\/\/humboldttoursberlin.com\/de\/kontakt\/","title":{"rendered":"KONTAKT"},"content":{"rendered":"<div class=\"wpb-content-wrapper\"><p>[vc_row full_width=&#8220;stretch_row&#8220; bg_type=&#8220;image&#8220; parallax_style=&#8220;vcpb-default&#8220; bg_image_new=&#8220;id^8750|url^https:\/\/humboldttoursberlin.com\/wp-content\/uploads\/2025\/10\/Humboldt-Tours-Berlin-Contact-Us-Hero.jpg|caption^null|alt^null|title^Humboldt-Tours-Berlin-Contact-Us-Hero|description^null&#8220; bg_image_repeat=&#8220;no-repeat&#8220; enable_overlay=&#8220;enable_overlay_value&#8220; overlay_color=&#8220;#00000040&#8243; type=&#8220;vc_default&#8220; anchor=&#8220;expeditions&#8220; css=&#8220;.vc_custom_1760305042146{padding-top: 100px !important;padding-bottom: 100px !important;}&#8220; el_class=&#8220;homepage-hero-row&#8220; row_title=&#8220;Hero&#8220;][vc_column]<div id=\"ultimate-heading-65569d29a36bcb34\" class=\"uvc-heading ult-adjust-bottom-margin ultimate-heading-65569d29a36bcb34 uvc-5375 contact-us-heading\" data-hspacer=\"no_spacer\"  data-halign=\"left\" style=\"text-align:left\"><div class=\"uvc-heading-spacer no_spacer\" style=\"top\"><\/div><div class=\"uvc-main-heading ult-responsive\"  data-ultimate-target='.uvc-heading.ultimate-heading-65569d29a36bcb34 h1'  data-responsive-json-new='{\"font-size\":\"desktop:50px;tablet_portrait:40px;mobile:36px;\",\"line-height\":\"desktop:60px;tablet_portrait:50px;\"}' ><h1 style=\"font-family:&#039;Open Sans&#039;;font-weight:bold;color:#ffffff;margin-bottom:20px;\">KONTAKT HUMBOLDT TOURS BERLIN<\/h1><\/div><\/div><div id=\"ultimate-heading-398369d29a36bcc29\" class=\"uvc-heading ult-adjust-bottom-margin ultimate-heading-398369d29a36bcc29 uvc-1391 private-tours-subheading\" data-hspacer=\"no_spacer\"  data-halign=\"left\" style=\"text-align:left\"><div class=\"uvc-heading-spacer no_spacer\" style=\"top\"><\/div><div class=\"uvc-main-heading ult-responsive\"  data-ultimate-target='.uvc-heading.ultimate-heading-398369d29a36bcc29 h2'  data-responsive-json-new='{\"font-size\":\"desktop:18px;\",\"line-height\":\"desktop:27px;\"}' ><h2 style=\"--font-weight:theme;color:#FFFFFF;margin-top:30px;margin-bottom:40px;\">Sprechen Sie mit unserem lokalen Team \u00fcber private und ma\u00dfgeschneiderte Touren in Berlin und Umgebung.<\/h2><\/div><\/div><div class=\" ubtn-ctn-left homepage-hero-button\"><a class=\"ubtn-link ult-adjust-bottom-margin ubtn-left ubtn-custom homepage-hero-button\" href=\"#form\" ><button type=\"button\" id=\"ubtn-2001\"  class=\"ubtn ult-adjust-bottom-margin ult-responsive ubtn-custom ubtn-fade-bg  none  ubtn-left   tooltip-69d29a36bcdb6\"  data-hover=\"\" data-border-color=\"\" data-bg=\"#f5b829\" data-hover-bg=\"#D09B21\" data-border-hover=\"\" data-shadow-hover=\"\" data-shadow-click=\"none\" data-shadow=\"\" data-shd-shadow=\"\"  data-ultimate-target='#ubtn-2001'  data-responsive-json-new='{\"font-size\":\"desktop:18px;\",\"line-height\":\"\"}'  style=\"font-family:&#039;Open Sans&#039;;font-weight:700;width:280px;min-height:60px;padding:24px px;border-radius:5px;border-width:0px;border-color:;border-style:solid;background: #f5b829;color: #ffffff;\"><span class=\"ubtn-hover\" style=\"background-color:#D09B21\"><\/span><span class=\"ubtn-data ubtn-text \" >Kontaktieren Sie uns<\/span><\/button><\/a><\/div>[\/vc_column][\/vc_row][vc_row full_width=&#8220;stretch_row_content&#8220; equal_height=&#8220;yes&#8220; content_placement=&#8220;top&#8220; el_id=&#8220;form&#8220;][vc_column css=&#8220;.vc_custom_1591273423164{padding-top: 50px !important;padding-right: 50px !important;padding-bottom: 30px !important;padding-left: 50px !important;background-color: #ffffff !important;}&#8220; offset=&#8220;vc_col-lg-6 vc_col-md-6 vc_col-xs-12&#8243;]<div id=\"ultimate-heading-24769d29a36bcead\" class=\"uvc-heading ult-adjust-bottom-margin ultimate-heading-24769d29a36bcead uvc-7356 \" data-hspacer=\"no_spacer\"  data-halign=\"left\" style=\"text-align:left\"><div class=\"uvc-heading-spacer no_spacer\" style=\"top\"><\/div><div class=\"uvc-main-heading ult-responsive\"  data-ultimate-target='.uvc-heading.ultimate-heading-24769d29a36bcead h2'  data-responsive-json-new='{\"font-size\":\"desktop:36px;\",\"line-height\":\"desktop:46px;tablet_portrait:50px;\"}' ><h2 style=\"font-family:&#039;Open Sans&#039;;font-weight:700;color:#f5b829;margin-bottom:30px;\">Kontaktieren Sie uns<\/h2><\/div><div class=\"uvc-sub-heading ult-responsive\"  data-ultimate-target='.uvc-heading.ultimate-heading-24769d29a36bcead .uvc-sub-heading '  data-responsive-json-new='{\"font-size\":\"desktop:16px;\",\"line-height\":\"desktop:28px;\"}'  style=\"font-family:&#039;Open Sans&#039;;font-weight:normal;font-style:normal;margin-bottom:35px;\"><\/p>\n<p class=\"p1\">Sie haben Fragen zu einzelnen Touren, m\u00f6chten \u00c4nderungen besprechen oder pers\u00f6nliche Pr\u00e4ferenzen ber\u00fccksichtigt wissen?<br \/>\nSie m\u00f6chten ein individuelles Exklusivprogramm buchen beziehungsweise unsere Vorschl\u00e4ge dazu h\u00f6ren?<\/p>\n<p class=\"p1\">Wir freuen uns von Ihnen zu h\u00f6ren! Gerne auch telefonisch! <\/p>\n<p><\/div><\/div><div class=\"aio-icon-component  vc_custom_1754087315391  dt-phone style_1\"><div id=\"Info-box-wrap-4809\" class=\"aio-icon-box default-icon\" style=\"\"  ><div class=\"aio-icon-default\"><div class=\"ult-just-icon-wrapper  \"><div class=\"align-icon\" style=\"text-align:center;\">\n<div class=\"aio-icon none \"  style=\"color:#f5b829;font-size:20px;display:inline-block;\">\n\t<i class=\"icomoon-the7-font-the7-phone-051\"><\/i>\n<\/div><\/div><\/div><\/div><div class=\"aio-icon-header\" ><a class=\"aio-icon-box-link\" href=\"tel:+493026105715\" title=\"+49 30 26105715\" target=\"_blank\" rel=\"noopener\" ><h3 class=\"aio-icon-title ult-responsive\"  data-ultimate-target='#Info-box-wrap-4809 .aio-icon-title'  data-responsive-json-new='{\"font-size\":\"desktop:16px;\",\"line-height\":\"desktop:22px;\"}'  style=\"font-family:&#039;Open Sans&#039;;font-weight:normal;font-style:normal;\">+49 30 26105715<\/h3><\/a><\/div> <!-- header --><\/div> <!-- aio-icon-box --><\/div> <!-- aio-icon-component --><div class=\"aio-icon-component  vc_custom_1591272989959   style_1\"><div id=\"Info-box-wrap-6543\" class=\"aio-icon-box default-icon\" style=\"\"  ><div class=\"aio-icon-default\"><div class=\"ult-just-icon-wrapper  \"><div class=\"align-icon\" style=\"text-align:center;\">\n<div class=\"aio-icon none \"  style=\"color:#f5b829;font-size:20px;display:inline-block;\">\n\t<i class=\"icomoon-the7-font-the7-mail-03\"><\/i>\n<\/div><\/div><\/div><\/div><div class=\"aio-icon-header\" ><a class=\"aio-icon-box-link\" href=\"mailto:info@humboldttoursberlin.com\" target=\"_blank\" rel=\"noopener\" ><h3 class=\"aio-icon-title ult-responsive\"  data-ultimate-target='#Info-box-wrap-6543 .aio-icon-title'  data-responsive-json-new='{\"font-size\":\"desktop:16px;\",\"line-height\":\"desktop:22px;\"}'  style=\"font-family:&#039;Open Sans&#039;;font-weight:normal;font-style:normal;\">info@humboldttoursberlin.com<\/h3><\/a><\/div> <!-- header --><\/div> <!-- aio-icon-box --><\/div> <!-- aio-icon-component --><div class=\"aio-icon-component  vc_custom_1591363034852   style_1\"><div id=\"Info-box-wrap-5023\" class=\"aio-icon-box default-icon\" style=\"\"  ><div class=\"aio-icon-default\"><div class=\"ult-just-icon-wrapper  \"><div class=\"align-icon\" style=\"text-align:center;\">\n<div class=\"aio-icon none \"  style=\"color:#f5b829;font-size:20px;display:inline-block;\">\n\t<i class=\"icomoon-the7-font-the7-clock-03\"><\/i>\n<\/div><\/div><\/div><\/div><div class=\"aio-icon-header\" ><h3 class=\"aio-icon-title ult-responsive\"  data-ultimate-target='#Info-box-wrap-5023 .aio-icon-title'  data-responsive-json-new='{\"font-size\":\"desktop:16px;\",\"line-height\":\"desktop:22px;\"}'  style=\"font-family:&#039;Open Sans&#039;;font-weight:normal;font-style:normal;\">09.00 - 18.00 (Montag - Freitag)<\/h3><\/div> <!-- header --><\/div> <!-- aio-icon-box --><\/div> <!-- aio-icon-component -->[\/vc_column][vc_column css=&#8220;.vc_custom_1599908564219{padding-top: 50px !important;padding-right: 50px !important;padding-bottom: 30px !important;padding-left: 50px !important;background-image: url(https:\/\/humboldttoursberlin.com\/wp-content\/uploads\/2020\/06\/Screenshot-2020-06-04-at-4.04.01-PM.png?id=2513) !important;}&#8220; offset=&#8220;vc_col-lg-6 vc_col-md-6 vc_col-xs-12&#8243; el_id=&#8220;ptour&#8220;]\n<div class=\"wpcf7 no-js\" id=\"wpcf7-f2928-o1\" lang=\"de-DE\" dir=\"ltr\" data-wpcf7-id=\"2928\">\n<div class=\"screen-reader-response\"><p role=\"status\" aria-live=\"polite\" aria-atomic=\"true\"><\/p> <ul><\/ul><\/div>\n<form action=\"\/de\/wp-json\/wp\/v2\/pages\/1611#wpcf7-f2928-o1\" method=\"post\" class=\"wpcf7-form init\" aria-label=\"Kontaktformular\" novalidate=\"novalidate\" data-status=\"init\">\n<fieldset class=\"hidden-fields-container\"><input type=\"hidden\" name=\"_wpcf7\" value=\"2928\" \/><input type=\"hidden\" name=\"_wpcf7_version\" value=\"6.1.5\" \/><input type=\"hidden\" name=\"_wpcf7_locale\" value=\"de_DE\" \/><input type=\"hidden\" name=\"_wpcf7_unit_tag\" value=\"wpcf7-f2928-o1\" \/><input type=\"hidden\" name=\"_wpcf7_container_post\" value=\"0\" \/><input type=\"hidden\" name=\"_wpcf7_posted_data_hash\" value=\"\" \/><input type=\"hidden\" name=\"_wpcf7_recaptcha_response\" value=\"\" \/>\n<\/fieldset>\n<p><span class=\"contact-form-white-titles\">Name*<\/span><br \/>\n<span class=\"wpcf7-form-control-wrap\" data-name=\"your-name\"><input size=\"40\" maxlength=\"400\" class=\"wpcf7-form-control wpcf7-text wpcf7-validates-as-required required\" aria-required=\"true\" aria-invalid=\"false\" value=\"\" type=\"text\" name=\"your-name\" \/><\/span><br \/>\n<span class=\"contact-form-white-titles\">E-Mail*<\/span><br \/>\n<span class=\"wpcf7-form-control-wrap\" data-name=\"your-mail\"><input size=\"40\" maxlength=\"400\" class=\"wpcf7-form-control wpcf7-email wpcf7-validates-as-required wpcf7-text wpcf7-validates-as-email required\" aria-required=\"true\" aria-invalid=\"false\" value=\"\" type=\"email\" name=\"your-mail\" \/><\/span><br \/>\n<span class=\"contact-form-white-titles\">Telefonnummer (mit Vorwahl)<\/span><br \/>\n<span class=\"wpcf7-form-control-wrap\" data-name=\"your-phone\"><input size=\"40\" maxlength=\"400\" class=\"wpcf7-form-control wpcf7-tel wpcf7-text wpcf7-validates-as-tel required\" aria-invalid=\"false\" value=\"\" type=\"tel\" name=\"your-phone\" \/><\/span><br \/>\n<span class=\"contact-form-white-titles\">Zusatzinformationen*<\/span><br \/>\n<span class=\"wpcf7-form-control-wrap\" data-name=\"your-message\"><textarea cols=\"40\" rows=\"3\" maxlength=\"2000\" class=\"wpcf7-form-control wpcf7-textarea wpcf7-validates-as-required\" aria-required=\"true\" aria-invalid=\"false\" name=\"your-message\"><\/textarea><\/span>\n<\/p>\n<p><input class=\"wpcf7-form-control wpcf7-submit has-spinner\" type=\"submit\" value=\"SENDEN!\" \/>\n<\/p><div class=\"wpcf7-response-output\" aria-hidden=\"true\"><\/div>\n<\/form>\n<\/div>\n[\/vc_column][\/vc_row]<\/p>\n<\/div>","protected":false},"excerpt":{"rendered":"<p>[vc_row full_width=&#8220;stretch_row&#8220; bg_type=&#8220;image&#8220; parallax_style=&#8220;vcpb-default&#8220; bg_image_new=&#8220;id^8750|url^https:\/\/humboldttoursberlin.com\/wp-content\/uploads\/2025\/10\/Humboldt-Tours-Berlin-Contact-Us-Hero.jpg|caption^null|alt^null|title^Humboldt-Tours-Berlin-Contact-Us-Hero|description^null&#8220; bg_image_repeat=&#8220;no-repeat&#8220; enable_overlay=&#8220;enable_overlay_value&#8220; overlay_color=&#8220;#00000040&#8243; type=&#8220;vc_default&#8220; anchor=&#8220;expeditions&#8220; css=&#8220;.vc_custom_1760305042146{padding-top: 100px !important;padding-bottom: 100px !important;}&#8220; el_class=&#8220;homepage-hero-row&#8220; row_title=&#8220;Hero&#8220;][vc_column][\/vc_column][\/vc_row][vc_row full_width=&#8220;stretch_row_content&#8220; equal_height=&#8220;yes&#8220; content_placement=&#8220;top&#8220; el_id=&#8220;form&#8220;][vc_column css=&#8220;.vc_custom_1591273423164{padding-top: 50px !important;padding-right: 50px !important;padding-bottom: 30px !important;padding-left: 50px !important;background-color: #ffffff !important;}&#8220; offset=&#8220;vc_col-lg-6 vc_col-md-6 vc_col-xs-12&#8243;][\/vc_column][vc_column css=&#8220;.vc_custom_1599908564219{padding-top: 50px !important;padding-right: 50px !important;padding-bottom: 30px !important;padding-left: 50px !important;background-image: url(https:\/\/humboldttoursberlin.com\/wp-content\/uploads\/2020\/06\/Screenshot-2020-06-04-at-4.04.01-PM.png?id=2513) !important;}&#8220; offset=&#8220;vc_col-lg-6 vc_col-md-6 vc_col-xs-12&#8243; el_id=&#8220;ptour&#8220;][\/vc_column][\/vc_row]<\/p>\n","protected":false},"author":1,"featured_media":0,"parent":0,"menu_order":10,"comment_status":"closed","ping_status":"open","template":"template-microsite.php","meta":{"footnotes":""},"class_list":["post-1611","page","type-page","status-publish","hentry","description-off"],"aioseo_notices":[],"_links":{"self":[{"href":"https:\/\/humboldttoursberlin.com\/de\/wp-json\/wp\/v2\/pages\/1611","targetHints":{"allow":["GET"]}}],"collection":[{"href":"https:\/\/humboldttoursberlin.com\/de\/wp-json\/wp\/v2\/pages"}],"about":[{"href":"https:\/\/humboldttoursberlin.com\/de\/wp-json\/wp\/v2\/types\/page"}],"author":[{"embeddable":true,"href":"https:\/\/humboldttoursberlin.com\/de\/wp-json\/wp\/v2\/users\/1"}],"replies":[{"embeddable":true,"href":"https:\/\/humboldttoursberlin.com\/de\/wp-json\/wp\/v2\/comments?post=1611"}],"version-history":[{"count":11,"href":"https:\/\/humboldttoursberlin.com\/de\/wp-json\/wp\/v2\/pages\/1611\/revisions"}],"predecessor-version":[{"id":9205,"href":"https:\/\/humboldttoursberlin.com\/de\/wp-json\/wp\/v2\/pages\/1611\/revisions\/9205"}],"wp:attachment":[{"href":"https:\/\/humboldttoursberlin.com\/de\/wp-json\/wp\/v2\/media?parent=1611"}],"curies":[{"name":"wp","href":"https:\/\/api.w.org\/{rel}","templated":true}]}}