{"id":1885,"date":"2020-05-14T12:15:45","date_gmt":"2020-05-14T12:15:45","guid":{"rendered":"http:\/\/htb.ui10.com\/?page_id=1885"},"modified":"2025-09-27T14:29:08","modified_gmt":"2025-09-27T14:29:08","slug":"agb","status":"publish","type":"page","link":"https:\/\/humboldttoursberlin.com\/de\/agb\/","title":{"rendered":"AGB"},"content":{"rendered":"<div class=\"wpb-content-wrapper\"><p>[vc_row equal_height=&#8220;yes&#8220; type=&#8220;vc_default&#8220; margin_top=&#8220;-50&#8243; anchor=&#8220;about&#8220; css=&#8220;.vc_custom_1585911523804{padding-top: 90px !important;padding-bottom: 90px !important;}&#8220;][vc_column width=&#8220;1\/2&#8243; offset=&#8220;vc_col-lg-offset-0 vc_col-lg-7 vc_col-md-offset-0 vc_col-md-8&#8243;]<div id=\"ultimate-heading-467569e7b3c16436f\" class=\"uvc-heading ult-adjust-bottom-margin ultimate-heading-467569e7b3c16436f uvc-6869 \" data-hspacer=\"no_spacer\"  data-halign=\"left\" style=\"text-align:left\"><div class=\"uvc-heading-spacer no_spacer\" style=\"top\"><\/div><div class=\"uvc-main-heading ult-responsive\"  data-ultimate-target='.uvc-heading.ultimate-heading-467569e7b3c16436f h1'  data-responsive-json-new='{\"font-size\":\"desktop:26px;\",\"line-height\":\"desktop:40px;\"}' ><h1 style=\"font-family:&#039;Open Sans&#039;;font-weight:700;color:#f5b829;margin-bottom:30px;\">AGB<\/h1><\/div><div class=\"uvc-sub-heading ult-responsive\"  data-ultimate-target='.uvc-heading.ultimate-heading-467569e7b3c16436f .uvc-sub-heading '  data-responsive-json-new='{\"font-size\":\"desktop:16px;\",\"line-height\":\"desktop:28px;\"}'  style=\"font-family:&#039;Open Sans&#039;;font-weight:normal;font-style:normal;margin-bottom:35px;\"><\/p>\n<p class=\"p1\"><strong>Inhalte der Stadtf\u00fchrung<\/strong><\/p>\n<p class=\"p1\">Die wesentlichen Details unserer Stadtf\u00fchrungen k\u00f6nnen Sie den Texten auf dieser Website entnehmen, die durch HTB erstellt wurde. F\u00fcr alle Stadtf\u00fchrungen beh\u00e4lt sich HTB das Recht vor, die Route und den Fahrplan der Stadtf\u00fchrung zu ver\u00e4ndern, falls die Stadtf\u00fchrung durch externe Einfl\u00fcsse unterbrochen wird, welche HTB nicht zu verantworten hat. Beispielhaft seien hier St\u00f6rungen im \u00f6ffentlichen Verkehrsnetz oder Stra\u00dfenarbeiten genannt. In jedem Fall liegt es in der Verantwortung der G\u00e4ste Ihren pers\u00f6nlichen Reiseplan einzuhalten, um z.B. Ihr Schiff, Flugzeug etc. p\u00fcnktlich zu erreichen.<\/p>\n<p class=\"p1\"><strong>Bezahlung<\/strong><\/p>\n<p class=\"p1\">Die Preise der HTB Stadtf\u00fchrungen beinhalten Leistungen wie Kommunikation, Ausarbeitung, Planung und Durchf\u00fchrung von Stadtf\u00fchrungen. Falls zur Durchf\u00fchrung ein externer Anbieter (z.B. Transportunternehmen) hinzugezogen wird, gelten seine Preise und Gesch\u00e4ftsbedingungen. Der Preis der Stadtf\u00fchrung ist ab dem Zeitpunkt der Vereinbarung bindend. Alle HTB Preise sind inklusive Mehrwertsteuer. HTB h\u00e4lt sich das Recht vor, die Preise zu jeder Zeit anzupassen, sofern der Preis noch nicht vereinbart ist. Als W\u00e4hrung werden ausnahmslos Euro akzeptiert. Sollte ein Kunde in einer anderen W\u00e4hrung bezahlen wollen, muss er HTB vorab dar\u00fcber informieren und HTB muss hier jedem Einzelfall zustimmen. F\u00fcr den Umtausch in Euro wird der Wechselkurs am Tag der Stadtf\u00fchrung herangezogen, die Kosten f\u00fcr den Umtausch tr\u00e4gt der Kunde. Akzeptierte Zahlungsmittel sind Barzahlung, Bank\u00fcberweisung, Western Union und paypal. Die Verwaltungskosten werden vom Kunden getragen. Der Preis der Stadtf\u00fchrung muss sp\u00e4testens am Beginn der Stadtf\u00fchrung bezahlt werden oder zum gew\u00fcnschten Termin bei einer von HTB angeforderten Anzahlung. Normalerweise fordert HTB 50% der Kosten als Anzahlung. Alle Mehrkosten wie Eintrittspreise, Mittagessen, Abendessen, Transportkosten etc. m\u00fcssen gesondert durch den Kunden gezahlt werden, wann immer sie w\u00e4hrend der Stadtf\u00fchrung anfallen.<\/p>\n<p class=\"p1\"><strong>Konditionen bei Stornierung und Neuterminierung<\/strong><\/p>\n<p class=\"p1\">Bitte haben Sie Verst\u00e4ndnis daf\u00fcr, dass im Falle einer Stornierung oder Neuterminierung der Stadtf\u00fchrung durch den Kunden, die bis dahin entstandenen Unkosten in Rechnung gestellt werden. (alle Ver\u00e4nderungen der Kundenw\u00fcnsche m\u00fcssen schriftlich an HTB gerichtet werden):<\/p>\n<p class=\"p1\"><span class=\"s1\">\u2022\u00a0<\/span>Mehr als 14 Tage vor dem geplanten Beginn der Stadtf\u00fchrung: keine Stornierungsgeb\u00fchren werden berechnet, ausgenommen sind Geb\u00fchren f\u00fcr paypal, Transaktionskosten der Bank und andere feststehenden Kosten.<\/p>\n<p class=\"p1\"><span class=\"s1\">\u2022\u00a0<\/span>Weniger als 14 Tage vor dem geplanten Beginn der Stadtf\u00fchrung: 100% des Preises der Stadtf\u00fchrung.<\/p>\n<p class=\"p1\"><span class=\"s1\">\u2022\u00a0<\/span>Bei speziellen Events &amp; individuell geplanten Touren werden an den Einzelfall angepasste AGB\u2019s vereinbart.<\/p>\n<p class=\"p1\">Wenn der Kunde seine Stadtf\u00fchrung neu terminieren m\u00f6chte, unternimmt HTB alles, um dies frei von Kosten zu realisieren. Im Fall, dass die vom Kunden gew\u00fcnschte Neuterminierung nicht realisiert werden kann, gelten die oben beschriebenen HTB Konditionen f\u00fcr Stornierung. Im Falle der realisierbaren Neuterminierung am gleichen Tag der urspr\u00fcnglichen Planung ist der vereinbarte Preis voll zu bezahlen, auch wenn nur ein Teil der Stadtf\u00fchrung w\u00e4hrend der vereinbarten Zeit durchgef\u00fchrt werden kann. Wenn dagegen der Stadtf\u00fchrer mehr Zeit ben\u00f6tigt, werden diese mit dem vereinbarten Stundenpreis berechnet. Der Stadtf\u00fchrer wartet 30 Minuten am Treffpunkt auf seine Kunden, sollte der Kunde sich in dieser Zeit nicht melden, verl\u00e4sst der Stadtf\u00fchrer den Treffpunkt und der Kunde muss den vereinbarten Preis zu 100% tragen.<\/p>\n<p class=\"p1\">Hinsichtlich der HTB Service-Partner (bspw. Transport) beachten Sie deren Gesch\u00e4ftsbedingungen. Sollten unvorhersehbare Ereignisse am Tag der vereinbarten F\u00fchrung eine Durchf\u00fchrung der Stadtf\u00fchrung unm\u00f6glich machen oder erschweren, wird Humboldt Tours Berlin den Kunden so fr\u00fch wie m\u00f6glich dar\u00fcber informieren und alle realisierbaren Alternativen pr\u00fcfen und gegebenenfalls anbieten. Unverhergesehene Ereignisse liegen ebenso vor, wenn Service-Partner (bspw. Transportunternehmen) die Stadtf\u00fchrung verschieben oder nicht erscheinen. Humboldt Tours Berlin kann die Stadtf\u00fchrung annulieren, falls keine vertretbare Alternative gefunden werden kann. Wenn HTB die Stadtf\u00fchrung annuliert, werden Ihnen alle finanziellen Vorleistungen erstattet; wenn der Kunde storniert, wird HTB 15 % einer normalen Stadtf\u00fchrung berechnen, 30 % f\u00fcr eine Individual-Reise. F\u00fcr die Service-Partner verweisen wir auf deren Gesch\u00e4ftsbedingungen.<\/p>\n<p class=\"p1\"><strong>Haftpflicht<\/strong><\/p>\n<p class=\"p1\">Humboldt Tours Berlin bietet Stadtf\u00fchrer, die Recherche, Vorbereitung und Durchf\u00fchrung von Stadtf\u00fchrungen an. Die normale Stadtf\u00fchrung von HTB ist zu Fu\u00df. Sollte der Wunsch bestehen, kann HTB Ihnen Autos, Vans oder Busse vermitteln und im Einzelfall Restaurants oder Veranstaltungskarten f\u00fcr Sie reservieren. HTB k\u00fcmmert sich um die Kontaktierung der unabh\u00e4ngigen Service-Partner. Bitte beachten Sie, dass diese Anbieter ihre eigenen Gesch\u00e4ftsbedingungen haben, sie ihre Leistungen eigenverantwortlich anbieten und eigene Rechnungen stellen. Um Ihren Aufwand zu minimieren, sammeln wir im Einzelfall auf Ihren Wunsch den Rechnungsbetrag von Ihnen ein und geben ihn direkt an externe Anbieter weiter.; rechtsg\u00fcltig besteht aber ein direkter Vertrag zwischen Ihnen und den Anbietern (z.B. Restaurant-Reservierung). Humboldt Tours Berlin ist kein Reiseb\u00fcro; HTB ist somit nicht verantwortlich f\u00fcr die Leistung externer Anbieter. Allerdings steht unser guter Name f\u00fcr Qualit\u00e4t, der sich auch in der Auswahl externer Anbieter niederschl\u00e4gt. Wir bereiten alles vor, um Ihnen einen beschwerdefreien Aufenthalt zu erm\u00f6glichen.<\/p>\n<p class=\"p1\"><strong>Datenschutz<\/strong><\/p>\n<p class=\"p1\">Datenschutz ist uns sehr wichtig. Bitte lesen Sie unsere Datenschutzrichtlinien.<\/p>\n<p class=\"p1\"><strong>Gerichtsstand<\/strong><\/p>\n<p class=\"p1\">Deutsches Recht wird angewendet. M\u00f6gliche anfallende Streitigkeiten werden vor einem ordentlichen deutschen Gericht verhandelt.<\/p>\n<p class=\"p1\"><strong>Salvatorische Klausel<\/strong><\/p>\n<p class=\"p1\">Wenn einige der obigen Konditionen nicht dem geltendem deutschen Recht entsprechen, hat dies keinen Einfluss auf die anderen Bestimmungen.<\/p>\n<p><\/div><\/div>[\/vc_column][\/vc_row]<\/p>\n<\/div>","protected":false},"excerpt":{"rendered":"<p>[vc_row equal_height=&#8220;yes&#8220; type=&#8220;vc_default&#8220; margin_top=&#8220;-50&#8243; anchor=&#8220;about&#8220; css=&#8220;.vc_custom_1585911523804{padding-top: 90px !important;padding-bottom: 90px !important;}&#8220;][vc_column width=&#8220;1\/2&#8243; offset=&#8220;vc_col-lg-offset-0 vc_col-lg-7 vc_col-md-offset-0 vc_col-md-8&#8243;][\/vc_column][\/vc_row]<\/p>\n","protected":false},"author":1,"featured_media":0,"parent":0,"menu_order":10,"comment_status":"closed","ping_status":"open","template":"template-microsite.php","meta":{"footnotes":""},"class_list":["post-1885","page","type-page","status-publish","hentry","description-off"],"aioseo_notices":[],"_links":{"self":[{"href":"https:\/\/humboldttoursberlin.com\/de\/wp-json\/wp\/v2\/pages\/1885","targetHints":{"allow":["GET"]}}],"collection":[{"href":"https:\/\/humboldttoursberlin.com\/de\/wp-json\/wp\/v2\/pages"}],"about":[{"href":"https:\/\/humboldttoursberlin.com\/de\/wp-json\/wp\/v2\/types\/page"}],"author":[{"embeddable":true,"href":"https:\/\/humboldttoursberlin.com\/de\/wp-json\/wp\/v2\/users\/1"}],"replies":[{"embeddable":true,"href":"https:\/\/humboldttoursberlin.com\/de\/wp-json\/wp\/v2\/comments?post=1885"}],"version-history":[{"count":1,"href":"https:\/\/humboldttoursberlin.com\/de\/wp-json\/wp\/v2\/pages\/1885\/revisions"}],"predecessor-version":[{"id":8288,"href":"https:\/\/humboldttoursberlin.com\/de\/wp-json\/wp\/v2\/pages\/1885\/revisions\/8288"}],"wp:attachment":[{"href":"https:\/\/humboldttoursberlin.com\/de\/wp-json\/wp\/v2\/media?parent=1885"}],"curies":[{"name":"wp","href":"https:\/\/api.w.org\/{rel}","templated":true}]}}