{"id":1887,"date":"2020-05-14T12:16:51","date_gmt":"2020-05-14T12:16:51","guid":{"rendered":"http:\/\/htb.ui10.com\/?page_id=1887"},"modified":"2025-09-27T14:29:09","modified_gmt":"2025-09-27T14:29:09","slug":"disclaimer","status":"publish","type":"page","link":"https:\/\/humboldttoursberlin.com\/de\/disclaimer\/","title":{"rendered":"Disclaimer"},"content":{"rendered":"<div class=\"wpb-content-wrapper\"><p>[vc_row equal_height=&#8220;yes&#8220; type=&#8220;vc_default&#8220; margin_top=&#8220;-50&#8243; anchor=&#8220;about&#8220; css=&#8220;.vc_custom_1585911523804{padding-top: 90px !important;padding-bottom: 90px !important;}&#8220;][vc_column width=&#8220;1\/2&#8243; offset=&#8220;vc_col-lg-offset-0 vc_col-lg-7 vc_col-md-offset-0 vc_col-md-8&#8243;]<div id=\"ultimate-heading-896369e8ef59a5368\" class=\"uvc-heading ult-adjust-bottom-margin ultimate-heading-896369e8ef59a5368 uvc-6319 \" data-hspacer=\"no_spacer\"  data-halign=\"left\" style=\"text-align:left\"><div class=\"uvc-heading-spacer no_spacer\" style=\"top\"><\/div><div class=\"uvc-main-heading ult-responsive\"  data-ultimate-target='.uvc-heading.ultimate-heading-896369e8ef59a5368 h1'  data-responsive-json-new='{\"font-size\":\"desktop:26px;\",\"line-height\":\"desktop:40px;\"}' ><h1 style=\"font-family:&#039;Open Sans&#039;;font-weight:700;color:#f5b829;margin-bottom:30px;\">Disclaimer<\/h1><\/div><div class=\"uvc-sub-heading ult-responsive\"  data-ultimate-target='.uvc-heading.ultimate-heading-896369e8ef59a5368 .uvc-sub-heading '  data-responsive-json-new='{\"font-size\":\"desktop:16px;\",\"line-height\":\"desktop:28px;\"}'  style=\"font-family:&#039;Open Sans&#039;;font-weight:normal;font-style:normal;margin-bottom:35px;\"><strong>0. Details zu Links, Bannern und anderen Websites<\/strong><\/p>\n<p>Im Urteil des Landgerichtes Hamburg, vom 12.Mai 1998, wurde entschieden, dass wer einen Link auf seiner Homepage installiert, unter Umst\u00e4nden auch den Inhalt der verlinkten Seite zu verantworten hat. Dies kann alleine durch ausdr\u00fcckliche Distanzierung ausgeschlossen werden. Auf Unserer Website finden Sie Links zu anderen Internet-Seiten. F\u00fcr all diese Seiten stellen wir ausdr\u00fccklich fest, dass wir keinen Einfluss auf Inhalt und Form haben. Demzufolge bedeuten diese Links zu anderen Websites keinesfalls, dass HTB diese billigt oder in einer Partnerschaft mit ihnen steht. Diese Websites unterliegen ihren eigenen Nutzungsbestimmungen und Regelungen zum Schutz der Privatsph\u00e4re. Die Nutzer bedienen sich ihrer auf eigene Haftung. Dies gilt f\u00fcr alle Links auf dieser Website.<\/p>\n<p><strong>1. Haftungsausschluss<\/strong><\/p>\n<p>HTB aktualisiert die Informationen seiner Internetseiten so regelm\u00e4\u00dfig wie m\u00f6glich. Dennoch k\u00f6nnen sich bestimmte Angaben seit ihrer Ver\u00f6ffentlichung ge\u00e4ndert haben. Folglich kann HTB nicht gew\u00e4hrleisten, dass die auf der Website verbreiteten Informationen aktuell, exakt und vollst\u00e4ndig sind. Daher raten wir Ihnen, die auf der Website dargestellten Informationen vor jeder Nutzung zu \u00fcberpr\u00fcfen. Ebenso beh\u00e4lt sich HTB das Recht vor, jederzeit und ohne entsprechende Mitteilung Ver\u00e4nderungen oder Erg\u00e4nzungen an seinen Internetseiten vorzunehmen. Im \u00dcbrigen empfehlen wir Ihnen, die Website regelm\u00e4\u00dfig zu besuchen. S\u00e4mtliche \u00fcber diese Website zug\u00e4nglichen Informationen werden in ihrem jeweils aktuellen Zustand dargestellt. Die Firma HTB gibt keine Gew\u00e4hr \u2013 weder ausdr\u00fccklich noch stillschweigend \u2013 und \u00fcbernimmt keine Haftung f\u00fcr Sch\u00e4den, die infolge des Zugriffs auf die Website oder durch Nutzung derselben entstehen. Dazu geh\u00f6ren Besch\u00e4digungen oder Viren, die den Computer oder anderes Material des Nutzers beeintr\u00e4chtigen. Die Nutzer dieser Website erkl\u00e4ren folglich, dass sie sich der Website auf eigene Haftung bedienen.<\/p>\n<p><strong>2. Copyright<\/strong><\/p>\n<p>Humboldt Tours Berlin. Alle Rechte vorbehalten. Konzeptualisierung, Inhalt und Design der Websites sind Gegenstand des weltweiten Copyrights. Nicht autorisierter Nutzung, Reproduktion oder Verbreitung individueller Inhalte oder ganzer Seiten werden strafrechtlich verfolgt.<\/p>\n<p><strong>3. Datenschutz<\/strong><\/p>\n<p>Bitte lesen Sie unsere Datenschutzerkl\u00e4rung. Wir nehmen Datenschutz sehr ernst. Sollten Bestimmungen der vorherigen Informationen im Gegensatz zu unserer Datenschutzerkl\u00e4rung stehen, gilt im Zweifelsfall unsere Datenschutzerkl\u00e4rung.<\/p>\n<p>\u00a9 Humboldt Tours Berlin GmbH<\/div><\/div>[\/vc_column][\/vc_row]<\/p>\n<\/div>","protected":false},"excerpt":{"rendered":"<p>[vc_row equal_height=&#8220;yes&#8220; type=&#8220;vc_default&#8220; margin_top=&#8220;-50&#8243; anchor=&#8220;about&#8220; css=&#8220;.vc_custom_1585911523804{padding-top: 90px !important;padding-bottom: 90px !important;}&#8220;][vc_column width=&#8220;1\/2&#8243; offset=&#8220;vc_col-lg-offset-0 vc_col-lg-7 vc_col-md-offset-0 vc_col-md-8&#8243;][\/vc_column][\/vc_row]<\/p>\n","protected":false},"author":1,"featured_media":0,"parent":0,"menu_order":10,"comment_status":"closed","ping_status":"open","template":"template-microsite.php","meta":{"footnotes":""},"class_list":["post-1887","page","type-page","status-publish","hentry","description-off"],"aioseo_notices":[],"_links":{"self":[{"href":"https:\/\/humboldttoursberlin.com\/de\/wp-json\/wp\/v2\/pages\/1887","targetHints":{"allow":["GET"]}}],"collection":[{"href":"https:\/\/humboldttoursberlin.com\/de\/wp-json\/wp\/v2\/pages"}],"about":[{"href":"https:\/\/humboldttoursberlin.com\/de\/wp-json\/wp\/v2\/types\/page"}],"author":[{"embeddable":true,"href":"https:\/\/humboldttoursberlin.com\/de\/wp-json\/wp\/v2\/users\/1"}],"replies":[{"embeddable":true,"href":"https:\/\/humboldttoursberlin.com\/de\/wp-json\/wp\/v2\/comments?post=1887"}],"version-history":[{"count":1,"href":"https:\/\/humboldttoursberlin.com\/de\/wp-json\/wp\/v2\/pages\/1887\/revisions"}],"predecessor-version":[{"id":8285,"href":"https:\/\/humboldttoursberlin.com\/de\/wp-json\/wp\/v2\/pages\/1887\/revisions\/8285"}],"wp:attachment":[{"href":"https:\/\/humboldttoursberlin.com\/de\/wp-json\/wp\/v2\/media?parent=1887"}],"curies":[{"name":"wp","href":"https:\/\/api.w.org\/{rel}","templated":true}]}}