{"id":4667,"date":"2021-04-19T10:07:08","date_gmt":"2021-04-19T10:07:08","guid":{"rendered":"https:\/\/humboldttoursberlin.com\/?page_id=4667"},"modified":"2025-09-27T14:27:43","modified_gmt":"2025-09-27T14:27:43","slug":"kreieren-sie-ihre-eigene-tour","status":"publish","type":"page","link":"https:\/\/humboldttoursberlin.com\/de\/kreieren-sie-ihre-eigene-tour\/","title":{"rendered":"Kreieren Sie Ihre eigene Tour"},"content":{"rendered":"<div class=\"wpb-content-wrapper\"><p>[vc_row full_height=&#8220;yes&#8220; bg_type=&#8220;image&#8220; parallax_style=&#8220;vcpb-default&#8220; bg_image_new=&#8220;id^4662|url^https:\/\/humboldttoursberlin.com\/wp-content\/uploads\/2021\/04\/hand-93168_by-Uwe-Baumann-from-Pixabay_2-scaled.jpg|caption^null|alt^null|title^hand-93168_by Uwe Baumann from Pixabay_2|description^null&#8220; bg_image_repeat=&#8220;no-repeat&#8220; bg_img_attach=&#8220;fixed&#8220; bg_override=&#8220;ex-full&#8220; enable_overlay=&#8220;enable_overlay_value&#8220; overlay_color=&#8220;rgba(0,0,0,0.17)&#8220; type=&#8220;vc_default&#8220; anchor=&#8220;expeditions&#8220; css=&#8220;.vc_custom_1618826816769{padding-top: 110px !important;padding-bottom: 110px !important;}&#8220;][vc_column offset=&#8220;vc_col-lg-offset-2 vc_col-lg-8 vc_col-md-offset-1 vc_col-md-10 vc_col-sm-offset-0&#8243; css=&#8220;.vc_custom_1492581739671{padding-bottom: 70px !important;}&#8220;]<div id=\"ultimate-heading-701169e17ff61125e\" class=\"uvc-heading ult-adjust-bottom-margin ultimate-heading-701169e17ff61125e uvc-9740 \" data-hspacer=\"no_spacer\"  data-halign=\"center\" style=\"text-align:center\"><div class=\"uvc-heading-spacer no_spacer\" style=\"top\"><\/div><div class=\"uvc-main-heading ult-responsive\"  data-ultimate-target='.uvc-heading.ultimate-heading-701169e17ff61125e h1'  data-responsive-json-new='{\"font-size\":\"desktop:50px;tablet_portrait:40px;\",\"line-height\":\"desktop:60px;tablet_portrait:50px;\"}' ><h1 style=\"font-family:&#039;Open Sans&#039;;font-weight:bold;color:#ffffff;margin-bottom:30px;\">Kreieren Sie Ihre eigene Tour<\/h1><\/div><\/div>[\/vc_column][\/vc_row][vc_row gap=&#8220;20&#8243; css=&#8220;.vc_custom_1588861756371{padding-top: 100px !important;padding-bottom: 50px !important;}&#8220;][vc_column width=&#8220;2\/3&#8243;]<div id=\"ultimate-heading-919369e17ff611330\" class=\"uvc-heading ult-adjust-bottom-margin ultimate-heading-919369e17ff611330 uvc-9637 \" data-hspacer=\"no_spacer\"  data-halign=\"left\" style=\"text-align:left\"><div class=\"uvc-heading-spacer no_spacer\" style=\"top\"><\/div><div class=\"uvc-main-heading ult-responsive\"  data-ultimate-target='.uvc-heading.ultimate-heading-919369e17ff611330 h2'  data-responsive-json-new='{\"font-size\":\"desktop:36px;\",\"line-height\":\"desktop:46px;\"}' ><h2 style=\"font-weight:bold;color:#f5b829;margin-bottom:25px;\">Kreieren Sie Ihre eigene Tour<\/h2><\/div><\/div>[vc_column_text]<\/p>\n<p class=\"p1\">Sie begeistern sich f\u00fcr ein bestimmtes Thema, z.B. deutsche Brotbackkultur, ber\u00fchmte Berlinerinnen der letzten 100 Jahre oder deutsche Komponisten und ihre Spuren in der Musikgeschichte?<br \/>\nKein Problem!<\/p>\n<p>&nbsp;<\/p>\n<p class=\"p1\"><a href=\"https:\/\/humboldttoursberlin.com\/de\/kreieren-sie-ihre-eigene-tour\/national-anthem-2462345_by-instagramfotografin-from-pixabay_2\/\" rel=\"attachment wp-att-4676\"><img loading=\"lazy\" decoding=\"async\" class=\"aligncenter wp-image-4676\" src=\"https:\/\/humboldttoursberlin.com\/wp-content\/uploads\/2021\/04\/national-anthem-2462345_by-InstagramFOTOGRAFIN-from-Pixabay_2-1-300x157.jpg\" alt=\"\" width=\"600\" height=\"314\" srcset=\"https:\/\/humboldttoursberlin.com\/wp-content\/uploads\/2021\/04\/national-anthem-2462345_by-InstagramFOTOGRAFIN-from-Pixabay_2-1-300x157.jpg 300w, https:\/\/humboldttoursberlin.com\/wp-content\/uploads\/2021\/04\/national-anthem-2462345_by-InstagramFOTOGRAFIN-from-Pixabay_2-1-1024x536.jpg 1024w, https:\/\/humboldttoursberlin.com\/wp-content\/uploads\/2021\/04\/national-anthem-2462345_by-InstagramFOTOGRAFIN-from-Pixabay_2-1-768x402.jpg 768w, https:\/\/humboldttoursberlin.com\/wp-content\/uploads\/2021\/04\/national-anthem-2462345_by-InstagramFOTOGRAFIN-from-Pixabay_2-1.jpg 1496w\" sizes=\"auto, (max-width: 600px) 100vw, 600px\" \/><\/a><br \/>\nWir erstellen f\u00fcr Sie Ihre ganz spezielle F\u00fchrung. Schreiben Sie uns einfach und lassen Sie uns wissen, was Sie gerne lernen m\u00f6chten. Wir finden dann f\u00fcr Sie den perfekten Experten mit tollen Einblicken und interessanten Geschichten und Fakten!<\/p>\n<p class=\"p1\"><strong>Verbindungsprozess<\/strong><\/p>\n<p class=\"p1\">1 Tag vor Ihrer Tour erhalten Sie einen Link, um sichf\u00fcr das Gespr\u00e4ch mit Ihrem Experten einzuloggen sowie weitere wichtige Information.<\/p>\n<p>[\/vc_column_text][vc_empty_space]<div id=\"ultimate-heading-688469e17ff611392\" class=\"uvc-heading ult-adjust-bottom-margin ultimate-heading-688469e17ff611392 uvc-19  uvc-heading-default-font-sizes\" data-hspacer=\"no_spacer\"  data-halign=\"center\" style=\"text-align:center\"><div class=\"uvc-heading-spacer no_spacer\" style=\"top\"><\/div><div class=\"uvc-sub-heading ult-responsive\"  data-ultimate-target='.uvc-heading.ultimate-heading-688469e17ff611392 .uvc-sub-heading '  data-responsive-json-new='{\"font-size\":\"desktop:24px;\",\"line-height\":\"\"}'  style=\"font-weight:bold;\"><\/p>\n<p style=\"text-align: center;\">Unser Team | <span style=\"color: #f5b829;\">Der\/Die Experte*in f\u00fcr Ihre Tour<\/span><\/p>\n<p><\/div><\/div>[vc_empty_space][vc_row_inner css=&#8220;.vc_custom_1617060898160{padding-left: 20px !important;}&#8220;][vc_column_inner width=&#8220;1\/3&#8243;]<style type=\"text\/css\" data-type=\"the7_shortcodes-inline-css\">.shortcode-single-image-wrap.shortcode-single-image-9a509a2e8e4b3d1df6c8d030ba2e2706.enable-bg-rollover .rollover i,\n.shortcode-single-image-wrap.shortcode-single-image-9a509a2e8e4b3d1df6c8d030ba2e2706.enable-bg-rollover .rollover-video i {\n  background: -webkit-linear-gradient();\n  background: linear-gradient();\n}\n.shortcode-single-image-wrap.shortcode-single-image-9a509a2e8e4b3d1df6c8d030ba2e2706 .rollover-icon {\n  font-size: 32px;\n  color: #ffffff;\n  min-width: 44px;\n  min-height: 44px;\n  line-height: 44px;\n  border-radius: 100px;\n  border-style: solid;\n  border-width: 0px;\n}\n.dt-icon-bg-on.shortcode-single-image-wrap.shortcode-single-image-9a509a2e8e4b3d1df6c8d030ba2e2706 .rollover-icon {\n  background: rgba(255,255,255,0.3);\n  box-shadow: none;\n}<\/style><div class=\"shortcode-single-image-wrap shortcode-single-image-9a509a2e8e4b3d1df6c8d030ba2e2706 alignnone  enable-bg-rollover dt-icon-bg-off scale-img\" style=\"margin-top:0px; margin-bottom:0px; margin-left:0px; margin-right:0px; width:250px;\"><div class=\"shortcode-single-image\"><div class=\"fancy-media-wrap  layzr-bg\" style=\"\"><img decoding=\"async\" class=\"preload-me lazy-load aspect\" src=\"data:image\/svg+xml,%3Csvg%20xmlns%3D&#39;http%3A%2F%2Fwww.w3.org%2F2000%2Fsvg&#39;%20viewBox%3D&#39;0%200%20250%20166&#39;%2F%3E\" data-src=\"https:\/\/humboldttoursberlin.com\/wp-content\/uploads\/2020\/07\/Gruppenbild_HTB_Berlin-250x166.jpg\" data-srcset=\"https:\/\/humboldttoursberlin.com\/wp-content\/uploads\/2020\/07\/Gruppenbild_HTB_Berlin-250x166.jpg 250w, https:\/\/humboldttoursberlin.com\/wp-content\/uploads\/2020\/07\/Gruppenbild_HTB_Berlin-500x332.jpg 500w\" loading=\"eager\" sizes=\"(max-width: 250px) 100vw, 250px\" width=\"250\" height=\"166\"  data-dt-location=\"https:\/\/humboldttoursberlin.com\/de\/ueber-uns\/gruppenbild_htb_berlin\/\" style=\"--ratio: 250 \/ 166;\" alt=\"\" \/><\/div><\/div><\/div>[vc_empty_space height=&#8220;30px&#8220;][\/vc_column_inner][vc_column_inner width=&#8220;2\/3&#8243;][vc_column_text]<\/p>\n<h6><span style=\"color: #555555;\"><strong>Background<\/strong><\/span><\/h6>\n<h6><span style=\"color: #555555;\">Der Erfolg unserer Private Online \u201eStorytelling &amp; Experiences\u201c ist direkt mit unseren Experten-Guides verbunden. Ihr fundiertes Wissen l\u00e4sst das Thema und die Geschichten wirklich lebendig werden &#8211; eine solche Leidenschaft kann ansteckend und inspirierend sein!<\/span><\/h6>\n<h6><span style=\"color: #555555;\"><strong>Sprache(n):<\/strong> Englisch, Deutsch, Spanisch uvm.<br \/>\n<\/span><\/h6>\n<h6><\/h6>\n<p>[\/vc_column_text][\/vc_column_inner][\/vc_row_inner][vc_empty_space][vc_column_text css=&#8220;.vc_custom_1618011795169{border-top-width: 4px !important;border-bottom-width: 4px !important;padding-top: 10px !important;padding-right: 10px !important;padding-bottom: 10px !important;padding-left: 20px !important;border-top-color: #e7e7e7 !important;border-top-style: dotted !important;border-bottom-color: #e7e7e7 !important;border-bottom-style: dotted !important;}&#8220;]<\/p>\n<h6 class=\"p1\"><span style=\"color: #f5b829;\"><em>Haben Fragen zu dem Angebot? Kontaktieren Sie uns ohne Umwege \u00fcber das unten stehende Formular.<\/em><\/span><\/h6>\n<p>[\/vc_column_text][vc_empty_space][\/vc_column][vc_column width=&#8220;1\/3&#8243;][vc_single_image image=&#8220;4529&#8243; img_size=&#8220;full&#8220;]<div class=\"ult-content-box-container \" >\t\t<div class=\"ult-content-box\" style=\"background-color:#e5e5e5;box-shadow: px px px px none;padding:40px;-webkit-transition: all 700ms ease;-moz-transition: all 700ms ease;-ms-transition: all 700ms ease;-o-transition: all 700ms ease;transition: all 700ms ease;\"  data-hover_box_shadow=\"none\"     data-bg=\"#e5e5e5\" ><div id=\"ultimate-heading-259369e17ff6126e8\" class=\"uvc-heading ult-adjust-bottom-margin ultimate-heading-259369e17ff6126e8 uvc-8627 \" data-hspacer=\"no_spacer\"  data-halign=\"left\" style=\"text-align:left\"><div class=\"uvc-heading-spacer no_spacer\" style=\"top\"><\/div><div class=\"uvc-main-heading ult-responsive\"  data-ultimate-target='.uvc-heading.ultimate-heading-259369e17ff6126e8 h2'  data-responsive-json-new='{\"font-size\":\"desktop:20px;\",\"line-height\":\"desktop:24px;\"}' ><h2 style=\"font-weight:bold;color:#333333;\">Preise &amp; Optionen f\u00fcr Private Gruppen (Minimum 2 Personen)<\/h2><\/div><div class=\"uvc-sub-heading ult-responsive\"  data-ultimate-target='.uvc-heading.ultimate-heading-259369e17ff6126e8 .uvc-sub-heading '  data-responsive-json-new='{\"font-size\":\"desktop:14px;\",\"line-height\":\"desktop:20px;\"}'  style=\"font-weight:normal;\"><\/p>\n<p>&nbsp;<\/p>\n<p><\/div><\/div><style type=\"text\/css\" data-type=\"the7_shortcodes-inline-css\">#default-btn-c4b28c85c3b5a867258a361477aab00f.ico-right-side > i {\n  margin-right: 0px;\n  margin-left: 8px;\n}\n#default-btn-c4b28c85c3b5a867258a361477aab00f > i {\n  margin-right: 8px;\n}<\/style><div class=\"btn-align-center\"><a href=\"https:\/\/humboldttoursberlin.com\/de\/kontakt\/\" class=\"default-btn-shortcode dt-btn dt-btn-m link-hover-off \" id=\"default-btn-c4b28c85c3b5a867258a361477aab00f\"><span>Kontaktieren Sie uns!<\/span><\/a><\/div>\t\t<\/div><\/div><div class=\"ult-content-box-container \" >\t\t<div class=\"ult-content-box\" style=\"background-color:#f5b829;box-shadow: px px px px none;padding:40px;-webkit-transition: all 700ms ease;-moz-transition: all 700ms ease;-ms-transition: all 700ms ease;-o-transition: all 700ms ease;transition: all 700ms ease;\"  data-hover_box_shadow=\"none\"     data-bg=\"#f5b829\" ><div id=\"ultimate-heading-317169e17ff6128ba\" class=\"uvc-heading ult-adjust-bottom-margin ultimate-heading-317169e17ff6128ba uvc-4900 \" data-hspacer=\"no_spacer\"  data-halign=\"left\" style=\"text-align:left\"><div class=\"uvc-heading-spacer no_spacer\" style=\"top\"><\/div><div class=\"uvc-main-heading ult-responsive\"  data-ultimate-target='.uvc-heading.ultimate-heading-317169e17ff6128ba h2'  data-responsive-json-new='{\"font-size\":\"desktop:20px;\",\"line-height\":\"desktop:24px;\"}' ><h2 style=\"font-weight:bold;color:#333333;\">Wie funktioniert es?<\/h2><\/div><div class=\"uvc-sub-heading ult-responsive\"  data-ultimate-target='.uvc-heading.ultimate-heading-317169e17ff6128ba .uvc-sub-heading '  data-responsive-json-new='{\"font-size\":\"desktop:14px;\",\"line-height\":\"desktop:20px;\"}'  style=\"font-weight:normal;\"><\/p>\n<ul>\n<li>Dauer: 60 bis 75 Minuten, inklusive Fragen &amp; Antworten<\/li>\n<li>Zahlmethoden: Paypal, Rechnung, Kredit Karte<\/li>\n<li>Software: Zoom Video Communications<\/li>\n<\/ul>\n<p><\/div><\/div>\t\t<\/div><\/div>[vc_single_image image=&#8220;4625&#8243; img_size=&#8220;full&#8220;][\/vc_column][\/vc_row][vc_row bg_type=&#8220;image&#8220; parallax_style=&#8220;vcpb-default&#8220; bg_image_new=&#8220;id^1329|url^http:\/\/htb.ui10.com\/wp-content\/uploads\/2020\/04\/architecture-3741257_1920.jpg|caption^null|alt^null|title^architecture-3741257_1920|description^null&#8220; bg_image_repeat=&#8220;no-repeat&#8220; bg_img_attach=&#8220;fixed&#8220; bg_override=&#8220;ex-full&#8220; enable_overlay=&#8220;enable_overlay_value&#8220; overlay_color=&#8220;rgba(0,0,0,0.75)&#8220; type=&#8220;vc_default&#8220; css=&#8220;.vc_custom_1585909481224{padding-top: 90px !important;padding-bottom: 40px !important;}&#8220;][vc_column width=&#8220;1\/2&#8243; css=&#8220;.vc_custom_1492766890667{padding-bottom: 50px !important;}&#8220;]<div id=\"ultimate-heading-785569e17ff612933\" class=\"uvc-heading ult-adjust-bottom-margin ultimate-heading-785569e17ff612933 uvc-7960 accent-subtitle-color\" data-hspacer=\"no_spacer\"  data-halign=\"left\" style=\"text-align:left\"><div class=\"uvc-heading-spacer no_spacer\" style=\"top\"><\/div><div class=\"uvc-sub-heading ult-responsive\"  data-ultimate-target='.uvc-heading.ultimate-heading-785569e17ff612933 .uvc-sub-heading '  data-responsive-json-new='{\"font-size\":\"desktop:36px;\",\"line-height\":\"desktop:46px;\"}'  style=\"font-family:&#039;Open Sans&#039;;font-weight:700;margin-bottom:25px;\">Das ist meine digitale Tour!<\/div><\/div>[vc_column_text css=&#8220;.vc_custom_1596021361751{padding-bottom: 30px !important;}&#8220;]<\/p>\n<p class=\"p1\"><span style=\"color: #e7e7e7;\">Direkt \u00fcber dieses Formular k\u00f6nnen Sie Ihre Wunschtour anfragen. Teilen Sie uns gerne Ihre speziellen Interessen z.B. besonderer Startpunkt, Abholservice, Essensw\u00fcnsche, Barrierefreie Tour oder Ihren Wissendurst zu au\u00dfergew\u00f6hnlichen Themen mit.<\/span><\/p>\n<p>[\/vc_column_text]<div id=\"ultimate-heading-146869e17ff6129b4\" class=\"uvc-heading ult-adjust-bottom-margin ultimate-heading-146869e17ff6129b4 uvc-528 accent-title-color\" data-hspacer=\"no_spacer\"  data-halign=\"left\" style=\"text-align:left\"><div class=\"uvc-heading-spacer no_spacer\" style=\"top\"><\/div><div class=\"uvc-main-heading ult-responsive\"  data-ultimate-target='.uvc-heading.ultimate-heading-146869e17ff6129b4 h2'  data-responsive-json-new='{\"font-size\":\"desktop:18px;\",\"line-height\":\"desktop:32px;\"}' ><h2 style=\"font-family:&#039;Open Sans&#039;;font-weight:bold;color:#ffffff;margin-bottom:25px;\">Gerne beantworten wir Ihre Fragen. Preise f\u00fcr spezielle Services oder f\u00fcr Gruppen mit mehr als sechs Teilnehmern teilen wir Ihnen auf Anfrage mit.<\/h2><\/div><\/div><div class=\"aio-icon-component  vc_custom_1591214091497  dt-phone style_1\"><div id=\"Info-box-wrap-1430\" class=\"aio-icon-box default-icon\" style=\"\"  ><div class=\"aio-icon-default\"><div class=\"ult-just-icon-wrapper  \"><div class=\"align-icon\" style=\"text-align:center;\">\n<div class=\"aio-icon none \"  style=\"color:#f5b829;font-size:20px;display:inline-block;\">\n\t<i class=\"icomoon-the7-font-the7-phone-051\"><\/i>\n<\/div><\/div><\/div><\/div><div class=\"aio-icon-header\" ><a class=\"aio-icon-box-link\" href=\"tel:+493026105715\" title=\"+49 30 26105715\" target=\"_blank\" rel=\"noopener\" ><h3 class=\"aio-icon-title ult-responsive\"  data-ultimate-target='#Info-box-wrap-1430 .aio-icon-title'  data-responsive-json-new='{\"font-size\":\"desktop:16px;\",\"line-height\":\"desktop:22px;\"}'  style=\"font-family:&#039;Open Sans&#039;;font-weight:normal;font-style:normal;color:#e7e7e7;\">+49 30 26105715<\/h3><\/a><\/div> <!-- header --><\/div> <!-- aio-icon-box --><\/div> <!-- aio-icon-component --><div class=\"aio-icon-component  vc_custom_1591214600682   style_1\"><div id=\"Info-box-wrap-8776\" class=\"aio-icon-box default-icon\" style=\"\"  ><div class=\"aio-icon-default\"><div class=\"ult-just-icon-wrapper  \"><div class=\"align-icon\" style=\"text-align:center;\">\n<div class=\"aio-icon none \"  style=\"color:#f5b829;font-size:20px;display:inline-block;\">\n\t<i class=\"icomoon-the7-font-the7-mail-03\"><\/i>\n<\/div><\/div><\/div><\/div><div class=\"aio-icon-header\" ><a class=\"aio-icon-box-link\" href=\"mailto:info@humboldttoursberlin.com\" target=\"_blank\" rel=\"noopener\" ><h3 class=\"aio-icon-title ult-responsive\"  data-ultimate-target='#Info-box-wrap-8776 .aio-icon-title'  data-responsive-json-new='{\"font-size\":\"desktop:16px;\",\"line-height\":\"desktop:22px;\"}'  style=\"font-family:&#039;Open Sans&#039;;font-weight:normal;font-style:normal;color:#e7e7e7;\">info@humboldttoursberlin.com<\/h3><\/a><\/div> <!-- header --><\/div> <!-- aio-icon-box --><\/div> <!-- aio-icon-component --><div class=\"aio-icon-component  vc_custom_1591363414465   style_1\"><div id=\"Info-box-wrap-6545\" class=\"aio-icon-box default-icon\" style=\"\"  ><div class=\"aio-icon-default\"><div class=\"ult-just-icon-wrapper  \"><div class=\"align-icon\" style=\"text-align:center;\">\n<div class=\"aio-icon none \"  style=\"color:#f5b829;font-size:20px;display:inline-block;\">\n\t<i class=\"icomoon-the7-font-the7-clock-03\"><\/i>\n<\/div><\/div><\/div><\/div><div class=\"aio-icon-header\" ><h3 class=\"aio-icon-title ult-responsive\"  data-ultimate-target='#Info-box-wrap-6545 .aio-icon-title'  data-responsive-json-new='{\"font-size\":\"desktop:16px;\",\"line-height\":\"desktop:22px;\"}'  style=\"font-family:&#039;Open Sans&#039;;font-weight:normal;font-style:normal;color:#e7e7e7;\">09.00 - 18.00 (Montag - Freitag)<\/h3><\/div> <!-- header --><\/div> <!-- aio-icon-box --><\/div> <!-- aio-icon-component -->[\/vc_column][vc_column width=&#8220;1\/2&#8243; css=&#8220;.vc_custom_1492766752090{padding-bottom: 50px !important;}&#8220;]\n<div class=\"wpcf7 no-js\" id=\"wpcf7-f2927-o1\" lang=\"de-DE\" dir=\"ltr\" data-wpcf7-id=\"2927\">\n<div class=\"screen-reader-response\"><p role=\"status\" aria-live=\"polite\" aria-atomic=\"true\"><\/p> <ul><\/ul><\/div>\n<form action=\"\/de\/wp-json\/wp\/v2\/pages\/4667#wpcf7-f2927-o1\" method=\"post\" class=\"wpcf7-form init\" aria-label=\"Kontaktformular\" novalidate=\"novalidate\" data-status=\"init\">\n<fieldset class=\"hidden-fields-container\"><input type=\"hidden\" name=\"_wpcf7\" value=\"2927\" \/><input type=\"hidden\" name=\"_wpcf7_version\" value=\"6.1.5\" \/><input type=\"hidden\" name=\"_wpcf7_locale\" value=\"de_DE\" \/><input type=\"hidden\" name=\"_wpcf7_unit_tag\" value=\"wpcf7-f2927-o1\" \/><input type=\"hidden\" name=\"_wpcf7_container_post\" value=\"0\" \/><input type=\"hidden\" name=\"_wpcf7_posted_data_hash\" value=\"\" \/><input type=\"hidden\" name=\"_wpcf7_recaptcha_response\" value=\"\" \/>\n<\/fieldset>\n<p><span class=\"contact-form-white-titles\">Tour Auswahl*<\/span><br \/>\n<span class=\"wpcf7-form-control-wrap\" data-name=\"your-product\"><select class=\"wpcf7-form-control wpcf7-select wpcf7-validates-as-required\" aria-required=\"true\" aria-invalid=\"false\" name=\"your-product\"><option value=\"\">&#8211; Bitte ausw\u00e4hlen &#8211;<\/option><option value=\"Berlin Highlights\">Berlin Highlights<\/option><option value=\"J\u00fcdische Geschichtstour Berlin (halbtags)\">J\u00fcdische Geschichtstour Berlin (halbtags)<\/option><option value=\"J\u00fcdische Geschichtstour Berlin (ganztags)\">J\u00fcdische Geschichtstour Berlin (ganztags)<\/option><option value=\"Berliner Mauer und kalter Krieg\">Berliner Mauer und kalter Krieg<\/option><option value=\"Potsdam: k\u00f6nigliche Schl\u00f6sser und G\u00e4rten\">Potsdam: k\u00f6nigliche Schl\u00f6sser und G\u00e4rten<\/option><option value=\"Potsdam: WW2 und kalter Krieg\">Potsdam: WW2 und kalter Krieg<\/option><option value=\"Architektur in Berlin\">Architektur in Berlin<\/option><option value=\"Gedenkst\u00e4tte Sachsenhausen\">Gedenkst\u00e4tte Sachsenhausen<\/option><option value=\"Schlacht um Berlin\">Schlacht um Berlin<\/option><option value=\"Das Dritte Reich und Nazi Berlin\">Das Dritte Reich und Nazi Berlin<\/option><option value=\"Wien am Abend\">Wien am Abend<\/option><option value=\"Kulinarisches Wien\">Kulinarisches Wien<\/option><option value=\"Bier trinken in Prag\">Bier trinken in Prag<\/option><option value=\"Prag\u00b4s Greatest Hits\">Prag\u00b4s Greatest Hits<\/option><option value=\"\u00dcber das Leben von Friedrich II (digitale Tour)\">\u00dcber das Leben von Friedrich II (digitale Tour)<\/option><option value=\"Erinnerungskultur in Deutschland (digitale Tour)\">Erinnerungskultur in Deutschland (digitale Tour)<\/option><option value=\"Grenz\u00fcberschreitung: der kulturelle Zusammensto\u00df (digitale Tour)\">Grenz\u00fcberschreitung: der kulturelle Zusammensto\u00df (digitale Tour)<\/option><option value=\"Berlin - eine kulinarische Reise (digitale Tour)\">Berlin - eine kulinarische Reise (digitale Tour)<\/option><option value=\"Street Art Tour (digitale Tour)\">Street Art Tour (digitale Tour)<\/option><option value=\"Kreieren Sie Ihre eigene Tour (digitale Tour)\">Kreieren Sie Ihre eigene Tour (digitale Tour)<\/option><\/select><\/span><br \/>\n<span class=\"contact-form-white-titles\">Personenanzahl*<\/span><br \/>\n<span class=\"wpcf7-form-control-wrap\" data-name=\"your-persons\"><select class=\"wpcf7-form-control wpcf7-select wpcf7-validates-as-required\" aria-required=\"true\" aria-invalid=\"false\" name=\"your-persons\"><option value=\"\">&#8211; Bitte ausw\u00e4hlen &#8211;<\/option><option value=\"1\">1<\/option><option value=\"2\">2<\/option><option value=\"3\">3<\/option><option value=\"4\">4<\/option><option value=\"5\">5<\/option><option value=\"6\">6<\/option><option value=\"6+\">6+<\/option><\/select><\/span><br \/>\n<span class=\"contact-form-white-titles\">Name*<\/span><br \/>\n<span class=\"wpcf7-form-control-wrap\" data-name=\"your-name\"><input size=\"40\" maxlength=\"400\" class=\"wpcf7-form-control wpcf7-text wpcf7-validates-as-required required\" aria-required=\"true\" aria-invalid=\"false\" value=\"\" type=\"text\" name=\"your-name\" \/><\/span><br \/>\n<span class=\"contact-form-white-titles\">E-Mail*<\/span><br \/>\n<span class=\"wpcf7-form-control-wrap\" data-name=\"your-mail\"><input size=\"40\" maxlength=\"400\" class=\"wpcf7-form-control wpcf7-email wpcf7-validates-as-required wpcf7-text wpcf7-validates-as-email required\" aria-required=\"true\" aria-invalid=\"false\" value=\"\" type=\"email\" name=\"your-mail\" \/><\/span><br \/>\n<span class=\"contact-form-white-titles\">Telefonnummer (mit Vorwahl)<\/span><br \/>\n<span class=\"wpcf7-form-control-wrap\" data-name=\"your-phone\"><input size=\"40\" maxlength=\"400\" class=\"wpcf7-form-control wpcf7-tel wpcf7-text wpcf7-validates-as-tel required\" aria-invalid=\"false\" value=\"\" type=\"tel\" name=\"your-phone\" \/><\/span><br \/>\n<span class=\"contact-form-white-titles\">Zusatzinformationen*<\/span><br \/>\n<span class=\"wpcf7-form-control-wrap\" data-name=\"your-message\"><textarea cols=\"40\" rows=\"3\" maxlength=\"2000\" class=\"wpcf7-form-control wpcf7-textarea wpcf7-validates-as-required\" aria-required=\"true\" aria-invalid=\"false\" name=\"your-message\">z.B. Hotelname, Datum der Tour, Startzeit, spezielle Bed\u00fcrfnisse<\/textarea><\/span>\n<\/p>\n<p><input class=\"wpcf7-form-control wpcf7-submit has-spinner\" type=\"submit\" value=\"TOUR ANFRAGE!\" \/>\n<\/p><div class=\"wpcf7-response-output\" aria-hidden=\"true\"><\/div>\n<\/form>\n<\/div>\n[\/vc_column][\/vc_row]<\/p>\n<\/div>","protected":false},"excerpt":{"rendered":"<p>[vc_row full_height=&#8220;yes&#8220; bg_type=&#8220;image&#8220; parallax_style=&#8220;vcpb-default&#8220; bg_image_new=&#8220;id^4662|url^https:\/\/humboldttoursberlin.com\/wp-content\/uploads\/2021\/04\/hand-93168_by-Uwe-Baumann-from-Pixabay_2-scaled.jpg|caption^null|alt^null|title^hand-93168_by Uwe Baumann from Pixabay_2|description^null&#8220; bg_image_repeat=&#8220;no-repeat&#8220; bg_img_attach=&#8220;fixed&#8220; bg_override=&#8220;ex-full&#8220; enable_overlay=&#8220;enable_overlay_value&#8220; overlay_color=&#8220;rgba(0,0,0,0.17)&#8220; type=&#8220;vc_default&#8220; anchor=&#8220;expeditions&#8220; css=&#8220;.vc_custom_1618826816769{padding-top: 110px !important;padding-bottom: 110px !important;}&#8220;][vc_column offset=&#8220;vc_col-lg-offset-2 vc_col-lg-8 vc_col-md-offset-1 vc_col-md-10 vc_col-sm-offset-0&#8243; css=&#8220;.vc_custom_1492581739671{padding-bottom: 70px !important;}&#8220;][\/vc_column][\/vc_row][vc_row gap=&#8220;20&#8243; css=&#8220;.vc_custom_1588861756371{padding-top: 100px !important;padding-bottom: 50px !important;}&#8220;][vc_column width=&#8220;2\/3&#8243;][vc_column_text] Sie begeistern sich f\u00fcr ein bestimmtes Thema, z.B. deutsche Brotbackkultur, ber\u00fchmte Berlinerinnen der letzten 100 Jahre oder deutsche Komponisten&hellip;<\/p>\n","protected":false},"author":3,"featured_media":0,"parent":0,"menu_order":40,"comment_status":"closed","ping_status":"closed","template":"","meta":{"footnotes":""},"class_list":["post-4667","page","type-page","status-publish","hentry","description-off"],"aioseo_notices":[],"_links":{"self":[{"href":"https:\/\/humboldttoursberlin.com\/de\/wp-json\/wp\/v2\/pages\/4667","targetHints":{"allow":["GET"]}}],"collection":[{"href":"https:\/\/humboldttoursberlin.com\/de\/wp-json\/wp\/v2\/pages"}],"about":[{"href":"https:\/\/humboldttoursberlin.com\/de\/wp-json\/wp\/v2\/types\/page"}],"author":[{"embeddable":true,"href":"https:\/\/humboldttoursberlin.com\/de\/wp-json\/wp\/v2\/users\/3"}],"replies":[{"embeddable":true,"href":"https:\/\/humboldttoursberlin.com\/de\/wp-json\/wp\/v2\/comments?post=4667"}],"version-history":[{"count":1,"href":"https:\/\/humboldttoursberlin.com\/de\/wp-json\/wp\/v2\/pages\/4667\/revisions"}],"predecessor-version":[{"id":8542,"href":"https:\/\/humboldttoursberlin.com\/de\/wp-json\/wp\/v2\/pages\/4667\/revisions\/8542"}],"wp:attachment":[{"href":"https:\/\/humboldttoursberlin.com\/de\/wp-json\/wp\/v2\/media?parent=4667"}],"curies":[{"name":"wp","href":"https:\/\/api.w.org\/{rel}","templated":true}]}}