{"id":5421,"date":"2021-12-17T08:18:15","date_gmt":"2021-12-17T08:18:15","guid":{"rendered":"https:\/\/humboldttoursberlin.com\/?page_id=5421"},"modified":"2025-09-27T14:27:41","modified_gmt":"2025-09-27T14:27:41","slug":"betriebsausflug-berlin","status":"publish","type":"page","link":"https:\/\/humboldttoursberlin.com\/de\/betriebsausflug-berlin\/","title":{"rendered":"Betriebsausflug Berlin"},"content":{"rendered":"<div class=\"wpb-content-wrapper\"><p>[vc_row full_height=&#8220;yes&#8220; bg_type=&#8220;image&#8220; parallax_style=&#8220;vcpb-default&#8220; bg_image_new=&#8220;id^5298|url^https:\/\/humboldttoursberlin.com\/wp-content\/uploads\/2021\/09\/TV-tower.jpg|caption^null|alt^Famous buildings in Berlin: TV Tower|title^TV tower|description^null&#8220; bg_image_repeat=&#8220;no-repeat&#8220; bg_img_attach=&#8220;fixed&#8220; bg_override=&#8220;ex-full&#8220; enable_overlay=&#8220;enable_overlay_value&#8220; overlay_color=&#8220;rgba(0,0,0,0.17)&#8220; type=&#8220;vc_default&#8220; anchor=&#8220;expeditions&#8220; css=&#8220;.vc_custom_1639669003427{padding-top: 110px !important;padding-bottom: 110px !important;}&#8220;][vc_column offset=&#8220;vc_col-lg-offset-2 vc_col-lg-8 vc_col-md-offset-1 vc_col-md-10 vc_col-sm-offset-0&#8243; css=&#8220;.vc_custom_1492581739671{padding-bottom: 70px !important;}&#8220;]<div id=\"ultimate-heading-923969d36dd08f394\" class=\"uvc-heading ult-adjust-bottom-margin ultimate-heading-923969d36dd08f394 uvc-2750 \" data-hspacer=\"no_spacer\"  data-halign=\"center\" style=\"text-align:center\"><div class=\"uvc-heading-spacer no_spacer\" style=\"top\"><\/div><div class=\"uvc-main-heading ult-responsive\"  data-ultimate-target='.uvc-heading.ultimate-heading-923969d36dd08f394 h1'  data-responsive-json-new='{\"font-size\":\"desktop:50px;tablet_portrait:40px;\",\"line-height\":\"desktop:60px;tablet_portrait:50px;\"}' ><h1 style=\"font-family:&#039;Open Sans&#039;;font-weight:bold;color:#ffffff;margin-bottom:30px;\">Betriebsausflug Berlin<\/h1><\/div><\/div>[\/vc_column][\/vc_row][vc_row css=&#8220;.vc_custom_1585744293652{padding-top: 100px !important;padding-bottom: 50px !important;}&#8220;][vc_column]<div id=\"ultimate-heading-96769d36dd08f45f\" class=\"uvc-heading ult-adjust-bottom-margin ultimate-heading-96769d36dd08f45f uvc-5542 \" data-hspacer=\"no_spacer\"  data-halign=\"left\" style=\"text-align:left\"><div class=\"uvc-heading-spacer no_spacer\" style=\"top\"><\/div><div class=\"uvc-main-heading ult-responsive\"  data-ultimate-target='.uvc-heading.ultimate-heading-96769d36dd08f45f h2'  data-responsive-json-new='{\"font-size\":\"desktop:36px;\",\"line-height\":\"desktop:46px;\"}' ><h2 style=\"font-weight:bold;color:#f5b829;margin-bottom:25px;\">Betriebsausflug Berlin \u2013 Hier werden Ihre W\u00fcnsche wahr<\/h2><\/div><\/div>[vc_column_text]Die Hauptstadt Deutschlands hat sehr vieles zu bieten und z\u00e4hlt nicht umsonst zu den Metropolen Europas. Ein Betriebsausflug nach Berlin lohnt sich daher allemal. Noch immer weisen Spuren auf die komplexe Vergangenheit der Stadt hin, w\u00e4hrend das aufregende und moderne Leben der Metropole ihren Puls vorgibt. Mit unseren privaten ma\u00dfgeschneiderten Programmen durch Berlin und Umgebung kreieren wir gemeinsam mit Ihnen einen pers\u00f6nlichen Betriebsausflug, der Ihnen Berlins einzigartigen Charakter auf individuelle Weise und nach Ihren W\u00fcnschen n\u00e4herbringt. Wir bescheren Ihnen einen pers\u00f6nlichen, anregenden und humorvollen Einblick in die Welt rund um die Hauptstadt![\/vc_column_text][vc_empty_space][vc_column_text css=&#8220;.vc_custom_1611590903088{border-top-width: 4px !important;border-bottom-width: 4px !important;padding-top: 10px !important;padding-right: 10px !important;padding-bottom: 10px !important;padding-left: 20px !important;border-top-color: #e7e7e7 !important;border-top-style: dotted !important;border-bottom-color: #e7e7e7 !important;border-bottom-style: dotted !important;}&#8220;]<\/p>\n<h6 class=\"p1\"><span style=\"color: #f5b829;\"><em>Haben Fragen zu dem Angebot? <\/em><\/span><span style=\"color: #f5b829;\"><em>Kontaktieren Sie uns ohne Umwege \u00fcber das unten stehende Formular.<\/em><\/span><\/h6>\n<p>[\/vc_column_text][vc_empty_space][vc_tta_accordion color=&#8220;white&#8220; active_section=&#8220;0&#8243; collapsible_all=&#8220;true&#8220; css=&#8220;.vc_custom_1644403599809{background-color: #ffffff !important;}&#8220;][vc_tta_section title=&#8220;Mehr erfahren&#8220; tab_id=&#8220;1644403206784-c0eee9f0-57e4&#8243;][vc_column_text]<\/p>\n<h2 style=\"color: #f5b829; margin-bottom: 25px; font-size: 22px;\">Firmenausflug Berlin \u2013 Die Metropole mit neuen Augen sehen<\/h2>\n<p>Berlin zeichnet sich durch eine gro\u00dfe Vielfalt aus, die sich in allen Bereichen des Lebens wiederfindet. Von historischen Denkm\u00e4lern wie der Museumsinsel \u00fcber die einzigartige Architektur, die sowohl neoklassische als auch barocke Meisterwerke umfasst, oder der spannenden Galerien- und Kunstszene bis hin zu kulinarischen Geschmacksreisen, l\u00e4sst sich mit einem Betriebsausflug nach Berlin f\u00fcr jeden Teilnehmenden etwas finden, das das Interesse weckt. Unser Wissen teilen wir gern mit Ihnen und zeigen Ihnen ein Berlin, wie Sie es noch nie kennengelernt haben.<\/p>\n<p>Je nach Ihren W\u00fcnschen und Ideen gestalten wir Ihren Betriebsausflug nach Berlin, gerne unter Ber\u00fccksichtigung Ihres individuellen Budgets. Wir bieten Ihnen Einzelleistungen wie ma\u00dfgeschneiderte Touren auch gerne zu Fu\u00df, mit dem Rad oder als gef\u00fchrte Bus Tour durch Berlin und Umgebung oder ein Komplettprogramm f\u00fcr Ihren Betriebsausflug.<\/p>\n<p>Ma\u00dfgeschneidert bedeutet f\u00fcr uns, wir gestalten Ihre private F\u00fchrung mit Blick auf Ihre Logistik (Start- und Endpunkte oder ggf. Folgetermine), Ihren Firmenhintergrund oder das Thema Ihres Betriebsausfluges nach Berlin und inspirieren Sie gerne mit unseren Ideen. Beispielhaft f\u00fcr themenbezogene Betriebsausfl\u00fcge sind:<\/p>\n<ul>\n<li>f\u00fcr eine Baufirma eine Dinner Tour durch verschiedenste architektonisch-relevante Restaurants und Bars Berlins.<\/li>\n<li>f\u00fcr eine Kreativfirma eine Tour durch die nachhaltigen Orte und Gesch\u00e4fte Berlins.<\/li>\n<li>f\u00fcr eine Mobilfunkfirma eine Street Art Kiez Tour mit Berliner Snacks und Getr\u00e4nken.<\/li>\n<li>f\u00fcr einen Parfumhersteller eine picturesque Oldtimer Tour durch Berlins Mitte.<\/li>\n<li>f\u00fcr eine Modefirma eine geschichtliche Tour durch das alte Berlin mit Bezug zum historischen Modezentrum.<\/li>\n<\/ul>\n<p>Sie sind interessiert an einem Komplettprogramm f\u00fcr Ihren Betriebsausflug nach Berlin? Wir holen Sie gerne vom Flughafen oder Bahnhof ab. Ob Restaurantbesuch, Koch-Workshop, Walking oder Bike Tour, als Gruppe zusammen oder aufgeteilt in kleinere Gruppen \u2013 Sie entscheiden, was Ihnen und Ihrem Team am besten gef\u00e4llt. Wir k\u00fcmmern uns um die Organisation Ihres Betriebsausfluges nach Berlin und bieten Ihnen gerne verschiedenste Optionen an.<\/p>\n<h2 style=\"color: #f5b829; margin-bottom: 25px; font-size: 22px;\">F\u00fcr alle Firmen das ideale Event in Berlin \u2013 wir machen es m\u00f6glich!<\/h2>\n<p>Sie fragen sich, wie ein solcher Betriebsausflug nach Berlin aussehen k\u00f6nnte? Dann nehmen wir Sie nun mit auf einen Beispielausflug.<\/p>\n<p>Sie reisen am Nachmittag mit dem Flugzeug an? Wir arrangieren eine private Abholung vom Flughafen und ein erstes Kennenlernen, wenn Sie daran Interesse haben. Abends folgt ein erster Rundgang durch die Stadt, bevor eine Bootstour mit deutschem Buffet Ihre Ankunft in der Metropole abrundet. Auf Wunsch holen wir Sie und Ihre G\u00e4ste am n\u00e4chsten Morgen Ihres Betriebsausflugs nach Berlin an Ihrem Hotel ab. Sie m\u00f6chten eine Stadttour, die Ihnen die <a href=\"https:\/\/humboldttoursberlin.com\/de\/berlin-highlights\/\">Berliner Highlights<\/a> n\u00e4herbringt? Unsere Tourguides teilen ihr Wissen gern mit Ihnen und versorgen Sie mit spannenden Informationen zu den einzelnen Stationen Ihrer Stadtf\u00fchrung. Nebenbei genie\u00dfen Sie, was Berlins kulinarische K\u00fcche zu bieten hat. Am Abend k\u00f6nnen Sie die Hauptstadt auf eigene Faust erkunden, oder lassen Sie sich auch hier von unseren Guides auf Ihrem Betriebsausflug nach Berlin begleiten und die besten Ecken f\u00fcr einen angenehmen Abend zeigen.<\/p>\n<p>Beim Kreieren Ihres individuellen Betriebsausflugs nach Berlin und Umgebung halten wir uns an Ihre W\u00fcnsche. Lassen Sie uns freie Hand, erstellen wir f\u00fcr Sie Firmenevents, die Sie Berlin mit neuen Augen sehen lassen. Nat\u00fcrlich k\u00f6nnen Sie vorab bereits konkrete W\u00fcnsche \u00e4u\u00dfern, die wir in die Entwicklung Ihrer ganz pers\u00f6nlichen Tour miteinbringen. So oder so werden Sie feststellen, dass unsere Guides genau wissen, wie Sie Ihren Betriebsausflug nach Berlin genie\u00dfen und die Hauptstadt mit vielen neuen Eindr\u00fccken, Kenntnissen und unvergesslichen Erinnerungen wieder verlassen. Ob <a href=\"https:\/\/humboldttoursberlin.com\/de\/digitale-touren\/\">digitale Touren<\/a> oder in der Realit\u00e4t \u2013 Berlin aus unserer Sicht ist immer eine Erfahrung wert!<\/p>\n<h2 style=\"color: #f5b829; margin-bottom: 25px; font-size: 22px;\">Betriebsausflug nach Berlin \u2013 individuell nach Ihren W\u00fcnschen!<\/h2>\n<p>Wir wollen, dass Ihr Betriebsausflug nach Berlin unvergesslich wird. Aus diesem Grund vereinen wir in unseren Touren Ihre individuellen Vorstellungen mit unserem Know-how. Mit einer Prise unserer Leidenschaft verfeinert erleben Sie die deutsche Hauptstadt von einer ganz neuen Seite!<\/p>\n<p>Seien Sie dabei versichert, dass Ihre individuellen W\u00fcnsche von uns ber\u00fccksichtigt werden. Diese k\u00f6nnten zum Beispiel sein:<\/p>\n<ul>\n<li>Freizeit- und Aktivit\u00e4ten-Programm<\/li>\n<li>besondere Sehensw\u00fcrdigkeiten<\/li>\n<li>Spezielle Sprach-Guides<\/li>\n<li>Aufs Essen bezogene Extraw\u00fcnsche (vegetarisch, vegan, glutenfrei, etc.)<\/li>\n<li>v.\u00a0m.<\/li>\n<\/ul>\n<p>Haben Sie Fragen oder Anmerkungen zu unseren Touren f\u00fcr Ihren Betriebsausflug nach Berlin? Dann z\u00f6gern Sie nicht <a href=\"https:\/\/humboldttoursberlin.com\/de\/kontakt\/\">Kontakt<\/a> zu uns aufzunehmen. Ein pers\u00f6nliches Gespr\u00e4ch per Telefonat hilft uns dabei, Ihre pers\u00f6nlichen W\u00fcnsche und Anliegen besser zu verstehen. So k\u00f6nnen wir optimal auf Ihre Vorstellungen eingehen und diese in der Planung Ihres Betriebsflugs nach Berlin ber\u00fccksichtigen.<\/p>\n<h2 style=\"color: #f5b829; margin-bottom: 25px; font-size: 22px;\">Ihr einzigartiger Betriebsausflug nach Berlin mit Humboldt Tours Berlin<\/h2>\n<p>Eine E-Bike-Tour durch Berlin und die angrenzende Umgebung ist ganz in Ihrem Interesse? Dann entdecken Sie malerische Szenen und lassen Sie sich von unseren Guides zu aufregenden Eindr\u00fccken verhelfen! Wir von <a href=\"https:\/\/humboldttoursberlin.com\/de\/\">Humboldt Tours Berlin<\/a> legen gr\u00f6\u00dften Wert darauf, dass Sie Ihren Betriebsausflug nach Berlin in vollen Z\u00fcgen genie\u00dfen. Deshalb machen wir unsere Tour zu der IHREN. Wir richten uns ganz nach Ihren W\u00fcnschen oder freuen uns darauf, wenn Sie unseren Empfehlungen Vertrauen schenken. Ihr pers\u00f6nlicher Stadtf\u00fchrer freut sich bereits darauf, Berlin mit Ihnen neu zu entdecken und Sie mit all den kleinen versteckten Geheimnissen und Geschichten zu versorgen, die Berlin so besonders machen.<\/p>\n<p>Ob Einzelleistung oder Komplettprogramm, im Zuge der Nachhaltigkeit berechnen wir alle CO<sub>2-<\/sub>Emissionen Ihres Betriebsausflugs nach Berlin und kompensieren diese entsprechend.[\/vc_column_text][\/vc_tta_section][\/vc_tta_accordion][\/vc_column][\/vc_row][vc_row bg_type=&#8220;image&#8220; parallax_style=&#8220;vcpb-default&#8220; bg_image_new=&#8220;id^1329|url^http:\/\/htb.ui10.com\/wp-content\/uploads\/2020\/04\/architecture-3741257_1920.jpg|caption^null|alt^null|title^architecture-3741257_1920|description^null&#8220; bg_image_repeat=&#8220;no-repeat&#8220; bg_img_attach=&#8220;fixed&#8220; bg_override=&#8220;ex-full&#8220; enable_overlay=&#8220;enable_overlay_value&#8220; overlay_color=&#8220;rgba(0,0,0,0.75)&#8220; type=&#8220;vc_default&#8220; css=&#8220;.vc_custom_1585909481224{padding-top: 90px !important;padding-bottom: 40px !important;}&#8220;][vc_column width=&#8220;1\/2&#8243; css=&#8220;.vc_custom_1492766890667{padding-bottom: 50px !important;}&#8220;]<div id=\"ultimate-heading-290569d36dd08f4ca\" class=\"uvc-heading ult-adjust-bottom-margin ultimate-heading-290569d36dd08f4ca uvc-2188 accent-subtitle-color\" data-hspacer=\"no_spacer\"  data-halign=\"left\" style=\"text-align:left\"><div class=\"uvc-heading-spacer no_spacer\" style=\"top\"><\/div><div class=\"uvc-sub-heading ult-responsive\"  data-ultimate-target='.uvc-heading.ultimate-heading-290569d36dd08f4ca .uvc-sub-heading '  data-responsive-json-new='{\"font-size\":\"desktop:36px;\",\"line-height\":\"desktop:46px;\"}'  style=\"font-family:&#039;Open Sans&#039;;font-weight:700;margin-bottom:25px;\">Das ist meine Tour!<br \/>\nZur Anfrage.<\/div><\/div>[vc_column_text css=&#8220;.vc_custom_1596020722636{padding-bottom: 30px !important;}&#8220;]<\/p>\n<p class=\"p1\"><span style=\"color: #e7e7e7;\">Direkt \u00fcber dieses Formular k\u00f6nnen Sie Ihre Wunschtour anfragen. Teilen Sie uns gerne Ihre speziellen Interessen z.B. besonderer Startpunkt, Abholservice, Essensw\u00fcnsche, Barrierefreie Tour oder Ihren Wissendurst zu au\u00dfergew\u00f6hnlichen Themen mit.<\/span><\/p>\n<p>[\/vc_column_text]<div id=\"ultimate-heading-92669d36dd08f537\" class=\"uvc-heading ult-adjust-bottom-margin ultimate-heading-92669d36dd08f537 uvc-2424 accent-title-color\" data-hspacer=\"no_spacer\"  data-halign=\"left\" style=\"text-align:left\"><div class=\"uvc-heading-spacer no_spacer\" style=\"top\"><\/div><div class=\"uvc-main-heading ult-responsive\"  data-ultimate-target='.uvc-heading.ultimate-heading-92669d36dd08f537 h2'  data-responsive-json-new='{\"font-size\":\"desktop:18px;\",\"line-height\":\"desktop:32px;\"}' ><h2 style=\"font-family:&#039;Open Sans&#039;;font-weight:bold;color:#ffffff;margin-bottom:25px;\">Gerne beantworten wir Ihre Fragen. Preise f\u00fcr spezielle Services oder f\u00fcr Gruppen mit mehr als sechs Teilnehmern teilen wir Ihnen auf Anfrage mit.<\/h2><\/div><\/div><div class=\"aio-icon-component  vc_custom_1591214091497  dt-phone style_1\"><div id=\"Info-box-wrap-7831\" class=\"aio-icon-box default-icon\" style=\"\"  ><div class=\"aio-icon-default\"><div class=\"ult-just-icon-wrapper  \"><div class=\"align-icon\" style=\"text-align:center;\">\n<div class=\"aio-icon none \"  style=\"color:#f5b829;font-size:20px;display:inline-block;\">\n\t<i class=\"icomoon-the7-font-the7-phone-051\"><\/i>\n<\/div><\/div><\/div><\/div><div class=\"aio-icon-header\" ><a class=\"aio-icon-box-link\" href=\"tel:+493026105715\" title=\"+49 30 26105715\" target=\"_blank\" rel=\"noopener\" ><h3 class=\"aio-icon-title ult-responsive\"  data-ultimate-target='#Info-box-wrap-7831 .aio-icon-title'  data-responsive-json-new='{\"font-size\":\"desktop:16px;\",\"line-height\":\"desktop:22px;\"}'  style=\"font-family:&#039;Open Sans&#039;;font-weight:normal;font-style:normal;color:#e7e7e7;\">+49 30 26105715<\/h3><\/a><\/div> <!-- header --><\/div> <!-- aio-icon-box --><\/div> <!-- aio-icon-component --><div class=\"aio-icon-component  vc_custom_1591214600682   style_1\"><div id=\"Info-box-wrap-5988\" class=\"aio-icon-box default-icon\" style=\"\"  ><div class=\"aio-icon-default\"><div class=\"ult-just-icon-wrapper  \"><div class=\"align-icon\" style=\"text-align:center;\">\n<div class=\"aio-icon none \"  style=\"color:#f5b829;font-size:20px;display:inline-block;\">\n\t<i class=\"icomoon-the7-font-the7-mail-03\"><\/i>\n<\/div><\/div><\/div><\/div><div class=\"aio-icon-header\" ><a class=\"aio-icon-box-link\" href=\"mailto:info@humboldttoursberlin.com\" target=\"_blank\" rel=\"noopener\" ><h3 class=\"aio-icon-title ult-responsive\"  data-ultimate-target='#Info-box-wrap-5988 .aio-icon-title'  data-responsive-json-new='{\"font-size\":\"desktop:16px;\",\"line-height\":\"desktop:22px;\"}'  style=\"font-family:&#039;Open Sans&#039;;font-weight:normal;font-style:normal;color:#e7e7e7;\">info@humboldttoursberlin.com<\/h3><\/a><\/div> <!-- header --><\/div> <!-- aio-icon-box --><\/div> <!-- aio-icon-component --><div class=\"aio-icon-component  vc_custom_1591363498727   style_1\"><div id=\"Info-box-wrap-5558\" class=\"aio-icon-box default-icon\" style=\"\"  ><div class=\"aio-icon-default\"><div class=\"ult-just-icon-wrapper  \"><div class=\"align-icon\" style=\"text-align:center;\">\n<div class=\"aio-icon none \"  style=\"color:#f5b829;font-size:20px;display:inline-block;\">\n\t<i class=\"icomoon-the7-font-the7-clock-03\"><\/i>\n<\/div><\/div><\/div><\/div><div class=\"aio-icon-header\" ><h3 class=\"aio-icon-title ult-responsive\"  data-ultimate-target='#Info-box-wrap-5558 .aio-icon-title'  data-responsive-json-new='{\"font-size\":\"desktop:16px;\",\"line-height\":\"desktop:22px;\"}'  style=\"font-family:&#039;Open Sans&#039;;font-weight:normal;font-style:normal;color:#e7e7e7;\">09.00 - 18.00 (Montag - Freitag)<\/h3><\/div> <!-- header --><\/div> <!-- aio-icon-box --><\/div> <!-- aio-icon-component -->[\/vc_column][vc_column width=&#8220;1\/2&#8243; css=&#8220;.vc_custom_1492766752090{padding-bottom: 50px !important;}&#8220;]\n<div class=\"wpcf7 no-js\" id=\"wpcf7-f2927-o1\" lang=\"de-DE\" dir=\"ltr\" data-wpcf7-id=\"2927\">\n<div class=\"screen-reader-response\"><p role=\"status\" aria-live=\"polite\" aria-atomic=\"true\"><\/p> <ul><\/ul><\/div>\n<form action=\"\/de\/wp-json\/wp\/v2\/pages\/5421#wpcf7-f2927-o1\" method=\"post\" class=\"wpcf7-form init\" aria-label=\"Kontaktformular\" novalidate=\"novalidate\" data-status=\"init\">\n<fieldset class=\"hidden-fields-container\"><input type=\"hidden\" name=\"_wpcf7\" value=\"2927\" \/><input type=\"hidden\" name=\"_wpcf7_version\" value=\"6.1.5\" \/><input type=\"hidden\" name=\"_wpcf7_locale\" value=\"de_DE\" \/><input type=\"hidden\" name=\"_wpcf7_unit_tag\" value=\"wpcf7-f2927-o1\" \/><input type=\"hidden\" name=\"_wpcf7_container_post\" value=\"0\" \/><input type=\"hidden\" name=\"_wpcf7_posted_data_hash\" value=\"\" \/><input type=\"hidden\" name=\"_wpcf7_recaptcha_response\" value=\"\" \/>\n<\/fieldset>\n<p><span class=\"contact-form-white-titles\">Tour Auswahl*<\/span><br \/>\n<span class=\"wpcf7-form-control-wrap\" data-name=\"your-product\"><select class=\"wpcf7-form-control wpcf7-select wpcf7-validates-as-required\" aria-required=\"true\" aria-invalid=\"false\" name=\"your-product\"><option value=\"\">&#8211; Bitte ausw\u00e4hlen &#8211;<\/option><option value=\"Berlin Highlights\">Berlin Highlights<\/option><option value=\"J\u00fcdische Geschichtstour Berlin (halbtags)\">J\u00fcdische Geschichtstour Berlin (halbtags)<\/option><option value=\"J\u00fcdische Geschichtstour Berlin (ganztags)\">J\u00fcdische Geschichtstour Berlin (ganztags)<\/option><option value=\"Berliner Mauer und kalter Krieg\">Berliner Mauer und kalter Krieg<\/option><option value=\"Potsdam: k\u00f6nigliche Schl\u00f6sser und G\u00e4rten\">Potsdam: k\u00f6nigliche Schl\u00f6sser und G\u00e4rten<\/option><option value=\"Potsdam: WW2 und kalter Krieg\">Potsdam: WW2 und kalter Krieg<\/option><option value=\"Architektur in Berlin\">Architektur in Berlin<\/option><option value=\"Gedenkst\u00e4tte Sachsenhausen\">Gedenkst\u00e4tte Sachsenhausen<\/option><option value=\"Schlacht um Berlin\">Schlacht um Berlin<\/option><option value=\"Das Dritte Reich und Nazi Berlin\">Das Dritte Reich und Nazi Berlin<\/option><option value=\"Wien am Abend\">Wien am Abend<\/option><option value=\"Kulinarisches Wien\">Kulinarisches Wien<\/option><option value=\"Bier trinken in Prag\">Bier trinken in Prag<\/option><option value=\"Prag\u00b4s Greatest Hits\">Prag\u00b4s Greatest Hits<\/option><option value=\"\u00dcber das Leben von Friedrich II (digitale Tour)\">\u00dcber das Leben von Friedrich II (digitale Tour)<\/option><option value=\"Erinnerungskultur in Deutschland (digitale Tour)\">Erinnerungskultur in Deutschland (digitale Tour)<\/option><option value=\"Grenz\u00fcberschreitung: der kulturelle Zusammensto\u00df (digitale Tour)\">Grenz\u00fcberschreitung: der kulturelle Zusammensto\u00df (digitale Tour)<\/option><option value=\"Berlin - eine kulinarische Reise (digitale Tour)\">Berlin - eine kulinarische Reise (digitale Tour)<\/option><option value=\"Street Art Tour (digitale Tour)\">Street Art Tour (digitale Tour)<\/option><option value=\"Kreieren Sie Ihre eigene Tour (digitale Tour)\">Kreieren Sie Ihre eigene Tour (digitale Tour)<\/option><\/select><\/span><br \/>\n<span class=\"contact-form-white-titles\">Personenanzahl*<\/span><br \/>\n<span class=\"wpcf7-form-control-wrap\" data-name=\"your-persons\"><select class=\"wpcf7-form-control wpcf7-select wpcf7-validates-as-required\" aria-required=\"true\" aria-invalid=\"false\" name=\"your-persons\"><option value=\"\">&#8211; Bitte ausw\u00e4hlen &#8211;<\/option><option value=\"1\">1<\/option><option value=\"2\">2<\/option><option value=\"3\">3<\/option><option value=\"4\">4<\/option><option value=\"5\">5<\/option><option value=\"6\">6<\/option><option value=\"6+\">6+<\/option><\/select><\/span><br \/>\n<span class=\"contact-form-white-titles\">Name*<\/span><br \/>\n<span class=\"wpcf7-form-control-wrap\" data-name=\"your-name\"><input size=\"40\" maxlength=\"400\" class=\"wpcf7-form-control wpcf7-text wpcf7-validates-as-required required\" aria-required=\"true\" aria-invalid=\"false\" value=\"\" type=\"text\" name=\"your-name\" \/><\/span><br \/>\n<span class=\"contact-form-white-titles\">E-Mail*<\/span><br \/>\n<span class=\"wpcf7-form-control-wrap\" data-name=\"your-mail\"><input size=\"40\" maxlength=\"400\" class=\"wpcf7-form-control wpcf7-email wpcf7-validates-as-required wpcf7-text wpcf7-validates-as-email required\" aria-required=\"true\" aria-invalid=\"false\" value=\"\" type=\"email\" name=\"your-mail\" \/><\/span><br \/>\n<span class=\"contact-form-white-titles\">Telefonnummer (mit Vorwahl)<\/span><br \/>\n<span class=\"wpcf7-form-control-wrap\" data-name=\"your-phone\"><input size=\"40\" maxlength=\"400\" class=\"wpcf7-form-control wpcf7-tel wpcf7-text wpcf7-validates-as-tel required\" aria-invalid=\"false\" value=\"\" type=\"tel\" name=\"your-phone\" \/><\/span><br \/>\n<span class=\"contact-form-white-titles\">Zusatzinformationen*<\/span><br \/>\n<span class=\"wpcf7-form-control-wrap\" data-name=\"your-message\"><textarea cols=\"40\" rows=\"3\" maxlength=\"2000\" class=\"wpcf7-form-control wpcf7-textarea wpcf7-validates-as-required\" aria-required=\"true\" aria-invalid=\"false\" name=\"your-message\">z.B. Hotelname, Datum der Tour, Startzeit, spezielle Bed\u00fcrfnisse<\/textarea><\/span>\n<\/p>\n<p><input class=\"wpcf7-form-control wpcf7-submit has-spinner\" type=\"submit\" value=\"TOUR ANFRAGE!\" \/>\n<\/p><div class=\"wpcf7-response-output\" aria-hidden=\"true\"><\/div>\n<\/form>\n<\/div>\n[\/vc_column][\/vc_row]<\/p>\n<\/div>","protected":false},"excerpt":{"rendered":"<p>[vc_row full_height=&#8220;yes&#8220; bg_type=&#8220;image&#8220; parallax_style=&#8220;vcpb-default&#8220; bg_image_new=&#8220;id^5298|url^https:\/\/humboldttoursberlin.com\/wp-content\/uploads\/2021\/09\/TV-tower.jpg|caption^null|alt^Famous buildings in Berlin: TV Tower|title^TV tower|description^null&#8220; bg_image_repeat=&#8220;no-repeat&#8220; bg_img_attach=&#8220;fixed&#8220; bg_override=&#8220;ex-full&#8220; enable_overlay=&#8220;enable_overlay_value&#8220; overlay_color=&#8220;rgba(0,0,0,0.17)&#8220; type=&#8220;vc_default&#8220; anchor=&#8220;expeditions&#8220; css=&#8220;.vc_custom_1639669003427{padding-top: 110px !important;padding-bottom: 110px !important;}&#8220;][vc_column offset=&#8220;vc_col-lg-offset-2 vc_col-lg-8 vc_col-md-offset-1 vc_col-md-10 vc_col-sm-offset-0&#8243; css=&#8220;.vc_custom_1492581739671{padding-bottom: 70px !important;}&#8220;][\/vc_column][\/vc_row][vc_row css=&#8220;.vc_custom_1585744293652{padding-top: 100px !important;padding-bottom: 50px !important;}&#8220;][vc_column][vc_column_text]Die Hauptstadt Deutschlands hat sehr vieles zu bieten und z\u00e4hlt nicht umsonst zu den Metropolen Europas. Ein Betriebsausflug nach Berlin&hellip;<\/p>\n","protected":false},"author":3,"featured_media":0,"parent":0,"menu_order":40,"comment_status":"closed","ping_status":"closed","template":"","meta":{"footnotes":""},"class_list":["post-5421","page","type-page","status-publish","hentry","description-off"],"aioseo_notices":[],"_links":{"self":[{"href":"https:\/\/humboldttoursberlin.com\/de\/wp-json\/wp\/v2\/pages\/5421","targetHints":{"allow":["GET"]}}],"collection":[{"href":"https:\/\/humboldttoursberlin.com\/de\/wp-json\/wp\/v2\/pages"}],"about":[{"href":"https:\/\/humboldttoursberlin.com\/de\/wp-json\/wp\/v2\/types\/page"}],"author":[{"embeddable":true,"href":"https:\/\/humboldttoursberlin.com\/de\/wp-json\/wp\/v2\/users\/3"}],"replies":[{"embeddable":true,"href":"https:\/\/humboldttoursberlin.com\/de\/wp-json\/wp\/v2\/comments?post=5421"}],"version-history":[{"count":1,"href":"https:\/\/humboldttoursberlin.com\/de\/wp-json\/wp\/v2\/pages\/5421\/revisions"}],"predecessor-version":[{"id":8467,"href":"https:\/\/humboldttoursberlin.com\/de\/wp-json\/wp\/v2\/pages\/5421\/revisions\/8467"}],"wp:attachment":[{"href":"https:\/\/humboldttoursberlin.com\/de\/wp-json\/wp\/v2\/media?parent=5421"}],"curies":[{"name":"wp","href":"https:\/\/api.w.org\/{rel}","templated":true}]}}