{"id":5578,"date":"2022-03-08T08:23:24","date_gmt":"2022-03-08T08:23:24","guid":{"rendered":"https:\/\/humboldttoursberlin.com\/?page_id=5578"},"modified":"2025-08-03T21:11:24","modified_gmt":"2025-08-03T21:11:24","slug":"schulausfluege-berlin","status":"publish","type":"page","link":"https:\/\/humboldttoursberlin.com\/de\/schulausfluege-berlin\/","title":{"rendered":"Schulausfl\u00fcge Berlin"},"content":{"rendered":"<div class=\"wpb-content-wrapper\"><p>[vc_row full_height=&#8220;yes&#8220; bg_type=&#8220;image&#8220; parallax_style=&#8220;vcpb-default&#8220; bg_image_new=&#8220;id^8304|url^https:\/\/humboldttoursberlin.com\/wp-content\/uploads\/2025\/08\/HTB-MICE.jpg|caption^null|alt^null|title^HTB-MICE|description^null&#8220; bg_image_repeat=&#8220;no-repeat&#8220; bg_img_attach=&#8220;fixed&#8220; bg_image_posiiton=&#8220;0px 0px&#8220; bg_override=&#8220;ex-full&#8220; enable_overlay=&#8220;enable_overlay_value&#8220; overlay_color=&#8220;rgba(0,0,0,0.17)&#8220; type=&#8220;vc_default&#8220; anchor=&#8220;expeditions&#8220; css=&#8220;.vc_custom_1754255480016{padding-top: 110px !important;padding-bottom: 110px !important;}&#8220;][vc_column offset=&#8220;vc_col-lg-offset-2 vc_col-lg-8 vc_col-md-offset-1 vc_col-md-10 vc_col-sm-offset-0&#8243; css=&#8220;.vc_custom_1492581739671{padding-bottom: 70px !important;}&#8220;]<div id=\"ultimate-heading-125369decdf51cedc\" class=\"uvc-heading ult-adjust-bottom-margin ultimate-heading-125369decdf51cedc uvc-4089 \" data-hspacer=\"no_spacer\"  data-halign=\"center\" style=\"text-align:center\"><div class=\"uvc-heading-spacer no_spacer\" style=\"top\"><\/div><div class=\"uvc-main-heading ult-responsive\"  data-ultimate-target='.uvc-heading.ultimate-heading-125369decdf51cedc h2'  data-responsive-json-new='{\"font-size\":\"desktop:50px;tablet_portrait:40px;\",\"line-height\":\"desktop:60px;tablet_portrait:50px;\"}' ><h2 style=\"font-family:&#039;Open Sans&#039;;font-weight:bold;color:#ffffff;margin-bottom:30px;\">Schulausfl\u00fcge Berlin<\/h2><\/div><\/div>[\/vc_column][\/vc_row][vc_row css=&#8220;.vc_custom_1585744293652{padding-top: 100px !important;padding-bottom: 50px !important;}&#8220;][vc_column]<div id=\"ultimate-heading-413269decdf51d004\" class=\"uvc-heading ult-adjust-bottom-margin ultimate-heading-413269decdf51d004 uvc-2436 \" data-hspacer=\"no_spacer\"  data-halign=\"left\" style=\"text-align:left\"><div class=\"uvc-heading-spacer no_spacer\" style=\"top\"><\/div><div class=\"uvc-main-heading ult-responsive\"  data-ultimate-target='.uvc-heading.ultimate-heading-413269decdf51d004 h1'  data-responsive-json-new='{\"font-size\":\"desktop:36px;\",\"line-height\":\"desktop:46px;\"}' ><h1 style=\"font-weight:bold;color:#f5b829;margin-bottom:25px;\">Schulausfl\u00fcge Berlin \u2013 wir kombinieren Bildung mit Spa\u00df<\/h1><\/div><\/div>[vc_column_text]<\/p>\n<p>Die Hauptstadt Deutschlands hat eine Menge zu bieten. Eine ausgedehnte Kulturszene, viele historische Schaupl\u00e4tze und kulinarische Spezialit\u00e4ten aus der ganzen Welt. Deshalb bieten Schulausfl\u00fcge nach Berlin die M\u00f6glichkeit f\u00fcr ein umfangreiches Besch\u00e4ftigungsprogramm. Kinder lernen so nicht nur die eigene Kultur ganz neu kennen. Vielmehr st\u00e4rken Schulausfl\u00fcge ebenso das Gemeinschaftsgef\u00fchl und den Klassenzusammenhalt. Wir machen Berlin f\u00fcr Schulklassen lebendig und unterst\u00fctzen Sie bei der Planung und Durchf\u00fchrung von Schulausfl\u00fcgen nach Berlin. Dabei richten wir uns ganz nach Ihren W\u00fcnschen und \u00fcbernehmen gerne die ganze Organisation oder nur Teile wie beispielsweise den Inhalt \u2013 ganz nach Ihren Vorstellungen. Mit unseren nachhaltigen Programmen lernen Ihre Sch\u00fcler auf Wandertagen nach Berlin nicht nur vieles dazu, sondern haben dabei eine Menge Spa\u00df!<\/p>\n<h2 style=\"color: #f5b829; font-size: 22px; padding-top: 10px; line-height: 1.5;\">Berlin f\u00fcr Schulklassen: Die Vorteile f\u00fcr Ihre Klassen<\/h2>\n<p>Wir unterst\u00fctzen Sie als Lehrkraft dabei, das Programm f\u00fcr Ihre Schulausfl\u00fcge nach Berlin zu planen, damit Ihre Sch\u00fcler eine tolle Zeit haben, die deutsche Hauptstadt neu erleben und gleichzeitig eine Menge lernen. Daf\u00fcr halten wir verschiedene Programmpunkte bereit, mit denen Sie das ideale Ausflugsprogramm in Berlin f\u00fcr Ihre Schulklassen zusammenstellen k\u00f6nnen. In einem gemeinsamen Gespr\u00e4ch finden wir heraus, worauf Sie bei Schulausfl\u00fcgen nach Berlin besonderen Wert legen. <a href=\"https:\/\/humboldttoursberlin.com\/de\/kontakt\/\">Kontaktieren<\/a> Sie uns einfach und wir erstellen Ihnen genau das Programm f\u00fcr Sie, das Ihren Vorstellungen entspricht.<\/p>\n<h3 style=\"color: #f5b829; font-size: 22px; padding-top: 10px; line-height: 1.5;\">Schulausfl\u00fcge nach Berlin \u2013 Politik, Geschichte und Berliner Besonderheiten<\/h3>\n<p>Die politische Bildung von Kindern ist notwendig, um sie f\u00fcr wichtige Themen zu sensibilisieren. Mit einem unserer Schulausfl\u00fcge nach Berlin verbinden wir Ihre Unterrichtsinhalte mit diversen politischen Themen. So k\u00f6nnen beispielsweise das deutsch-russische Verh\u00e4ltnis, die Propaganda im dritten Reich oder das j\u00fcdische Leben im heutigen Berlin Gegenstand des lehrreichen Ausflugs sein. Am Ort des Geschehens von damals zu sein, hilft den Sch\u00fclerinnen und Sch\u00fclern dabei, die Geschichte Deutschlands besser zu verstehen. Au\u00dferdem f\u00f6rdert es die Motivation der Sch\u00fclerinnen und Sch\u00fcler, den Unterricht durch Anschauung zu erg\u00e4nzen, indem Geschichte praxisnah erlebt wird beispielsweise durch Besuche von Museen und kulturellen St\u00e4tten.<\/p>\n<p>[\/vc_column_text][vc_empty_space][vc_column_text css=&#8220;.vc_custom_1611590903088{border-top-width: 4px !important;border-bottom-width: 4px !important;padding-top: 10px !important;padding-right: 10px !important;padding-bottom: 10px !important;padding-left: 20px !important;border-top-color: #e7e7e7 !important;border-top-style: dotted !important;border-bottom-color: #e7e7e7 !important;border-bottom-style: dotted !important;}&#8220;]<\/p>\n<h6 class=\"p1\"><span style=\"color: #f5b829;\"><em>Haben Fragen zu dem Angebot? <\/em><\/span><span style=\"color: #f5b829;\"><em>Kontaktieren Sie uns ohne Umwege \u00fcber das unten stehende Formular.<\/em><\/span><\/h6>\n<p>[\/vc_column_text][vc_empty_space][vc_tta_accordion color=&#8220;white&#8220; active_section=&#8220;0&#8243; collapsible_all=&#8220;true&#8220; css=&#8220;.vc_custom_1644403599809{background-color: #ffffff !important;}&#8220;][vc_tta_section title=&#8220;Mehr erfahren&#8220; tab_id=&#8220;1644403206784-c0eee9f0-57e4&#8243;][vc_column_text css=&#8220;&#8220;]<\/p>\n<h2 style=\"color: #f5b829; margin-bottom: 25px; font-size: 22px;\">Kennenlernen der deutschen Hauptstadt \u2013 Multikulti, Metropole &amp; viel Geschichte<\/h2>\n<p>Neben der Vermittlung wertvoller Lehrinhalte, bieten Schulausfl\u00fcge nach Berlin ebenso eine tolle M\u00f6glichkeit, um die Sch\u00fclerinnen und Sch\u00fcler mit der Mitgestaltung des Wandertags zu betrauen. Durch das Einbeziehen in den Planungsprozess sorgen Sie daf\u00fcr, dass die Sch\u00fcler ihre Zeit in der deutschen Hauptstadt genie\u00dfen und die Vorfreude auf geplante Schulausfl\u00fcge nach Berlin steigt. Bauen Sie mit unserer Hilfe Programmpunkte in Ihren Wandertag ein, die Ihre Sch\u00fcler begeistern werden. Wie w\u00e4re es beispielsweise mit einem Besuch im Computerspielemuseum? Mit einer <a href=\"https:\/\/humboldttoursberlin.com\/de\/street-art-tour\/\">Street Art Tour<\/a> durch Berlin entdecken Ihre Sch\u00fcler nicht nur auf spannende Art und Weise die Hauptstadt Deutschlands, sondern lernen nebenbei vieles \u00fcber die Internationalit\u00e4t Deutschlands \u2013 die perfekte M\u00f6glichkeit, um Spa\u00df mit Bildung zu kombinieren!<\/p>\n<h3 style=\"color: #f5b829; font-size: 22px; padding-top: 10px; line-height: 1.5;\">Mensch, Natur und Umwelt im Fokus bei Schulausfl\u00fcgen nach Berlin<\/h3>\n<p>Es ist wichtig, Sch\u00fclerinnen und Sch\u00fcler genauso f\u00fcr die Natur und die Umwelt zu sensibilisieren wie f\u00fcr die eigene Vergangenheit. Wir legen bei unseren Touren viel Wert auf Nachhaltigkeit. Dass unser Namensgeber als erster Umweltsch\u00fctzer unseres Planeten bekannt ist, ist schlie\u00dflich kein Zufall. Wir erfassen und dokumentieren die durch unsere Arbeit entstandenen CO\u2082-Emissionen. So k\u00f6nnen wir sie an anderen Stellen ausgleichen und Ihre Schulausfl\u00fcge nach Berlin nachhaltig gestalten. Wir gehen mit gutem Beispiel voran, um Ihren Sch\u00fclerinnen und Sch\u00fclern wichtige Werte in Bezug auf Nachhaltigkeit zu vermitteln.<\/p>\n<h2 style=\"color: #f5b829; font-size: 22px; padding-top: 10px; line-height: 1.5;\">Schulausfl\u00fcge nach Berlin mit Humboldt Tours Berlin realisieren<\/h2>\n<p>Wir von <a href=\"https:\/\/humboldttoursberlin.com\/de\/\">Humboldt Tours Berlin<\/a> legen Wert darauf, dass Sie mit unseren Schulausfl\u00fcgen nach Berlin voll und ganz zufrieden sind. Deshalb richten wir uns bei der Organisation und Durchf\u00fchrung Ihres Wandertags ganz nach Ihren Vorstellungen und W\u00fcnschen. Ob Sie Berlin Ihren Schulklassen in nur einer Tour n\u00e4herbringen wollen oder ein Thema \u00fcber mehrere Tage aufarbeiten wollen \u2013 wir kreieren das ideale Programm f\u00fcr Ihre Sch\u00fclerinnen und Sch\u00fcler. So profitieren diese noch lange von der einzigartigen Erfahrung, die wir Ihnen und Ihre Sch\u00fclerinnen und Sch\u00fclern erm\u00f6glichen. Verlassen Sie sich auf unsere Expertise und unser Know-how und planen Sie mit uns IHRE n\u00e4chsten Schulausfl\u00fcge nach Berlin![\/vc_column_text][\/vc_tta_section][\/vc_tta_accordion][\/vc_column][\/vc_row][vc_row bg_type=&#8220;image&#8220; parallax_style=&#8220;vcpb-default&#8220; bg_image_new=&#8220;id^1329|url^http:\/\/htb.ui10.com\/wp-content\/uploads\/2020\/04\/architecture-3741257_1920.jpg|caption^null|alt^null|title^architecture-3741257_1920|description^null&#8220; bg_image_repeat=&#8220;no-repeat&#8220; bg_img_attach=&#8220;fixed&#8220; bg_override=&#8220;ex-full&#8220; enable_overlay=&#8220;enable_overlay_value&#8220; overlay_color=&#8220;rgba(0,0,0,0.75)&#8220; type=&#8220;vc_default&#8220; css=&#8220;.vc_custom_1585909481224{padding-top: 90px !important;padding-bottom: 40px !important;}&#8220;][vc_column width=&#8220;1\/2&#8243; css=&#8220;.vc_custom_1492766890667{padding-bottom: 50px !important;}&#8220;]<div id=\"ultimate-heading-297169decdf51d091\" class=\"uvc-heading ult-adjust-bottom-margin ultimate-heading-297169decdf51d091 uvc-9632 accent-subtitle-color\" data-hspacer=\"no_spacer\"  data-halign=\"left\" style=\"text-align:left\"><div class=\"uvc-heading-spacer no_spacer\" style=\"top\"><\/div><div class=\"uvc-sub-heading ult-responsive\"  data-ultimate-target='.uvc-heading.ultimate-heading-297169decdf51d091 .uvc-sub-heading '  data-responsive-json-new='{\"font-size\":\"desktop:36px;\",\"line-height\":\"desktop:46px;\"}'  style=\"font-family:&#039;Open Sans&#039;;font-weight:700;margin-bottom:25px;\">Das ist meine Tour!<br \/>\nZur Anfrage.<\/div><\/div>[vc_column_text css=&#8220;.vc_custom_1596020722636{padding-bottom: 30px !important;}&#8220;]<\/p>\n<p class=\"p1\"><span style=\"color: #e7e7e7;\">Direkt \u00fcber dieses Formular k\u00f6nnen Sie Ihre Wunschtour anfragen. Teilen Sie uns gerne Ihre speziellen Interessen z.B. besonderer Startpunkt, Abholservice, Essensw\u00fcnsche, Barrierefreie Tour oder Ihren Wissendurst zu au\u00dfergew\u00f6hnlichen Themen mit.<\/span><\/p>\n<p>[\/vc_column_text]<div id=\"ultimate-heading-25069decdf51d110\" class=\"uvc-heading ult-adjust-bottom-margin ultimate-heading-25069decdf51d110 uvc-1638 accent-title-color\" data-hspacer=\"no_spacer\"  data-halign=\"left\" style=\"text-align:left\"><div class=\"uvc-heading-spacer no_spacer\" style=\"top\"><\/div><div class=\"uvc-main-heading ult-responsive\"  data-ultimate-target='.uvc-heading.ultimate-heading-25069decdf51d110 h2'  data-responsive-json-new='{\"font-size\":\"desktop:18px;\",\"line-height\":\"desktop:32px;\"}' ><h2 style=\"font-family:&#039;Open Sans&#039;;font-weight:bold;color:#ffffff;margin-bottom:25px;\">Gerne beantworten wir Ihre Fragen. Preise f\u00fcr spezielle Services oder f\u00fcr Gruppen mit mehr als sechs Teilnehmern teilen wir Ihnen auf Anfrage mit.<\/h2><\/div><\/div><div class=\"aio-icon-component  vc_custom_1591214091497  dt-phone style_1\"><div id=\"Info-box-wrap-7735\" class=\"aio-icon-box default-icon\" style=\"\"  ><div class=\"aio-icon-default\"><div class=\"ult-just-icon-wrapper  \"><div class=\"align-icon\" style=\"text-align:center;\">\n<div class=\"aio-icon none \"  style=\"color:#f5b829;font-size:20px;display:inline-block;\">\n\t<i class=\"icomoon-the7-font-the7-phone-051\"><\/i>\n<\/div><\/div><\/div><\/div><div class=\"aio-icon-header\" ><a class=\"aio-icon-box-link\" href=\"tel:+493026105715\" title=\"+49 30 26105715\" target=\"_blank\" rel=\"noopener\" ><h3 class=\"aio-icon-title ult-responsive\"  data-ultimate-target='#Info-box-wrap-7735 .aio-icon-title'  data-responsive-json-new='{\"font-size\":\"desktop:16px;\",\"line-height\":\"desktop:22px;\"}'  style=\"font-family:&#039;Open Sans&#039;;font-weight:normal;font-style:normal;color:#e7e7e7;\">+49 30 26105715<\/h3><\/a><\/div> <!-- header --><\/div> <!-- aio-icon-box --><\/div> <!-- aio-icon-component --><div class=\"aio-icon-component  vc_custom_1591214600682   style_1\"><div id=\"Info-box-wrap-2542\" class=\"aio-icon-box default-icon\" style=\"\"  ><div class=\"aio-icon-default\"><div class=\"ult-just-icon-wrapper  \"><div class=\"align-icon\" style=\"text-align:center;\">\n<div class=\"aio-icon none \"  style=\"color:#f5b829;font-size:20px;display:inline-block;\">\n\t<i class=\"icomoon-the7-font-the7-mail-03\"><\/i>\n<\/div><\/div><\/div><\/div><div class=\"aio-icon-header\" ><a class=\"aio-icon-box-link\" href=\"mailto:info@humboldttoursberlin.com\" target=\"_blank\" rel=\"noopener\" ><h3 class=\"aio-icon-title ult-responsive\"  data-ultimate-target='#Info-box-wrap-2542 .aio-icon-title'  data-responsive-json-new='{\"font-size\":\"desktop:16px;\",\"line-height\":\"desktop:22px;\"}'  style=\"font-family:&#039;Open Sans&#039;;font-weight:normal;font-style:normal;color:#e7e7e7;\">info@humboldttoursberlin.com<\/h3><\/a><\/div> <!-- header --><\/div> <!-- aio-icon-box --><\/div> <!-- aio-icon-component --><div class=\"aio-icon-component  vc_custom_1591363498727   style_1\"><div id=\"Info-box-wrap-6149\" class=\"aio-icon-box default-icon\" style=\"\"  ><div class=\"aio-icon-default\"><div class=\"ult-just-icon-wrapper  \"><div class=\"align-icon\" style=\"text-align:center;\">\n<div class=\"aio-icon none \"  style=\"color:#f5b829;font-size:20px;display:inline-block;\">\n\t<i class=\"icomoon-the7-font-the7-clock-03\"><\/i>\n<\/div><\/div><\/div><\/div><div class=\"aio-icon-header\" ><h3 class=\"aio-icon-title ult-responsive\"  data-ultimate-target='#Info-box-wrap-6149 .aio-icon-title'  data-responsive-json-new='{\"font-size\":\"desktop:16px;\",\"line-height\":\"desktop:22px;\"}'  style=\"font-family:&#039;Open Sans&#039;;font-weight:normal;font-style:normal;color:#e7e7e7;\">09.00 - 18.00 (Montag - Freitag)<\/h3><\/div> <!-- header --><\/div> <!-- aio-icon-box --><\/div> <!-- aio-icon-component -->[\/vc_column][vc_column width=&#8220;1\/2&#8243; css=&#8220;.vc_custom_1492766752090{padding-bottom: 50px !important;}&#8220;]\n<div class=\"wpcf7 no-js\" id=\"wpcf7-f2927-o1\" lang=\"de-DE\" dir=\"ltr\" data-wpcf7-id=\"2927\">\n<div class=\"screen-reader-response\"><p role=\"status\" aria-live=\"polite\" aria-atomic=\"true\"><\/p> <ul><\/ul><\/div>\n<form action=\"\/de\/wp-json\/wp\/v2\/pages\/5578#wpcf7-f2927-o1\" method=\"post\" class=\"wpcf7-form init\" aria-label=\"Kontaktformular\" novalidate=\"novalidate\" data-status=\"init\">\n<fieldset class=\"hidden-fields-container\"><input type=\"hidden\" name=\"_wpcf7\" value=\"2927\" \/><input type=\"hidden\" name=\"_wpcf7_version\" value=\"6.1.5\" \/><input type=\"hidden\" name=\"_wpcf7_locale\" value=\"de_DE\" \/><input type=\"hidden\" name=\"_wpcf7_unit_tag\" value=\"wpcf7-f2927-o1\" \/><input type=\"hidden\" name=\"_wpcf7_container_post\" value=\"0\" \/><input type=\"hidden\" name=\"_wpcf7_posted_data_hash\" value=\"\" \/><input type=\"hidden\" name=\"_wpcf7_recaptcha_response\" value=\"\" \/>\n<\/fieldset>\n<p><span class=\"contact-form-white-titles\">Tour Auswahl*<\/span><br \/>\n<span class=\"wpcf7-form-control-wrap\" data-name=\"your-product\"><select class=\"wpcf7-form-control wpcf7-select wpcf7-validates-as-required\" aria-required=\"true\" aria-invalid=\"false\" name=\"your-product\"><option value=\"\">&#8211; Bitte ausw\u00e4hlen &#8211;<\/option><option value=\"Berlin Highlights\">Berlin Highlights<\/option><option value=\"J\u00fcdische Geschichtstour Berlin (halbtags)\">J\u00fcdische Geschichtstour Berlin (halbtags)<\/option><option value=\"J\u00fcdische Geschichtstour Berlin (ganztags)\">J\u00fcdische Geschichtstour Berlin (ganztags)<\/option><option value=\"Berliner Mauer und kalter Krieg\">Berliner Mauer und kalter Krieg<\/option><option value=\"Potsdam: k\u00f6nigliche Schl\u00f6sser und G\u00e4rten\">Potsdam: k\u00f6nigliche Schl\u00f6sser und G\u00e4rten<\/option><option value=\"Potsdam: WW2 und kalter Krieg\">Potsdam: WW2 und kalter Krieg<\/option><option value=\"Architektur in Berlin\">Architektur in Berlin<\/option><option value=\"Gedenkst\u00e4tte Sachsenhausen\">Gedenkst\u00e4tte Sachsenhausen<\/option><option value=\"Schlacht um Berlin\">Schlacht um Berlin<\/option><option value=\"Das Dritte Reich und Nazi Berlin\">Das Dritte Reich und Nazi Berlin<\/option><option value=\"Wien am Abend\">Wien am Abend<\/option><option value=\"Kulinarisches Wien\">Kulinarisches Wien<\/option><option value=\"Bier trinken in Prag\">Bier trinken in Prag<\/option><option value=\"Prag\u00b4s Greatest Hits\">Prag\u00b4s Greatest Hits<\/option><option value=\"\u00dcber das Leben von Friedrich II (digitale Tour)\">\u00dcber das Leben von Friedrich II (digitale Tour)<\/option><option value=\"Erinnerungskultur in Deutschland (digitale Tour)\">Erinnerungskultur in Deutschland (digitale Tour)<\/option><option value=\"Grenz\u00fcberschreitung: der kulturelle Zusammensto\u00df (digitale Tour)\">Grenz\u00fcberschreitung: der kulturelle Zusammensto\u00df (digitale Tour)<\/option><option value=\"Berlin - eine kulinarische Reise (digitale Tour)\">Berlin - eine kulinarische Reise (digitale Tour)<\/option><option value=\"Street Art Tour (digitale Tour)\">Street Art Tour (digitale Tour)<\/option><option value=\"Kreieren Sie Ihre eigene Tour (digitale Tour)\">Kreieren Sie Ihre eigene Tour (digitale Tour)<\/option><\/select><\/span><br \/>\n<span class=\"contact-form-white-titles\">Personenanzahl*<\/span><br \/>\n<span class=\"wpcf7-form-control-wrap\" data-name=\"your-persons\"><select class=\"wpcf7-form-control wpcf7-select wpcf7-validates-as-required\" aria-required=\"true\" aria-invalid=\"false\" name=\"your-persons\"><option value=\"\">&#8211; Bitte ausw\u00e4hlen &#8211;<\/option><option value=\"1\">1<\/option><option value=\"2\">2<\/option><option value=\"3\">3<\/option><option value=\"4\">4<\/option><option value=\"5\">5<\/option><option value=\"6\">6<\/option><option value=\"6+\">6+<\/option><\/select><\/span><br \/>\n<span class=\"contact-form-white-titles\">Name*<\/span><br \/>\n<span class=\"wpcf7-form-control-wrap\" data-name=\"your-name\"><input size=\"40\" maxlength=\"400\" class=\"wpcf7-form-control wpcf7-text wpcf7-validates-as-required required\" aria-required=\"true\" aria-invalid=\"false\" value=\"\" type=\"text\" name=\"your-name\" \/><\/span><br \/>\n<span class=\"contact-form-white-titles\">E-Mail*<\/span><br \/>\n<span class=\"wpcf7-form-control-wrap\" data-name=\"your-mail\"><input size=\"40\" maxlength=\"400\" class=\"wpcf7-form-control wpcf7-email wpcf7-validates-as-required wpcf7-text wpcf7-validates-as-email required\" aria-required=\"true\" aria-invalid=\"false\" value=\"\" type=\"email\" name=\"your-mail\" \/><\/span><br \/>\n<span class=\"contact-form-white-titles\">Telefonnummer (mit Vorwahl)<\/span><br \/>\n<span class=\"wpcf7-form-control-wrap\" data-name=\"your-phone\"><input size=\"40\" maxlength=\"400\" class=\"wpcf7-form-control wpcf7-tel wpcf7-text wpcf7-validates-as-tel required\" aria-invalid=\"false\" value=\"\" type=\"tel\" name=\"your-phone\" \/><\/span><br \/>\n<span class=\"contact-form-white-titles\">Zusatzinformationen*<\/span><br \/>\n<span class=\"wpcf7-form-control-wrap\" data-name=\"your-message\"><textarea cols=\"40\" rows=\"3\" maxlength=\"2000\" class=\"wpcf7-form-control wpcf7-textarea wpcf7-validates-as-required\" aria-required=\"true\" aria-invalid=\"false\" name=\"your-message\">z.B. Hotelname, Datum der Tour, Startzeit, spezielle Bed\u00fcrfnisse<\/textarea><\/span>\n<\/p>\n<p><input class=\"wpcf7-form-control wpcf7-submit has-spinner\" type=\"submit\" value=\"TOUR ANFRAGE!\" \/>\n<\/p><div class=\"wpcf7-response-output\" aria-hidden=\"true\"><\/div>\n<\/form>\n<\/div>\n[\/vc_column][\/vc_row]<\/p>\n<\/div>","protected":false},"excerpt":{"rendered":"<p>[vc_row full_height=&#8220;yes&#8220; bg_type=&#8220;image&#8220; parallax_style=&#8220;vcpb-default&#8220; bg_image_new=&#8220;id^8304|url^https:\/\/humboldttoursberlin.com\/wp-content\/uploads\/2025\/08\/HTB-MICE.jpg|caption^null|alt^null|title^HTB-MICE|description^null&#8220; bg_image_repeat=&#8220;no-repeat&#8220; bg_img_attach=&#8220;fixed&#8220; bg_image_posiiton=&#8220;0px 0px&#8220; bg_override=&#8220;ex-full&#8220; enable_overlay=&#8220;enable_overlay_value&#8220; overlay_color=&#8220;rgba(0,0,0,0.17)&#8220; type=&#8220;vc_default&#8220; anchor=&#8220;expeditions&#8220; css=&#8220;.vc_custom_1754255480016{padding-top: 110px !important;padding-bottom: 110px !important;}&#8220;][vc_column offset=&#8220;vc_col-lg-offset-2 vc_col-lg-8 vc_col-md-offset-1 vc_col-md-10 vc_col-sm-offset-0&#8243; css=&#8220;.vc_custom_1492581739671{padding-bottom: 70px !important;}&#8220;][\/vc_column][\/vc_row][vc_row css=&#8220;.vc_custom_1585744293652{padding-top: 100px !important;padding-bottom: 50px !important;}&#8220;][vc_column][vc_column_text] Die Hauptstadt Deutschlands hat eine Menge zu bieten. Eine ausgedehnte Kulturszene, viele historische Schaupl\u00e4tze und kulinarische Spezialit\u00e4ten aus der ganzen Welt. Deshalb bieten&hellip;<\/p>\n","protected":false},"author":3,"featured_media":0,"parent":0,"menu_order":40,"comment_status":"closed","ping_status":"closed","template":"","meta":{"footnotes":""},"class_list":["post-5578","page","type-page","status-publish","hentry","description-off"],"aioseo_notices":[],"_links":{"self":[{"href":"https:\/\/humboldttoursberlin.com\/de\/wp-json\/wp\/v2\/pages\/5578","targetHints":{"allow":["GET"]}}],"collection":[{"href":"https:\/\/humboldttoursberlin.com\/de\/wp-json\/wp\/v2\/pages"}],"about":[{"href":"https:\/\/humboldttoursberlin.com\/de\/wp-json\/wp\/v2\/types\/page"}],"author":[{"embeddable":true,"href":"https:\/\/humboldttoursberlin.com\/de\/wp-json\/wp\/v2\/users\/3"}],"replies":[{"embeddable":true,"href":"https:\/\/humboldttoursberlin.com\/de\/wp-json\/wp\/v2\/comments?post=5578"}],"version-history":[{"count":5,"href":"https:\/\/humboldttoursberlin.com\/de\/wp-json\/wp\/v2\/pages\/5578\/revisions"}],"predecessor-version":[{"id":8332,"href":"https:\/\/humboldttoursberlin.com\/de\/wp-json\/wp\/v2\/pages\/5578\/revisions\/8332"}],"wp:attachment":[{"href":"https:\/\/humboldttoursberlin.com\/de\/wp-json\/wp\/v2\/media?parent=5578"}],"curies":[{"name":"wp","href":"https:\/\/api.w.org\/{rel}","templated":true}]}}