{"id":5583,"date":"2022-03-08T12:30:53","date_gmt":"2022-03-08T12:30:53","guid":{"rendered":"https:\/\/humboldttoursberlin.com\/?page_id=5583"},"modified":"2025-08-03T21:11:46","modified_gmt":"2025-08-03T21:11:46","slug":"teambuilding-berlin","status":"publish","type":"page","link":"https:\/\/humboldttoursberlin.com\/de\/teambuilding-berlin\/","title":{"rendered":"Teambuilding Berlin"},"content":{"rendered":"<div class=\"wpb-content-wrapper\"><p>[vc_row full_height=&#8220;yes&#8220; bg_type=&#8220;image&#8220; parallax_style=&#8220;vcpb-default&#8220; bg_image_new=&#8220;id^8300|url^https:\/\/humboldttoursberlin.com\/wp-content\/uploads\/2025\/08\/HTB-Teambuilding.jpg|caption^null|alt^null|title^HTB-Teambuilding|description^null&#8220; bg_image_repeat=&#8220;no-repeat&#8220; bg_img_attach=&#8220;fixed&#8220; bg_image_posiiton=&#8220;0px 0px&#8220; bg_override=&#8220;ex-full&#8220; enable_overlay=&#8220;enable_overlay_value&#8220; overlay_color=&#8220;rgba(0,0,0,0.17)&#8220; type=&#8220;vc_default&#8220; anchor=&#8220;expeditions&#8220; css=&#8220;.vc_custom_1754255492928{padding-top: 110px !important;padding-bottom: 110px !important;}&#8220;][vc_column offset=&#8220;vc_col-lg-offset-2 vc_col-lg-8 vc_col-md-offset-1 vc_col-md-10 vc_col-sm-offset-0&#8243; css=&#8220;.vc_custom_1492581739671{padding-bottom: 70px !important;}&#8220;]<div id=\"ultimate-heading-64369f4d25140868\" class=\"uvc-heading ult-adjust-bottom-margin ultimate-heading-64369f4d25140868 uvc-6078 \" data-hspacer=\"no_spacer\"  data-halign=\"center\" style=\"text-align:center\"><div class=\"uvc-heading-spacer no_spacer\" style=\"top\"><\/div><div class=\"uvc-main-heading ult-responsive\"  data-ultimate-target='.uvc-heading.ultimate-heading-64369f4d25140868 h2'  data-responsive-json-new='{\"font-size\":\"desktop:50px;tablet_portrait:40px;\",\"line-height\":\"desktop:60px;tablet_portrait:50px;\"}' ><h2 style=\"font-family:&#039;Open Sans&#039;;font-weight:bold;color:#ffffff;margin-bottom:30px;\">Teambuilding Berlin<\/h2><\/div><\/div>[\/vc_column][\/vc_row][vc_row css=&#8220;.vc_custom_1585744293652{padding-top: 100px !important;padding-bottom: 50px !important;}&#8220;][vc_column]<div id=\"ultimate-heading-165469f4d251409f9\" class=\"uvc-heading ult-adjust-bottom-margin ultimate-heading-165469f4d251409f9 uvc-5194 \" data-hspacer=\"no_spacer\"  data-halign=\"left\" style=\"text-align:left\"><div class=\"uvc-heading-spacer no_spacer\" style=\"top\"><\/div><div class=\"uvc-main-heading ult-responsive\"  data-ultimate-target='.uvc-heading.ultimate-heading-165469f4d251409f9 h1'  data-responsive-json-new='{\"font-size\":\"desktop:36px;\",\"line-height\":\"desktop:46px;\"}' ><h1 style=\"font-weight:bold;color:#f5b829;margin-bottom:25px;\">Teambuilding Berlin \u2013 Mehrwert f\u00fcr Ihr Unternehmen<\/h1><\/div><\/div>[vc_column_text]<\/p>\n<p>Um Mitarbeitende f\u00fcr ihre Aufgaben zu begeistern, ist eine gute Arbeitsatmosph\u00e4re, in der sich alle wohlf\u00fchlen, unverzichtbar. Hier kommt unser Teambuilding in Berlin ins Spiel. Mit einem wertvollen Programm und passenden Aktivit\u00e4ten unterst\u00fctzen wir Sie dabei, unter Ihren Mitarbeitenden f\u00fcr einen respektvollen und vertrauensvollen Umgang zu sorgen. Gezielte Teamevents in Berlin und Umgebung helfen dabei, aus der Gruppe Ihrer Mitarbeitenden eine Einheit zu formen, von der nicht nur Ihre Angestellten, sondern das ganze Unternehmen profitiert. Wir unterst\u00fctzen Sie bei der Planung und Durchf\u00fchrung Ihres Teambuildings in Berlin sowohl im Vorfeld als auch vor Ort. Mit Humor und Leidenschaft zeigen wir Ihnen die aufregende Hauptstadt Deutschlands und finden ma\u00dfgeschneiderte L\u00f6sungen f\u00fcr Ihr Teamevent in Berlin \u2013 ganz nach Ihren Vorstellungen und W\u00fcnschen!<\/p>\n<h2 style=\"color: #f5b829; font-size: 22px; padding-top: 10px; line-height: 1.5;\">Teambuilding Events Berlin: Gemeinsam an einem Strang ziehen!<\/h2>\n<p>Ein Event zum Teambuilding in Berlin bietet die M\u00f6glichkeit, die Effizienz einzelner Teammitglieder und in der Folge die des gesamten Teams zu erh\u00f6hen und zu verbessern. Die zahlreichen M\u00f6glichkeiten, in Berlin ein erfolgreiches Teamevent zu veranstalten, sind darauf ausgerichtet, langfristige Erfolge f\u00fcr Unternehmen zu schaffen. Dabei liegt ein besonderer Fokus auf der Zufriedenheit Ihrer Mitarbeitenden, denn um gro\u00dfen Erfolg mit dem eigenen Unternehmen verbuchen zu k\u00f6nnen, sollten Kollegen mit der eigenen Arbeitssituation zufrieden sein. Bevor Sie sich f\u00fcr ein Teambuilding Event in Berlin entscheiden, sollten Sie sich allerdings \u00fcberlegen, welches Ziel Sie verfolgen. Je nachdem was Sie erreichen wollen, variiert die Art des Teamevents.<\/p>\n<p>Haben Sie Fragen zu unseren Teambuildings in Berlin? Dann <a href=\"https:\/\/humboldttoursberlin.com\/de\/kontakt\/\">kontaktieren<\/a> Sie uns schnell und einfach. In einem gemeinsamen Gespr\u00e4ch finden wir heraus, wie wir Ihre pers\u00f6nlichen Vorstellungen umsetzen k\u00f6nnen.<\/p>\n<p>[\/vc_column_text][vc_empty_space][vc_column_text css=&#8220;.vc_custom_1611590903088{border-top-width: 4px !important;border-bottom-width: 4px !important;padding-top: 10px !important;padding-right: 10px !important;padding-bottom: 10px !important;padding-left: 20px !important;border-top-color: #e7e7e7 !important;border-top-style: dotted !important;border-bottom-color: #e7e7e7 !important;border-bottom-style: dotted !important;}&#8220;]<\/p>\n<h6 class=\"p1\"><span style=\"color: #f5b829;\"><em>Haben Fragen zu dem Angebot? <\/em><\/span><span style=\"color: #f5b829;\"><em>Kontaktieren Sie uns ohne Umwege \u00fcber das unten stehende Formular.<\/em><\/span><\/h6>\n<p>[\/vc_column_text][vc_empty_space][vc_tta_accordion color=&#8220;white&#8220; active_section=&#8220;0&#8243; collapsible_all=&#8220;true&#8220; css=&#8220;.vc_custom_1644403599809{background-color: #ffffff !important;}&#8220;][vc_tta_section title=&#8220;Mehr erfahren&#8220; tab_id=&#8220;1644403206784-c0eee9f0-57e4&#8243;][vc_column_text]<\/p>\n<h2 style=\"color: #f5b829; margin-bottom: 25px; font-size: 22px;\">Teambuilding in Berlin f\u00fcr das Kennenlernen neuer Gruppen<\/h2>\n<p>Immer wieder kommt es dazu, dass neue Teams in einem Unternehmen entstehen. Vielleicht bahnt sich ein neues Projekt an, das neue Teammitglieder zusammenf\u00fchrt, oder Neuanstellungen sorgen f\u00fcr frischen Wind. Vertrauen sowohl zwischen den Mitarbeitenden als auch den F\u00fchrungskr\u00e4ften ist hierbei von immenser Bedeutung. Au\u00dferdem sollte es jedem und jeder Mitarbeitenden m\u00f6glich sein, seinen oder ihren Platz innerhalb des Teams zu finden. Alle Teammitglieder sollten die St\u00e4rken und Schw\u00e4chen der anderen anerkennen und akzeptieren. In einem solchen Fall bietet es sich an, bei Ihrem Teambuilding in Berlin den Fokus vor allem auf das Kennenlernen in entspannter Atmosph\u00e4re zu erm\u00f6glichen, in der auch Privatgespr\u00e4che gef\u00fchrt werden k\u00f6nnen.<\/p>\n<h3 style=\"color: #f5b829; font-size: 22px; padding-top: 10px; line-height: 1.5;\">Teamevents in Berlin, die bereits bestehende Teams st\u00e4rken<\/h3>\n<p>Bestimmte Situationen machen es immer mal erforderlich, Teambuilding Ma\u00dfnahmen anzusetzen. Sollte es beispielsweise immer mal wieder zu kleineren Konflikten kommen, die die Produktivit\u00e4t im Arbeitsalltag beeintr\u00e4chtigen, kann eines unserer Teambuildings in Berlin helfen. Oder ein bereits bestehendes Team soll sich nun einem neuen Projekt widmen. Auch in einem solchen Fall k\u00f6nnen die richtigen Teamevents in Berlin f\u00fcr neue Motivation sorgen. Achten Sie bei der Wahl der Events in einem solchen Fall darauf, dass sie das Selbstvertrauen der Kollegen und die Dynamik innerhalb der Gruppe st\u00e4rken. Gemeinsame Herausforderungen im Zuge eines Teambuildings in Berlin zu meistern, sch\u00e4rft den Gemeinschaftssinn.<\/p>\n<h3 style=\"color: #f5b829; font-size: 22px; padding-top: 10px; line-height: 1.5;\">Ein Teambuilding in Berlin vereint Spa\u00df mit anregendem Austausch<\/h3>\n<p>Gemeinsam mit Ihrem Team ist es Ihnen gelungen, einen gro\u00dfen Meilenstein in Ihrem Unternehmen zu erreichen oder ein gro\u00dfes Projekt erfolgreich abzuschlie\u00dfen. Wie l\u00e4sst sich das besser feiern, als Ihre Mitarbeitenden mit einem Teamevent in Berlin f\u00fcr Ihre harte Arbeit und ausgezeichnete Leistung zu belohnen? Oberste Priorit\u00e4t hat hierbei der Spa\u00df Ihrer Mitarbeitenden. Sorgen Sie mit dem richtigen Teamevent in Berlin f\u00fcr eine entspannte Atmosph\u00e4re, in der sich Ihre Mitarbeitenden austauschen und gegenseitig f\u00fcr die geleistete Arbeit loben k\u00f6nnen.<\/p>\n<h2 style=\"color: #f5b829; font-size: 22px; padding-top: 10px; line-height: 1.5;\">Teambuilding in Berlin \u2013 Mit Humboldt Tours Berlin<\/h2>\n<p>Wir von <a href=\"https:\/\/humboldttoursberlin.com\/de\/\">Humboldt Tours Berlin<\/a> sind der richtige Ansprechpartner f\u00fcr Sie, wenn Sie ein Event zum Teambuilding in Berlin planen. Dabei beschr\u00e4nken wir uns allerdings nicht auf die Hauptstadt, sondern realisieren Ihre W\u00fcnsche auch in St\u00e4dten wie Potsdam, Dresden und Hamburg. Neben einem vollen Programm unterst\u00fctzen wir Sie auch gerne bei passenden Aktivit\u00e4ten f\u00fcr Ihr Teambuilding in Berlin. Vom Flo\u00dfbau und Drachenbootrennen \u00fcber Oldtimer oder Trabi fahren bis hin zu Workshops mit Berliner K\u00fcnstlern \u2013 wir finden genau die Aktivit\u00e4ten, die Ihren W\u00fcnschen entsprechen. Dabei liegt unser Augenmerk immer auf Ihrer Zufriedenheit und der Ihrer Mitarbeitenden. IHR individuelles Erlebnis folgt dabei ganz unseren Werten der Nachhaltigkeit, denn nicht ohne Grund gilt unser Namensgeber als erster Umweltsch\u00fctzer unseres Planeten. Mit der Erfassung und Dokumentation der durch unsere Arbeit entstandenen CO\u2082-Emissionen machen wir es m\u00f6glich, diese an anderen Stellen wieder auszugleichen, damit unsere Events nachhaltig sind. Freuen Sie sich auf Ihr individuelles Teambuilding in Berlin f\u00fcr nachhaltige Effizienz in Ihrem Unternehmen![\/vc_column_text][\/vc_tta_section][\/vc_tta_accordion][\/vc_column][\/vc_row][vc_row bg_type=&#8220;image&#8220; parallax_style=&#8220;vcpb-default&#8220; bg_image_new=&#8220;id^1329|url^http:\/\/htb.ui10.com\/wp-content\/uploads\/2020\/04\/architecture-3741257_1920.jpg|caption^null|alt^null|title^architecture-3741257_1920|description^null&#8220; bg_image_repeat=&#8220;no-repeat&#8220; bg_img_attach=&#8220;fixed&#8220; bg_override=&#8220;ex-full&#8220; enable_overlay=&#8220;enable_overlay_value&#8220; overlay_color=&#8220;rgba(0,0,0,0.75)&#8220; type=&#8220;vc_default&#8220; css=&#8220;.vc_custom_1585909481224{padding-top: 90px !important;padding-bottom: 40px !important;}&#8220;][vc_column width=&#8220;1\/2&#8243; css=&#8220;.vc_custom_1492766890667{padding-bottom: 50px !important;}&#8220;]<div id=\"ultimate-heading-900869f4d25140a9a\" class=\"uvc-heading ult-adjust-bottom-margin ultimate-heading-900869f4d25140a9a uvc-4690 accent-subtitle-color\" data-hspacer=\"no_spacer\"  data-halign=\"left\" style=\"text-align:left\"><div class=\"uvc-heading-spacer no_spacer\" style=\"top\"><\/div><div class=\"uvc-sub-heading ult-responsive\"  data-ultimate-target='.uvc-heading.ultimate-heading-900869f4d25140a9a .uvc-sub-heading '  data-responsive-json-new='{\"font-size\":\"desktop:36px;\",\"line-height\":\"desktop:46px;\"}'  style=\"font-family:&#039;Open Sans&#039;;font-weight:700;margin-bottom:25px;\">Das ist meine Tour!<br \/>\nZur Anfrage.<\/div><\/div>[vc_column_text css=&#8220;.vc_custom_1596020722636{padding-bottom: 30px !important;}&#8220;]<\/p>\n<p class=\"p1\"><span style=\"color: #e7e7e7;\">Direkt \u00fcber dieses Formular k\u00f6nnen Sie Ihre Wunschtour anfragen. Teilen Sie uns gerne Ihre speziellen Interessen z.B. besonderer Startpunkt, Abholservice, Essensw\u00fcnsche, Barrierefreie Tour oder Ihren Wissendurst zu au\u00dfergew\u00f6hnlichen Themen mit.<\/span><\/p>\n<p>[\/vc_column_text]<div id=\"ultimate-heading-269769f4d25140b36\" class=\"uvc-heading ult-adjust-bottom-margin ultimate-heading-269769f4d25140b36 uvc-6154 accent-title-color\" data-hspacer=\"no_spacer\"  data-halign=\"left\" style=\"text-align:left\"><div class=\"uvc-heading-spacer no_spacer\" style=\"top\"><\/div><div class=\"uvc-main-heading ult-responsive\"  data-ultimate-target='.uvc-heading.ultimate-heading-269769f4d25140b36 h2'  data-responsive-json-new='{\"font-size\":\"desktop:18px;\",\"line-height\":\"desktop:32px;\"}' ><h2 style=\"font-family:&#039;Open Sans&#039;;font-weight:bold;color:#ffffff;margin-bottom:25px;\">Gerne beantworten wir Ihre Fragen. Preise f\u00fcr spezielle Services oder f\u00fcr Gruppen mit mehr als sechs Teilnehmern teilen wir Ihnen auf Anfrage mit.<\/h2><\/div><\/div><div class=\"aio-icon-component  vc_custom_1591214091497  dt-phone style_1\"><div id=\"Info-box-wrap-9976\" class=\"aio-icon-box default-icon\" style=\"\"  ><div class=\"aio-icon-default\"><div class=\"ult-just-icon-wrapper  \"><div class=\"align-icon\" style=\"text-align:center;\">\n<div class=\"aio-icon none \"  style=\"color:#f5b829;font-size:20px;display:inline-block;\">\n\t<i class=\"icomoon-the7-font-the7-phone-051\"><\/i>\n<\/div><\/div><\/div><\/div><div class=\"aio-icon-header\" ><a class=\"aio-icon-box-link\" href=\"tel:+493026105715\" title=\"+49 30 26105715\" target=\"_blank\" rel=\"noopener\" ><h3 class=\"aio-icon-title ult-responsive\"  data-ultimate-target='#Info-box-wrap-9976 .aio-icon-title'  data-responsive-json-new='{\"font-size\":\"desktop:16px;\",\"line-height\":\"desktop:22px;\"}'  style=\"font-family:&#039;Open Sans&#039;;font-weight:normal;font-style:normal;color:#e7e7e7;\">+49 30 26105715<\/h3><\/a><\/div> <!-- header --><\/div> <!-- aio-icon-box --><\/div> <!-- aio-icon-component --><div class=\"aio-icon-component  vc_custom_1591214600682   style_1\"><div id=\"Info-box-wrap-5450\" class=\"aio-icon-box default-icon\" style=\"\"  ><div class=\"aio-icon-default\"><div class=\"ult-just-icon-wrapper  \"><div class=\"align-icon\" style=\"text-align:center;\">\n<div class=\"aio-icon none \"  style=\"color:#f5b829;font-size:20px;display:inline-block;\">\n\t<i class=\"icomoon-the7-font-the7-mail-03\"><\/i>\n<\/div><\/div><\/div><\/div><div class=\"aio-icon-header\" ><a class=\"aio-icon-box-link\" href=\"mailto:info@humboldttoursberlin.com\" target=\"_blank\" rel=\"noopener\" ><h3 class=\"aio-icon-title ult-responsive\"  data-ultimate-target='#Info-box-wrap-5450 .aio-icon-title'  data-responsive-json-new='{\"font-size\":\"desktop:16px;\",\"line-height\":\"desktop:22px;\"}'  style=\"font-family:&#039;Open Sans&#039;;font-weight:normal;font-style:normal;color:#e7e7e7;\">info@humboldttoursberlin.com<\/h3><\/a><\/div> <!-- header --><\/div> <!-- aio-icon-box --><\/div> <!-- aio-icon-component --><div class=\"aio-icon-component  vc_custom_1591363498727   style_1\"><div id=\"Info-box-wrap-8736\" class=\"aio-icon-box default-icon\" style=\"\"  ><div class=\"aio-icon-default\"><div class=\"ult-just-icon-wrapper  \"><div class=\"align-icon\" style=\"text-align:center;\">\n<div class=\"aio-icon none \"  style=\"color:#f5b829;font-size:20px;display:inline-block;\">\n\t<i class=\"icomoon-the7-font-the7-clock-03\"><\/i>\n<\/div><\/div><\/div><\/div><div class=\"aio-icon-header\" ><h3 class=\"aio-icon-title ult-responsive\"  data-ultimate-target='#Info-box-wrap-8736 .aio-icon-title'  data-responsive-json-new='{\"font-size\":\"desktop:16px;\",\"line-height\":\"desktop:22px;\"}'  style=\"font-family:&#039;Open Sans&#039;;font-weight:normal;font-style:normal;color:#e7e7e7;\">09.00 - 18.00 (Montag - Freitag)<\/h3><\/div> <!-- header --><\/div> <!-- aio-icon-box --><\/div> <!-- aio-icon-component -->[\/vc_column][vc_column width=&#8220;1\/2&#8243; css=&#8220;.vc_custom_1492766752090{padding-bottom: 50px !important;}&#8220;]\n<div class=\"wpcf7 no-js\" id=\"wpcf7-f2927-o1\" lang=\"de-DE\" dir=\"ltr\" data-wpcf7-id=\"2927\">\n<div class=\"screen-reader-response\"><p role=\"status\" aria-live=\"polite\" aria-atomic=\"true\"><\/p> <ul><\/ul><\/div>\n<form action=\"\/de\/wp-json\/wp\/v2\/pages\/5583#wpcf7-f2927-o1\" method=\"post\" class=\"wpcf7-form init\" aria-label=\"Kontaktformular\" novalidate=\"novalidate\" data-status=\"init\">\n<fieldset class=\"hidden-fields-container\"><input type=\"hidden\" name=\"_wpcf7\" value=\"2927\" \/><input type=\"hidden\" name=\"_wpcf7_version\" value=\"6.1.5\" \/><input type=\"hidden\" name=\"_wpcf7_locale\" value=\"de_DE\" \/><input type=\"hidden\" name=\"_wpcf7_unit_tag\" value=\"wpcf7-f2927-o1\" \/><input type=\"hidden\" name=\"_wpcf7_container_post\" value=\"0\" \/><input type=\"hidden\" name=\"_wpcf7_posted_data_hash\" value=\"\" \/><input type=\"hidden\" name=\"_wpcf7_recaptcha_response\" value=\"\" \/>\n<\/fieldset>\n<p><span class=\"contact-form-white-titles\">Tour Auswahl*<\/span><br \/>\n<span class=\"wpcf7-form-control-wrap\" data-name=\"your-product\"><select class=\"wpcf7-form-control wpcf7-select wpcf7-validates-as-required\" aria-required=\"true\" aria-invalid=\"false\" name=\"your-product\"><option value=\"\">&#8211; Bitte ausw\u00e4hlen &#8211;<\/option><option value=\"Berlin Highlights\">Berlin Highlights<\/option><option value=\"J\u00fcdische Geschichtstour Berlin (halbtags)\">J\u00fcdische Geschichtstour Berlin (halbtags)<\/option><option value=\"J\u00fcdische Geschichtstour Berlin (ganztags)\">J\u00fcdische Geschichtstour Berlin (ganztags)<\/option><option value=\"Berliner Mauer und kalter Krieg\">Berliner Mauer und kalter Krieg<\/option><option value=\"Potsdam: k\u00f6nigliche Schl\u00f6sser und G\u00e4rten\">Potsdam: k\u00f6nigliche Schl\u00f6sser und G\u00e4rten<\/option><option value=\"Potsdam: WW2 und kalter Krieg\">Potsdam: WW2 und kalter Krieg<\/option><option value=\"Architektur in Berlin\">Architektur in Berlin<\/option><option value=\"Gedenkst\u00e4tte Sachsenhausen\">Gedenkst\u00e4tte Sachsenhausen<\/option><option value=\"Schlacht um Berlin\">Schlacht um Berlin<\/option><option value=\"Das Dritte Reich und Nazi Berlin\">Das Dritte Reich und Nazi Berlin<\/option><option value=\"Wien am Abend\">Wien am Abend<\/option><option value=\"Kulinarisches Wien\">Kulinarisches Wien<\/option><option value=\"Bier trinken in Prag\">Bier trinken in Prag<\/option><option value=\"Prag\u00b4s Greatest Hits\">Prag\u00b4s Greatest Hits<\/option><option value=\"\u00dcber das Leben von Friedrich II (digitale Tour)\">\u00dcber das Leben von Friedrich II (digitale Tour)<\/option><option value=\"Erinnerungskultur in Deutschland (digitale Tour)\">Erinnerungskultur in Deutschland (digitale Tour)<\/option><option value=\"Grenz\u00fcberschreitung: der kulturelle Zusammensto\u00df (digitale Tour)\">Grenz\u00fcberschreitung: der kulturelle Zusammensto\u00df (digitale Tour)<\/option><option value=\"Berlin - eine kulinarische Reise (digitale Tour)\">Berlin - eine kulinarische Reise (digitale Tour)<\/option><option value=\"Street Art Tour (digitale Tour)\">Street Art Tour (digitale Tour)<\/option><option value=\"Kreieren Sie Ihre eigene Tour (digitale Tour)\">Kreieren Sie Ihre eigene Tour (digitale Tour)<\/option><\/select><\/span><br \/>\n<span class=\"contact-form-white-titles\">Personenanzahl*<\/span><br \/>\n<span class=\"wpcf7-form-control-wrap\" data-name=\"your-persons\"><select class=\"wpcf7-form-control wpcf7-select wpcf7-validates-as-required\" aria-required=\"true\" aria-invalid=\"false\" name=\"your-persons\"><option value=\"\">&#8211; Bitte ausw\u00e4hlen &#8211;<\/option><option value=\"1\">1<\/option><option value=\"2\">2<\/option><option value=\"3\">3<\/option><option value=\"4\">4<\/option><option value=\"5\">5<\/option><option value=\"6\">6<\/option><option value=\"6+\">6+<\/option><\/select><\/span><br \/>\n<span class=\"contact-form-white-titles\">Name*<\/span><br \/>\n<span class=\"wpcf7-form-control-wrap\" data-name=\"your-name\"><input size=\"40\" maxlength=\"400\" class=\"wpcf7-form-control wpcf7-text wpcf7-validates-as-required required\" aria-required=\"true\" aria-invalid=\"false\" value=\"\" type=\"text\" name=\"your-name\" \/><\/span><br \/>\n<span class=\"contact-form-white-titles\">E-Mail*<\/span><br \/>\n<span class=\"wpcf7-form-control-wrap\" data-name=\"your-mail\"><input size=\"40\" maxlength=\"400\" class=\"wpcf7-form-control wpcf7-email wpcf7-validates-as-required wpcf7-text wpcf7-validates-as-email required\" aria-required=\"true\" aria-invalid=\"false\" value=\"\" type=\"email\" name=\"your-mail\" \/><\/span><br \/>\n<span class=\"contact-form-white-titles\">Telefonnummer (mit Vorwahl)<\/span><br \/>\n<span class=\"wpcf7-form-control-wrap\" data-name=\"your-phone\"><input size=\"40\" maxlength=\"400\" class=\"wpcf7-form-control wpcf7-tel wpcf7-text wpcf7-validates-as-tel required\" aria-invalid=\"false\" value=\"\" type=\"tel\" name=\"your-phone\" \/><\/span><br \/>\n<span class=\"contact-form-white-titles\">Zusatzinformationen*<\/span><br \/>\n<span class=\"wpcf7-form-control-wrap\" data-name=\"your-message\"><textarea cols=\"40\" rows=\"3\" maxlength=\"2000\" class=\"wpcf7-form-control wpcf7-textarea wpcf7-validates-as-required\" aria-required=\"true\" aria-invalid=\"false\" name=\"your-message\">z.B. Hotelname, Datum der Tour, Startzeit, spezielle Bed\u00fcrfnisse<\/textarea><\/span>\n<\/p>\n<p><input class=\"wpcf7-form-control wpcf7-submit has-spinner\" type=\"submit\" value=\"TOUR ANFRAGE!\" \/>\n<\/p><div class=\"wpcf7-response-output\" aria-hidden=\"true\"><\/div>\n<\/form>\n<\/div>\n[\/vc_column][\/vc_row]<\/p>\n<\/div>","protected":false},"excerpt":{"rendered":"<p>[vc_row full_height=&#8220;yes&#8220; bg_type=&#8220;image&#8220; parallax_style=&#8220;vcpb-default&#8220; bg_image_new=&#8220;id^8300|url^https:\/\/humboldttoursberlin.com\/wp-content\/uploads\/2025\/08\/HTB-Teambuilding.jpg|caption^null|alt^null|title^HTB-Teambuilding|description^null&#8220; bg_image_repeat=&#8220;no-repeat&#8220; bg_img_attach=&#8220;fixed&#8220; bg_image_posiiton=&#8220;0px 0px&#8220; bg_override=&#8220;ex-full&#8220; enable_overlay=&#8220;enable_overlay_value&#8220; overlay_color=&#8220;rgba(0,0,0,0.17)&#8220; type=&#8220;vc_default&#8220; anchor=&#8220;expeditions&#8220; css=&#8220;.vc_custom_1754255492928{padding-top: 110px !important;padding-bottom: 110px !important;}&#8220;][vc_column offset=&#8220;vc_col-lg-offset-2 vc_col-lg-8 vc_col-md-offset-1 vc_col-md-10 vc_col-sm-offset-0&#8243; css=&#8220;.vc_custom_1492581739671{padding-bottom: 70px !important;}&#8220;][\/vc_column][\/vc_row][vc_row css=&#8220;.vc_custom_1585744293652{padding-top: 100px !important;padding-bottom: 50px !important;}&#8220;][vc_column][vc_column_text] Um Mitarbeitende f\u00fcr ihre Aufgaben zu begeistern, ist eine gute Arbeitsatmosph\u00e4re, in der sich alle wohlf\u00fchlen, unverzichtbar. Hier kommt unser Teambuilding in Berlin&hellip;<\/p>\n","protected":false},"author":3,"featured_media":0,"parent":0,"menu_order":40,"comment_status":"closed","ping_status":"closed","template":"","meta":{"footnotes":""},"class_list":["post-5583","page","type-page","status-publish","hentry","description-off"],"aioseo_notices":[],"_links":{"self":[{"href":"https:\/\/humboldttoursberlin.com\/de\/wp-json\/wp\/v2\/pages\/5583","targetHints":{"allow":["GET"]}}],"collection":[{"href":"https:\/\/humboldttoursberlin.com\/de\/wp-json\/wp\/v2\/pages"}],"about":[{"href":"https:\/\/humboldttoursberlin.com\/de\/wp-json\/wp\/v2\/types\/page"}],"author":[{"embeddable":true,"href":"https:\/\/humboldttoursberlin.com\/de\/wp-json\/wp\/v2\/users\/3"}],"replies":[{"embeddable":true,"href":"https:\/\/humboldttoursberlin.com\/de\/wp-json\/wp\/v2\/comments?post=5583"}],"version-history":[{"count":3,"href":"https:\/\/humboldttoursberlin.com\/de\/wp-json\/wp\/v2\/pages\/5583\/revisions"}],"predecessor-version":[{"id":8333,"href":"https:\/\/humboldttoursberlin.com\/de\/wp-json\/wp\/v2\/pages\/5583\/revisions\/8333"}],"wp:attachment":[{"href":"https:\/\/humboldttoursberlin.com\/de\/wp-json\/wp\/v2\/media?parent=5583"}],"curies":[{"name":"wp","href":"https:\/\/api.w.org\/{rel}","templated":true}]}}