{"id":6117,"date":"2025-12-23T11:00:45","date_gmt":"2025-12-23T11:00:45","guid":{"rendered":"https:\/\/humboldttoursberlin.com\/?page_id=6117"},"modified":"2026-03-02T20:29:53","modified_gmt":"2026-03-02T20:29:53","slug":"zusammenarbeit-mit-humboldt-tours","status":"publish","type":"page","link":"https:\/\/humboldttoursberlin.com\/de\/zusammenarbeit-mit-humboldt-tours\/","title":{"rendered":"Zusammenarbeit mit Humboldt Tours"},"content":{"rendered":"<div class=\"wpb-content-wrapper\"><p>[vc_row full_width=&#8220;stretch_row&#8220; bg_type=&#8220;image&#8220; parallax_style=&#8220;vcpb-default&#8220; bg_image_new=&#8220;id^9774|url^https:\/\/humboldttoursberlin.com\/wp-content\/uploads\/2026\/03\/humboldt-tours-berlin-travel-advisors.jpg|caption^null|alt^Guests on a private Humboldt Tours Berlin experience, looking up in a historic courtyard during a tailored city tour.|title^humboldt-tours-berlin-travel-advisors|description^null&#8220; bg_image_repeat=&#8220;no-repeat&#8220; enable_overlay=&#8220;enable_overlay_value&#8220; overlay_color=&#8220;#00000040&#8243; type=&#8220;vc_default&#8220; anchor=&#8220;expeditions&#8220; css=&#8220;.vc_custom_1772483133650{padding-top: 100px !important;padding-bottom: 100px !important;}&#8220; el_class=&#8220;homepage-hero-row&#8220; row_title=&#8220;Hero&#8220;][vc_column]<div id=\"ultimate-heading-642469d29a5d98782\" class=\"uvc-heading ult-adjust-bottom-margin ultimate-heading-642469d29a5d98782 uvc-3195 contact-us-heading\" data-hspacer=\"no_spacer\"  data-halign=\"left\" style=\"text-align:left\"><div class=\"uvc-heading-spacer no_spacer\" style=\"top\"><\/div><div class=\"uvc-main-heading ult-responsive\"  data-ultimate-target='.uvc-heading.ultimate-heading-642469d29a5d98782 h1'  data-responsive-json-new='{\"font-size\":\"desktop:50px;tablet_portrait:40px;mobile:36px;\",\"line-height\":\"desktop:60px;tablet_portrait:50px;\"}' ><h1 style=\"font-family:&#039;Open Sans&#039;;font-weight:bold;color:#ffffff;margin-bottom:20px;\">ZUSAMMENARBEIT MIT HUMBOLDT TOURS BERLIN<\/h1><\/div><\/div><div id=\"ultimate-heading-944369d29a5d9884f\" class=\"uvc-heading ult-adjust-bottom-margin ultimate-heading-944369d29a5d9884f uvc-6568 private-tours-subheading\" data-hspacer=\"no_spacer\"  data-halign=\"left\" style=\"text-align:left\"><div class=\"uvc-heading-spacer no_spacer\" style=\"top\"><\/div><div class=\"uvc-main-heading ult-responsive\"  data-ultimate-target='.uvc-heading.ultimate-heading-944369d29a5d9884f h2'  data-responsive-json-new='{\"font-size\":\"desktop:18px;\",\"line-height\":\"desktop:27px;\"}' ><h2 style=\"--font-weight:theme;color:#FFFFFF;margin-top:30px;margin-bottom:40px;\">Private, ma\u00dfgeschneiderte Touren in Berlin und dar\u00fcber hinaus, mit lokalen Expertenguides und nahtloser Betreuung f\u00fcr Ihre Kunden.<\/h2><\/div><\/div><div class=\" ubtn-ctn-left homepage-hero-button\"><a class=\"ubtn-link ult-adjust-bottom-margin ubtn-left ubtn-custom homepage-hero-button\" href=\"https:\/\/humboldttoursberlin.com\/contact\/\" title=\"CONTACT\" ><button type=\"button\" id=\"ubtn-2718\"  class=\"ubtn ult-adjust-bottom-margin ult-responsive ubtn-custom ubtn-fade-bg  none  ubtn-left   tooltip-69d29a5d988c5\"  data-hover=\"\" data-border-color=\"\" data-bg=\"#f5b829\" data-hover-bg=\"#D09B21\" data-border-hover=\"\" data-shadow-hover=\"\" data-shadow-click=\"none\" data-shadow=\"\" data-shd-shadow=\"\"  data-ultimate-target='#ubtn-2718'  data-responsive-json-new='{\"font-size\":\"desktop:18px;\",\"line-height\":\"\"}'  style=\"font-family:&#039;Open Sans&#039;;font-weight:700;width:280px;min-height:60px;padding:24px px;border-radius:5px;border-width:0px;border-color:;border-style:solid;background: #f5b829;color: #ffffff;\"><span class=\"ubtn-hover\" style=\"background-color:#D09B21\"><\/span><span class=\"ubtn-data ubtn-text \" >Kontaktieren Sie uns<\/span><\/button><\/a><\/div>[\/vc_column][\/vc_row][vc_row equal_height=&#8220;yes&#8220; content_placement=&#8220;middle&#8220; type=&#8220;vc_default&#8220; margin_top=&#8220;-50&#8243; anchor=&#8220;about&#8220; css=&#8220;.vc_custom_1661514671098{padding-top: 60px !important;padding-bottom: 60px !important;}&#8220;][vc_column width=&#8220;1\/6&#8243; offset=&#8220;vc_col-lg-offset-0 vc_col-lg-7 vc_col-md-offset-0 vc_col-md-8&#8243; css=&#8220;.vc_custom_1772483204831{padding-top: 30px !important;padding-right: 40px !important;}&#8220;][vc_column_text css=&#8220;&#8220;]<\/p>\n<p class=\"p1\"><span class=\"s1\">Vielen Dank f\u00fcr Ihr Interesse an Humboldt Tours. Wir freuen uns, mit Reiseb\u00fcros und -beratern zusammenzuarbeiten und die perfekte Reiseroute f\u00fcr Ihre Kunden zu gestalten. Alle unsere Reisen sind privat und individuell anpassbar. Das bedeutet, wir k\u00f6nnen unsere bestehenden Reiserouten an Ihre Bed\u00fcrfnisse anpassen oder etwas ganz Einzigartiges entwickeln, das den pers\u00f6nlichen Vorlieben und Interessen Ihrer Kunden entspricht. <\/span><\/p>\n<p class=\"p1\"><span class=\"s1\">Wir haben unseren Sitz in Berlin, bieten aber Reisen in St\u00e4dten in ganz Deutschland und dar\u00fcber hinaus an, darunter Potsdam, Prag und Wien. In jeder Stadt legen wir Wert darauf, ein authentisches, informatives und interaktives Erlebnis zu bieten, das die Auswirkungen des Tourismus auf die lokale Bev\u00f6lkerung respektiert.<\/span><\/p>\n<p>[\/vc_column_text][\/vc_column][vc_column width=&#8220;2\/3&#8243; offset=&#8220;vc_col-lg-5 vc_col-md-4&#8243; css=&#8220;.vc_custom_1661514657101{padding-top: 2em !important;padding-right: 2em !important;padding-bottom: 2em !important;padding-left: 2em !important;background-color: #e5e5e5 !important;background-position: center !important;background-repeat: no-repeat !important;background-size: cover !important;}&#8220;][vc_column_text]<\/p>\n<h3 class=\"p1\"><span class=\"s1\">Bitte kontaktieren Sie uns, um die Bed\u00fcrfnisse Ihrer Kunden zu besprechen.<\/span><\/h3>\n<p>[\/vc_column_text]<style type=\"text\/css\" data-type=\"the7_shortcodes-inline-css\">.icon-with-text-shortcode.icon-text-id-61bdd65e79442be5ce78be87dfbbbb24 .text-icon {\n  width: 30px;\n  height: 30px;\n  line-height: 30px;\n  font-size: 15px;\n  border-radius: 200px;\n  margin: 0px 10px 0px 0px;\n}\n.icon-with-text-shortcode.icon-text-id-61bdd65e79442be5ce78be87dfbbbb24 .text-icon .icon-inner {\n  min-width: 30px;\n  min-height: 30px;\n  border-radius: 200px;\n}\n@media all and (-ms-high-contrast: none) {\n  .icon-with-text-shortcode.icon-text-id-61bdd65e79442be5ce78be87dfbbbb24 .text-icon .icon-inner {\n    height: 30px;\n  }\n}\n.icon-with-text-shortcode.icon-text-id-61bdd65e79442be5ce78be87dfbbbb24 .text-icon .dt-hover-icon {\n  line-height: 30px;\n}\n.icon-with-text-shortcode.icon-text-id-61bdd65e79442be5ce78be87dfbbbb24 .text-icon:before,\n.icon-with-text-shortcode.icon-text-id-61bdd65e79442be5ce78be87dfbbbb24 .text-icon:after,\n.icon-with-text-shortcode.icon-text-id-61bdd65e79442be5ce78be87dfbbbb24 .text-icon .icon-inner:before,\n.icon-with-text-shortcode.icon-text-id-61bdd65e79442be5ce78be87dfbbbb24 .text-icon .icon-inner:after {\n  min-width: 100%;\n  min-height: 100%;\n  padding: inherit;\n  border-radius: inherit;\n}\n.icon-with-text-shortcode.icon-text-id-61bdd65e79442be5ce78be87dfbbbb24 .text-icon.dt-icon-border-on:before {\n  border-width: 2px;\n  border-style: solid;\n}\n.dt-icon-border-dashed.icon-with-text-shortcode.icon-text-id-61bdd65e79442be5ce78be87dfbbbb24 .text-icon.dt-icon-border-on:before {\n  border-style: dashed;\n}\n.dt-icon-border-dotted.icon-with-text-shortcode.icon-text-id-61bdd65e79442be5ce78be87dfbbbb24 .text-icon.dt-icon-border-on:before {\n  border-style: dotted;\n}\n.dt-icon-border-double.icon-with-text-shortcode.icon-text-id-61bdd65e79442be5ce78be87dfbbbb24 .text-icon.dt-icon-border-on:before {\n  border-style: double;\n}\n.icon-with-text-shortcode.icon-text-id-61bdd65e79442be5ce78be87dfbbbb24 .text-icon.dt-icon-border-dashed.dt-icon-border-on:before {\n  border-style: dashed;\n}\n.icon-with-text-shortcode.icon-text-id-61bdd65e79442be5ce78be87dfbbbb24 .text-icon.dt-icon-border-dotted.dt-icon-border-on:before {\n  border-style: dotted;\n}\n.icon-with-text-shortcode.icon-text-id-61bdd65e79442be5ce78be87dfbbbb24 .text-icon.dt-icon-border-double.dt-icon-border-on:before {\n  border-style: double;\n}\n.icon-with-text-shortcode.icon-text-id-61bdd65e79442be5ce78be87dfbbbb24 .text-icon.dt-icon-hover-border-on:after {\n  border-width: 2px;\n  border-style: solid;\n}\n.icon-with-text-shortcode.icon-text-id-61bdd65e79442be5ce78be87dfbbbb24 .text-icon.dt-icon-border-dashed.dt-icon-hover-border-on:after {\n  border-style: dashed;\n}\n.icon-with-text-shortcode.icon-text-id-61bdd65e79442be5ce78be87dfbbbb24 .text-icon.dt-icon-border-dotted.dt-icon-hover-border-on:after {\n  border-style: dotted;\n}\n.icon-with-text-shortcode.icon-text-id-61bdd65e79442be5ce78be87dfbbbb24 .text-icon.dt-icon-border-double.dt-icon-hover-border-on:after {\n  border-style: double;\n}\n.icon-with-text-shortcode.icon-text-id-61bdd65e79442be5ce78be87dfbbbb24 .text-icon.dt-icon-hover-on:hover {\n  font-size: 15px;\n}\n#page .icon-with-text-shortcode.icon-text-id-61bdd65e79442be5ce78be87dfbbbb24 .text-icon.dt-icon-hover-on:hover .soc-font-icon,\n#phantom .icon-with-text-shortcode.icon-text-id-61bdd65e79442be5ce78be87dfbbbb24 .text-icon.dt-icon-hover-on:hover .soc-font-icon,\n#page .icon-with-text-shortcode.icon-text-id-61bdd65e79442be5ce78be87dfbbbb24 .text-icon.dt-icon-hover-on:hover .soc-icon,\n#phantom .icon-with-text-shortcode.icon-text-id-61bdd65e79442be5ce78be87dfbbbb24 .text-icon.dt-icon-hover-on:hover .soc-icon {\n  color: #fff;\n  background: none;\n}\n#page .icon-with-text-shortcode.icon-text-id-61bdd65e79442be5ce78be87dfbbbb24 .text-icon.dt-icon-hover-on:not(:hover) .soc-font-icon,\n#phantom .icon-with-text-shortcode.icon-text-id-61bdd65e79442be5ce78be87dfbbbb24 .text-icon.dt-icon-hover-on:not(:hover) .soc-font-icon,\n#page .icon-with-text-shortcode.icon-text-id-61bdd65e79442be5ce78be87dfbbbb24 .text-icon.dt-icon-hover-on:not(:hover) .soc-icon,\n#phantom .icon-with-text-shortcode.icon-text-id-61bdd65e79442be5ce78be87dfbbbb24 .text-icon.dt-icon-hover-on:not(:hover) .soc-icon,\n#page .icon-with-text-shortcode.icon-text-id-61bdd65e79442be5ce78be87dfbbbb24 .text-icon.dt-icon-hover-off .soc-font-icon,\n#phantom .icon-with-text-shortcode.icon-text-id-61bdd65e79442be5ce78be87dfbbbb24 .text-icon.dt-icon-hover-off .soc-font-icon,\n#page .icon-with-text-shortcode.icon-text-id-61bdd65e79442be5ce78be87dfbbbb24 .text-icon.dt-icon-hover-off .soc-icon,\n#phantom .icon-with-text-shortcode.icon-text-id-61bdd65e79442be5ce78be87dfbbbb24 .text-icon.dt-icon-hover-off .soc-icon {\n  color: #ffffff;\n  background: none;\n}\n.icon-with-text-shortcode.icon-text-id-61bdd65e79442be5ce78be87dfbbbb24.layout-1 {\n  grid-template-columns: 30px minmax(0,1fr);\n  grid-column-gap: 10px;\n}\n.icon-with-text-shortcode.icon-text-id-61bdd65e79442be5ce78be87dfbbbb24.layout-2 {\n  grid-template-columns: minmax(0,1fr) 30px;\n  grid-column-gap: 0px;\n}\n.icon-with-text-shortcode.icon-text-id-61bdd65e79442be5ce78be87dfbbbb24.layout-2 .text-icon {\n  margin-left: 0;\n}\n.icon-with-text-shortcode.icon-text-id-61bdd65e79442be5ce78be87dfbbbb24.layout-3 {\n  grid-template-columns: 30px minmax(0,1fr);\n}\n.icon-with-text-shortcode.icon-text-id-61bdd65e79442be5ce78be87dfbbbb24.layout-3 .dt-text-title {\n  margin-left: 10px;\n}\n.icon-with-text-shortcode.icon-text-id-61bdd65e79442be5ce78be87dfbbbb24 .dt-text-title {\n  margin-bottom: 0px;\n}\n.icon-with-text-shortcode.icon-text-id-61bdd65e79442be5ce78be87dfbbbb24 .dt-text-desc {\n  margin-bottom: 0px;\n}<\/style><div class=\"icon-with-text-shortcode  icon-text-id-61bdd65e79442be5ce78be87dfbbbb24 layout-3  vc_custom_1754087091699 \" ><span   class=\"text-icon dt-icon-bg-on dt-icon-hover-off\" ><span class=\"icon-inner\"><i class=\"dt-regular-icon soc-icon icomoon-the7-font-the7-phone-05\"><\/i><i class=\"dt-hover-icon soc-icon icomoon-the7-font-the7-phone-05\"><\/i><\/span><\/span><p class=\"dt-text-title\"  >+49 30 2610 5715<\/p><\/div><style type=\"text\/css\" data-type=\"the7_shortcodes-inline-css\">.icon-with-text-shortcode.icon-text-id-1dcbbfbf71e230851844cb4cb2f3d439 .text-icon {\n  width: 30px;\n  height: 30px;\n  line-height: 30px;\n  font-size: 15px;\n  border-radius: 200px;\n  margin: 0px 10px 0px 0px;\n}\n.icon-with-text-shortcode.icon-text-id-1dcbbfbf71e230851844cb4cb2f3d439 .text-icon .icon-inner {\n  min-width: 30px;\n  min-height: 30px;\n  border-radius: 200px;\n}\n@media all and (-ms-high-contrast: none) {\n  .icon-with-text-shortcode.icon-text-id-1dcbbfbf71e230851844cb4cb2f3d439 .text-icon .icon-inner {\n    height: 30px;\n  }\n}\n.icon-with-text-shortcode.icon-text-id-1dcbbfbf71e230851844cb4cb2f3d439 .text-icon .dt-hover-icon {\n  line-height: 30px;\n}\n.icon-with-text-shortcode.icon-text-id-1dcbbfbf71e230851844cb4cb2f3d439 .text-icon:before,\n.icon-with-text-shortcode.icon-text-id-1dcbbfbf71e230851844cb4cb2f3d439 .text-icon:after,\n.icon-with-text-shortcode.icon-text-id-1dcbbfbf71e230851844cb4cb2f3d439 .text-icon .icon-inner:before,\n.icon-with-text-shortcode.icon-text-id-1dcbbfbf71e230851844cb4cb2f3d439 .text-icon .icon-inner:after {\n  min-width: 100%;\n  min-height: 100%;\n  padding: inherit;\n  border-radius: inherit;\n}\n.icon-with-text-shortcode.icon-text-id-1dcbbfbf71e230851844cb4cb2f3d439 .text-icon.dt-icon-border-on:before {\n  border-width: 2px;\n  border-style: solid;\n}\n.dt-icon-border-dashed.icon-with-text-shortcode.icon-text-id-1dcbbfbf71e230851844cb4cb2f3d439 .text-icon.dt-icon-border-on:before {\n  border-style: dashed;\n}\n.dt-icon-border-dotted.icon-with-text-shortcode.icon-text-id-1dcbbfbf71e230851844cb4cb2f3d439 .text-icon.dt-icon-border-on:before {\n  border-style: dotted;\n}\n.dt-icon-border-double.icon-with-text-shortcode.icon-text-id-1dcbbfbf71e230851844cb4cb2f3d439 .text-icon.dt-icon-border-on:before {\n  border-style: double;\n}\n.icon-with-text-shortcode.icon-text-id-1dcbbfbf71e230851844cb4cb2f3d439 .text-icon.dt-icon-border-dashed.dt-icon-border-on:before {\n  border-style: dashed;\n}\n.icon-with-text-shortcode.icon-text-id-1dcbbfbf71e230851844cb4cb2f3d439 .text-icon.dt-icon-border-dotted.dt-icon-border-on:before {\n  border-style: dotted;\n}\n.icon-with-text-shortcode.icon-text-id-1dcbbfbf71e230851844cb4cb2f3d439 .text-icon.dt-icon-border-double.dt-icon-border-on:before {\n  border-style: double;\n}\n.icon-with-text-shortcode.icon-text-id-1dcbbfbf71e230851844cb4cb2f3d439 .text-icon.dt-icon-hover-border-on:after {\n  border-width: 2px;\n  border-style: solid;\n}\n.icon-with-text-shortcode.icon-text-id-1dcbbfbf71e230851844cb4cb2f3d439 .text-icon.dt-icon-border-dashed.dt-icon-hover-border-on:after {\n  border-style: dashed;\n}\n.icon-with-text-shortcode.icon-text-id-1dcbbfbf71e230851844cb4cb2f3d439 .text-icon.dt-icon-border-dotted.dt-icon-hover-border-on:after {\n  border-style: dotted;\n}\n.icon-with-text-shortcode.icon-text-id-1dcbbfbf71e230851844cb4cb2f3d439 .text-icon.dt-icon-border-double.dt-icon-hover-border-on:after {\n  border-style: double;\n}\n.icon-with-text-shortcode.icon-text-id-1dcbbfbf71e230851844cb4cb2f3d439 .text-icon.dt-icon-hover-on:hover {\n  font-size: 15px;\n}\n#page .icon-with-text-shortcode.icon-text-id-1dcbbfbf71e230851844cb4cb2f3d439 .text-icon.dt-icon-hover-on:hover .soc-font-icon,\n#phantom .icon-with-text-shortcode.icon-text-id-1dcbbfbf71e230851844cb4cb2f3d439 .text-icon.dt-icon-hover-on:hover .soc-font-icon,\n#page .icon-with-text-shortcode.icon-text-id-1dcbbfbf71e230851844cb4cb2f3d439 .text-icon.dt-icon-hover-on:hover .soc-icon,\n#phantom .icon-with-text-shortcode.icon-text-id-1dcbbfbf71e230851844cb4cb2f3d439 .text-icon.dt-icon-hover-on:hover .soc-icon {\n  color: #fff;\n  background: none;\n}\n#page .icon-with-text-shortcode.icon-text-id-1dcbbfbf71e230851844cb4cb2f3d439 .text-icon.dt-icon-hover-on:not(:hover) .soc-font-icon,\n#phantom .icon-with-text-shortcode.icon-text-id-1dcbbfbf71e230851844cb4cb2f3d439 .text-icon.dt-icon-hover-on:not(:hover) .soc-font-icon,\n#page .icon-with-text-shortcode.icon-text-id-1dcbbfbf71e230851844cb4cb2f3d439 .text-icon.dt-icon-hover-on:not(:hover) .soc-icon,\n#phantom .icon-with-text-shortcode.icon-text-id-1dcbbfbf71e230851844cb4cb2f3d439 .text-icon.dt-icon-hover-on:not(:hover) .soc-icon,\n#page .icon-with-text-shortcode.icon-text-id-1dcbbfbf71e230851844cb4cb2f3d439 .text-icon.dt-icon-hover-off .soc-font-icon,\n#phantom .icon-with-text-shortcode.icon-text-id-1dcbbfbf71e230851844cb4cb2f3d439 .text-icon.dt-icon-hover-off .soc-font-icon,\n#page .icon-with-text-shortcode.icon-text-id-1dcbbfbf71e230851844cb4cb2f3d439 .text-icon.dt-icon-hover-off .soc-icon,\n#phantom .icon-with-text-shortcode.icon-text-id-1dcbbfbf71e230851844cb4cb2f3d439 .text-icon.dt-icon-hover-off .soc-icon {\n  color: #ffffff;\n  background: none;\n}\n.icon-with-text-shortcode.icon-text-id-1dcbbfbf71e230851844cb4cb2f3d439.layout-1 {\n  grid-template-columns: 30px minmax(0,1fr);\n  grid-column-gap: 10px;\n}\n.icon-with-text-shortcode.icon-text-id-1dcbbfbf71e230851844cb4cb2f3d439.layout-2 {\n  grid-template-columns: minmax(0,1fr) 30px;\n  grid-column-gap: 0px;\n}\n.icon-with-text-shortcode.icon-text-id-1dcbbfbf71e230851844cb4cb2f3d439.layout-2 .text-icon {\n  margin-left: 0;\n}\n.icon-with-text-shortcode.icon-text-id-1dcbbfbf71e230851844cb4cb2f3d439.layout-3 {\n  grid-template-columns: 30px minmax(0,1fr);\n}\n.icon-with-text-shortcode.icon-text-id-1dcbbfbf71e230851844cb4cb2f3d439.layout-3 .dt-text-title {\n  margin-left: 10px;\n}\n.icon-with-text-shortcode.icon-text-id-1dcbbfbf71e230851844cb4cb2f3d439 .dt-text-title {\n  margin-bottom: 0px;\n}\n.icon-with-text-shortcode.icon-text-id-1dcbbfbf71e230851844cb4cb2f3d439 .dt-text-desc {\n  margin-bottom: 0px;\n}<\/style><div class=\"icon-with-text-shortcode  icon-text-id-1dcbbfbf71e230851844cb4cb2f3d439 layout-3  vc_custom_1754087100815 \" ><span   class=\"text-icon dt-icon-bg-on dt-icon-hover-off\" ><span class=\"icon-inner\"><i class=\"dt-regular-icon soc-icon icomoon-the7-font-the7-mail-01\"><\/i><i class=\"dt-hover-icon soc-icon icomoon-the7-font-the7-mail-01\"><\/i><\/span><\/span><p class=\"dt-text-title\"  >info@humboldttoursberlin.com<\/p><\/div><style type=\"text\/css\" data-type=\"the7_shortcodes-inline-css\">.icon-with-text-shortcode.icon-text-id-c25f9c0bc3d4400cb5d73e4668704e77 .text-icon {\n  width: 30px;\n  height: 30px;\n  line-height: 30px;\n  font-size: 15px;\n  border-radius: 200px;\n  margin: 0px 10px 0px 0px;\n}\n.icon-with-text-shortcode.icon-text-id-c25f9c0bc3d4400cb5d73e4668704e77 .text-icon .icon-inner {\n  min-width: 30px;\n  min-height: 30px;\n  border-radius: 200px;\n}\n@media all and (-ms-high-contrast: none) {\n  .icon-with-text-shortcode.icon-text-id-c25f9c0bc3d4400cb5d73e4668704e77 .text-icon .icon-inner {\n    height: 30px;\n  }\n}\n.icon-with-text-shortcode.icon-text-id-c25f9c0bc3d4400cb5d73e4668704e77 .text-icon .dt-hover-icon {\n  line-height: 30px;\n}\n.icon-with-text-shortcode.icon-text-id-c25f9c0bc3d4400cb5d73e4668704e77 .text-icon:before,\n.icon-with-text-shortcode.icon-text-id-c25f9c0bc3d4400cb5d73e4668704e77 .text-icon:after,\n.icon-with-text-shortcode.icon-text-id-c25f9c0bc3d4400cb5d73e4668704e77 .text-icon .icon-inner:before,\n.icon-with-text-shortcode.icon-text-id-c25f9c0bc3d4400cb5d73e4668704e77 .text-icon .icon-inner:after {\n  min-width: 100%;\n  min-height: 100%;\n  padding: inherit;\n  border-radius: inherit;\n}\n.icon-with-text-shortcode.icon-text-id-c25f9c0bc3d4400cb5d73e4668704e77 .text-icon.dt-icon-border-on:before {\n  border-width: 2px;\n  border-style: solid;\n}\n.dt-icon-border-dashed.icon-with-text-shortcode.icon-text-id-c25f9c0bc3d4400cb5d73e4668704e77 .text-icon.dt-icon-border-on:before {\n  border-style: dashed;\n}\n.dt-icon-border-dotted.icon-with-text-shortcode.icon-text-id-c25f9c0bc3d4400cb5d73e4668704e77 .text-icon.dt-icon-border-on:before {\n  border-style: dotted;\n}\n.dt-icon-border-double.icon-with-text-shortcode.icon-text-id-c25f9c0bc3d4400cb5d73e4668704e77 .text-icon.dt-icon-border-on:before {\n  border-style: double;\n}\n.icon-with-text-shortcode.icon-text-id-c25f9c0bc3d4400cb5d73e4668704e77 .text-icon.dt-icon-border-dashed.dt-icon-border-on:before {\n  border-style: dashed;\n}\n.icon-with-text-shortcode.icon-text-id-c25f9c0bc3d4400cb5d73e4668704e77 .text-icon.dt-icon-border-dotted.dt-icon-border-on:before {\n  border-style: dotted;\n}\n.icon-with-text-shortcode.icon-text-id-c25f9c0bc3d4400cb5d73e4668704e77 .text-icon.dt-icon-border-double.dt-icon-border-on:before {\n  border-style: double;\n}\n.icon-with-text-shortcode.icon-text-id-c25f9c0bc3d4400cb5d73e4668704e77 .text-icon.dt-icon-hover-border-on:after {\n  border-width: 2px;\n  border-style: solid;\n}\n.icon-with-text-shortcode.icon-text-id-c25f9c0bc3d4400cb5d73e4668704e77 .text-icon.dt-icon-border-dashed.dt-icon-hover-border-on:after {\n  border-style: dashed;\n}\n.icon-with-text-shortcode.icon-text-id-c25f9c0bc3d4400cb5d73e4668704e77 .text-icon.dt-icon-border-dotted.dt-icon-hover-border-on:after {\n  border-style: dotted;\n}\n.icon-with-text-shortcode.icon-text-id-c25f9c0bc3d4400cb5d73e4668704e77 .text-icon.dt-icon-border-double.dt-icon-hover-border-on:after {\n  border-style: double;\n}\n.icon-with-text-shortcode.icon-text-id-c25f9c0bc3d4400cb5d73e4668704e77 .text-icon.dt-icon-hover-on:hover {\n  font-size: 15px;\n}\n#page .icon-with-text-shortcode.icon-text-id-c25f9c0bc3d4400cb5d73e4668704e77 .text-icon.dt-icon-hover-on:hover .soc-font-icon,\n#phantom .icon-with-text-shortcode.icon-text-id-c25f9c0bc3d4400cb5d73e4668704e77 .text-icon.dt-icon-hover-on:hover .soc-font-icon,\n#page .icon-with-text-shortcode.icon-text-id-c25f9c0bc3d4400cb5d73e4668704e77 .text-icon.dt-icon-hover-on:hover .soc-icon,\n#phantom .icon-with-text-shortcode.icon-text-id-c25f9c0bc3d4400cb5d73e4668704e77 .text-icon.dt-icon-hover-on:hover .soc-icon {\n  color: #fff;\n  background: none;\n}\n#page .icon-with-text-shortcode.icon-text-id-c25f9c0bc3d4400cb5d73e4668704e77 .text-icon.dt-icon-hover-on:not(:hover) .soc-font-icon,\n#phantom .icon-with-text-shortcode.icon-text-id-c25f9c0bc3d4400cb5d73e4668704e77 .text-icon.dt-icon-hover-on:not(:hover) .soc-font-icon,\n#page .icon-with-text-shortcode.icon-text-id-c25f9c0bc3d4400cb5d73e4668704e77 .text-icon.dt-icon-hover-on:not(:hover) .soc-icon,\n#phantom .icon-with-text-shortcode.icon-text-id-c25f9c0bc3d4400cb5d73e4668704e77 .text-icon.dt-icon-hover-on:not(:hover) .soc-icon,\n#page .icon-with-text-shortcode.icon-text-id-c25f9c0bc3d4400cb5d73e4668704e77 .text-icon.dt-icon-hover-off .soc-font-icon,\n#phantom .icon-with-text-shortcode.icon-text-id-c25f9c0bc3d4400cb5d73e4668704e77 .text-icon.dt-icon-hover-off .soc-font-icon,\n#page .icon-with-text-shortcode.icon-text-id-c25f9c0bc3d4400cb5d73e4668704e77 .text-icon.dt-icon-hover-off .soc-icon,\n#phantom .icon-with-text-shortcode.icon-text-id-c25f9c0bc3d4400cb5d73e4668704e77 .text-icon.dt-icon-hover-off .soc-icon {\n  color: #ffffff;\n  background: none;\n}\n.icon-with-text-shortcode.icon-text-id-c25f9c0bc3d4400cb5d73e4668704e77.layout-1 {\n  grid-template-columns: 30px minmax(0,1fr);\n  grid-column-gap: 10px;\n}\n.icon-with-text-shortcode.icon-text-id-c25f9c0bc3d4400cb5d73e4668704e77.layout-2 {\n  grid-template-columns: minmax(0,1fr) 30px;\n  grid-column-gap: 0px;\n}\n.icon-with-text-shortcode.icon-text-id-c25f9c0bc3d4400cb5d73e4668704e77.layout-2 .text-icon {\n  margin-left: 0;\n}\n.icon-with-text-shortcode.icon-text-id-c25f9c0bc3d4400cb5d73e4668704e77.layout-3 {\n  grid-template-columns: 30px minmax(0,1fr);\n}\n.icon-with-text-shortcode.icon-text-id-c25f9c0bc3d4400cb5d73e4668704e77.layout-3 .dt-text-title {\n  margin-left: 10px;\n}\n.icon-with-text-shortcode.icon-text-id-c25f9c0bc3d4400cb5d73e4668704e77 .dt-text-title {\n  margin-bottom: 0px;\n}\n.icon-with-text-shortcode.icon-text-id-c25f9c0bc3d4400cb5d73e4668704e77 .dt-text-desc {\n  margin-bottom: 0px;\n}<\/style><div class=\"icon-with-text-shortcode  icon-text-id-c25f9c0bc3d4400cb5d73e4668704e77 layout-3  vc_custom_1754087108379 \" ><span   class=\"text-icon dt-icon-bg-on dt-icon-hover-off\" ><span class=\"icon-inner\"><i class=\"dt-regular-icon soc-icon icomoon-the7-font-the7-clock-01\"><\/i><i class=\"dt-hover-icon soc-icon icomoon-the7-font-the7-clock-01\"><\/i><\/span><\/span><p class=\"dt-text-title\"  >09:00 \u2013 18:00 Uhr (Mo. \u2013 Fr. | Deutsche Zeitzone)<\/p><\/div>[\/vc_column][\/vc_row]<\/p>\n<\/div>","protected":false},"excerpt":{"rendered":"<p>[vc_row full_width=&#8220;stretch_row&#8220; bg_type=&#8220;image&#8220; parallax_style=&#8220;vcpb-default&#8220; bg_image_new=&#8220;id^9774|url^https:\/\/humboldttoursberlin.com\/wp-content\/uploads\/2026\/03\/humboldt-tours-berlin-travel-advisors.jpg|caption^null|alt^Guests on a private Humboldt Tours Berlin experience, looking up in a historic courtyard during a tailored city tour.|title^humboldt-tours-berlin-travel-advisors|description^null&#8220; bg_image_repeat=&#8220;no-repeat&#8220; enable_overlay=&#8220;enable_overlay_value&#8220; overlay_color=&#8220;#00000040&#8243; type=&#8220;vc_default&#8220; anchor=&#8220;expeditions&#8220; css=&#8220;.vc_custom_1772483133650{padding-top: 100px !important;padding-bottom: 100px !important;}&#8220; el_class=&#8220;homepage-hero-row&#8220; row_title=&#8220;Hero&#8220;][vc_column][\/vc_column][\/vc_row][vc_row equal_height=&#8220;yes&#8220; content_placement=&#8220;middle&#8220; type=&#8220;vc_default&#8220; margin_top=&#8220;-50&#8243; anchor=&#8220;about&#8220; css=&#8220;.vc_custom_1661514671098{padding-top: 60px !important;padding-bottom: 60px !important;}&#8220;][vc_column width=&#8220;1\/6&#8243; offset=&#8220;vc_col-lg-offset-0 vc_col-lg-7 vc_col-md-offset-0 vc_col-md-8&#8243; css=&#8220;.vc_custom_1772483204831{padding-top: 30px !important;padding-right: 40px !important;}&#8220;][vc_column_text&hellip;<\/p>\n","protected":false},"author":3,"featured_media":0,"parent":0,"menu_order":10,"comment_status":"closed","ping_status":"open","template":"template-microsite.php","meta":{"footnotes":""},"class_list":["post-6117","page","type-page","status-publish","hentry","description-off"],"aioseo_notices":[],"_links":{"self":[{"href":"https:\/\/humboldttoursberlin.com\/de\/wp-json\/wp\/v2\/pages\/6117","targetHints":{"allow":["GET"]}}],"collection":[{"href":"https:\/\/humboldttoursberlin.com\/de\/wp-json\/wp\/v2\/pages"}],"about":[{"href":"https:\/\/humboldttoursberlin.com\/de\/wp-json\/wp\/v2\/types\/page"}],"author":[{"embeddable":true,"href":"https:\/\/humboldttoursberlin.com\/de\/wp-json\/wp\/v2\/users\/3"}],"replies":[{"embeddable":true,"href":"https:\/\/humboldttoursberlin.com\/de\/wp-json\/wp\/v2\/comments?post=6117"}],"version-history":[{"count":11,"href":"https:\/\/humboldttoursberlin.com\/de\/wp-json\/wp\/v2\/pages\/6117\/revisions"}],"predecessor-version":[{"id":9778,"href":"https:\/\/humboldttoursberlin.com\/de\/wp-json\/wp\/v2\/pages\/6117\/revisions\/9778"}],"wp:attachment":[{"href":"https:\/\/humboldttoursberlin.com\/de\/wp-json\/wp\/v2\/media?parent=6117"}],"curies":[{"name":"wp","href":"https:\/\/api.w.org\/{rel}","templated":true}]}}