{"id":7108,"date":"2023-08-11T04:40:18","date_gmt":"2023-08-11T04:40:18","guid":{"rendered":"https:\/\/humboldttoursberlin.com\/?page_id=7108"},"modified":"2025-12-23T04:28:56","modified_gmt":"2025-12-23T04:28:56","slug":"potsdam-touren","status":"publish","type":"page","link":"https:\/\/humboldttoursberlin.com\/de\/private-touren\/potsdam-touren\/","title":{"rendered":"Potsdam Touren"},"content":{"rendered":"<div class=\"wpb-content-wrapper\"><p>[vc_row full_width=&#8220;stretch_row&#8220; bg_type=&#8220;image&#8220; parallax_style=&#8220;vcpb-default&#8220; bg_image_new=&#8220;id^8882|url^https:\/\/humboldttoursberlin.com\/wp-content\/uploads\/2025\/11\/private-potsdam-tours-humboldt.jpg|caption^null|alt^Front fa\u00e7ade of Sanssouci Palace in Potsdam with green dome and yellow walls, used as hero image for private Potsdam tours|title^private-potsdam-tours-humboldt|description^null&#8220; bg_image_repeat=&#8220;no-repeat&#8220; enable_overlay=&#8220;enable_overlay_value&#8220; overlay_color=&#8220;#00000040&#8243; type=&#8220;vc_default&#8220; anchor=&#8220;expeditions&#8220; css=&#8220;.vc_custom_1764471354299{padding-top: 80px !important;padding-bottom: 60px !important;}&#8220; el_class=&#8220;private-tours-hero-row&#8220; row_title=&#8220;Hero&#8220;][vc_column]<div id=\"ultimate-heading-819769d299eddcf48\" class=\"uvc-heading ult-adjust-bottom-margin ultimate-heading-819769d299eddcf48 uvc-2092 private-tours-heading\" data-hspacer=\"no_spacer\"  data-halign=\"left\" style=\"text-align:left\"><div class=\"uvc-heading-spacer no_spacer\" style=\"top\"><\/div><div class=\"uvc-main-heading ult-responsive\"  data-ultimate-target='.uvc-heading.ultimate-heading-819769d299eddcf48 h1'  data-responsive-json-new='{\"font-size\":\"desktop:50px;tablet_portrait:40px;mobile:36px;\",\"line-height\":\"desktop:60px;tablet_portrait:50px;\"}' ><h1 style=\"font-family:&#039;Open Sans&#039;;font-weight:bold;color:#ffffff;margin-bottom:20px;\">PRIVATE POTSDAM-TOUREN MIT ORTSKUNDIGEN F\u00dcHRERN<\/h1><\/div><\/div><div id=\"ultimate-heading-193869d299eddd043\" class=\"uvc-heading ult-adjust-bottom-margin ultimate-heading-193869d299eddd043 uvc-6435 private-tours-subheading\" data-hspacer=\"no_spacer\"  data-halign=\"left\" style=\"text-align:left\"><div class=\"uvc-heading-spacer no_spacer\" style=\"top\"><\/div><div class=\"uvc-main-heading ult-responsive\"  data-ultimate-target='.uvc-heading.ultimate-heading-193869d299eddd043 h2'  data-responsive-json-new='{\"font-size\":\"desktop:18px;\",\"line-height\":\"desktop:27px;\"}' ><h2 style=\"--font-weight:theme;color:#FFFFFF;margin-top:30px;margin-bottom:40px;\">Exclusive private Potsdam tours, palace visits, and custom day trips for discerning travellers, families, and travel advisors<\/h2><\/div><\/div><div class=\" ubtn-ctn-left hero-button\"><a class=\"ubtn-link ult-adjust-bottom-margin ubtn-left ubtn-custom hero-button\" href=\"https:\/\/fareharbor.com\/embeds\/book\/humboldttoursberlin\/?full-items=yes&flow=827789&u=9b752885-1b33-4a5f-8427-a425716a20c8&from-ssl=yes&ga4t=&g4=no&cp=no&csp=no&back=https%3A%2F%2Fhumboldttoursberlin.com%2Fde%2Fprivate-touren%2Fpotsdam-touren%2F&language=en-gb\" ><button type=\"button\" id=\"ubtn-1620\"  class=\"ubtn ult-adjust-bottom-margin ult-responsive ubtn-custom ubtn-fade-bg  none  ubtn-left   tooltip-69d299eddd0be\"  data-hover=\"\" data-border-color=\"\" data-bg=\"#f5b829\" data-hover-bg=\"#D09B21\" data-border-hover=\"\" data-shadow-hover=\"\" data-shadow-click=\"none\" data-shadow=\"\" data-shd-shadow=\"\"  data-ultimate-target='#ubtn-1620'  data-responsive-json-new='{\"font-size\":\"desktop:18px;\",\"line-height\":\"\"}'  style=\"font-family:&#039;Open Sans&#039;;font-weight:700;width:280px;min-height:60px;padding:24px px;border-radius:5px;border-width:0px;border-color:;border-style:solid;background: #f5b829;color: #ffffff;\"><span class=\"ubtn-hover\" style=\"background-color:#D09B21\"><\/span><span class=\"ubtn-data ubtn-text \" >VERF\u00dcGBARKEIT PR\u00dcFEN<\/span><\/button><\/a><\/div>[\/vc_column][\/vc_row][vc_row css=&#8220;.vc_custom_1764445840847{padding-top: 80px !important;padding-bottom: 80px !important;}&#8220;][vc_column][vc_column_text css=&#8220;.vc_custom_1764451648556{margin-bottom: 80px !important;}&#8220;]<\/p>\n<p style=\"text-align: center;\">Once the summer retreat of Prussian royalty, Potsdam today is a tranquil world of palaces, lakes, and landscaped parks just beyond Berlin. On a private Potsdam tour with Humboldt Tours, you travel with your own expert guide (and driver, if you wish), wandering Sanssouci, Cecilienhof, and the historic quarters at a relaxed pace while hearing the stories that bring this UNESCO-listed city to life.<\/p>\n<p>[\/vc_column_text]<div id=\"ultimate-heading-643869d299eddd174\" class=\"uvc-heading ult-adjust-bottom-margin ultimate-heading-643869d299eddd174 uvc-9471 \" data-hspacer=\"no_spacer\"  data-halign=\"center\" style=\"text-align:center\"><div class=\"uvc-heading-spacer no_spacer\" style=\"top\"><\/div><div class=\"uvc-main-heading ult-responsive\"  data-ultimate-target='.uvc-heading.ultimate-heading-643869d299eddd174 h2'  data-responsive-json-new='{\"font-size\":\"mobile:30px;\",\"line-height\":\"mobile:40px;\"}' ><h2 style=\"--font-weight:theme;margin-bottom:30px;\">Entdecken Sie Potsdam mit einem privaten Guide - zu Ihren Bedingungen<\/h2><\/div><div class=\"uvc-sub-heading ult-responsive\"  data-ultimate-target='.uvc-heading.ultimate-heading-643869d299eddd174 .uvc-sub-heading '  data-responsive-json-new='{\"font-size\":\"\",\"line-height\":\"\"}'  style=\"font-weight:normal;\"><\/p>\n<p style=\"text-align: center;\">Unsere privaten Potsdam-Touren sind f\u00fcr Reisende konzipiert, die Wert auf Tiefe, Komfort und Flexibilit\u00e4t legen. Ob Sie sich f\u00fcr die k\u00f6niglich-preu\u00dfische Geschichte, die Potsdamer Konferenz und die Diplomatie des Kalten Krieges interessieren oder einfach nur einen ruhigen Tag inmitten von G\u00e4rten und Villen verbringen m\u00f6chten, wir passen die Route an Ihre Interessen und Ihr Energieniveau an. Erkunden Sie das Schloss Sanssouci mit seinen Weinterrassen, das Neue Palais, den Cecilienhof, das Holl\u00e4ndische Viertel und die Uferwege &#8211; oder kombinieren Sie Potsdam mit einem weiteren Berlin-Rundgang f\u00fcr einen ganzen Tag mit ausgew\u00e4hlten Sehensw\u00fcrdigkeiten.<\/p>\n<p><\/div><\/div>[\/vc_column][\/vc_row][vc_row css=&#8220;.vc_custom_1764446207378{padding-bottom: 40px !important;}&#8220;][vc_column width=&#8220;1\/4&#8243;][\/vc_column][vc_column width=&#8220;1\/2&#8243; offset=&#8220;vc_col-lg-6 vc_col-md-6&#8243;]<div id=\"ultimate-heading-432569d299eddd1ea\" class=\"uvc-heading ult-adjust-bottom-margin ultimate-heading-432569d299eddd1ea uvc-7675  uvc-heading-default-font-sizes\" data-hspacer=\"no_spacer\"  data-halign=\"center\" style=\"text-align:center\"><div class=\"uvc-heading-spacer no_spacer\" style=\"top\"><\/div><div class=\"uvc-main-heading ult-responsive\"  data-ultimate-target='.uvc-heading.ultimate-heading-432569d299eddd1ea h2'  data-responsive-json-new='{\"font-size\":\"\",\"line-height\":\"\"}' ><h2 style=\"--font-weight:theme;margin-bottom:30px;\">Unsere privaten Potsdam Touren<\/h2><\/div><div class=\"uvc-sub-heading ult-responsive\"  data-ultimate-target='.uvc-heading.ultimate-heading-432569d299eddd1ea .uvc-sub-heading '  data-responsive-json-new='{\"font-size\":\"\",\"line-height\":\"\"}'  style=\"font-weight:normal;\"><\/p>\n<p style=\"text-align: center;\">(Alle unsere Touren sind privat, mit Abfahrten von Dienstag bis Sonntag. Jede Tour kann hinsichtlich L\u00e4nge, Schwerpunkt und Tempo individuell gestaltet werden).<\/p>\n<p><\/div><\/div>[\/vc_column][vc_column width=&#8220;1\/4&#8243;][\/vc_column][\/vc_row][vc_row css=&#8220;.vc_custom_1762308428675{padding-bottom: 60px !important;}&#8220;][vc_column][vc_row_inner equal_height=&#8220;yes&#8220; css=&#8220;.vc_custom_1762305869822{margin-bottom: 0px !important;}&#8220; el_class=&#8220;equalize&#8220;][vc_column_inner el_class=&#8220;tour-box&#8220; width=&#8220;1\/2&#8243; css=&#8220;.vc_custom_1762310535916{margin-right: 5px !important;margin-bottom: 40px !important;margin-left: 5px !important;padding-right: 0px !important;padding-left: 0px !important;background-color: #F4F4F4 !important;}&#8220; offset=&#8220;vc_col-lg-offset-3 vc_col-lg-3 vc_col-md-offset-2 vc_col-md-4 vc_col-xs-12&#8243;][vc_single_image image=&#8220;8805&#8243; img_size=&#8220;full&#8220; alignment=&#8220;center&#8220; onclick=&#8220;custom_link&#8220; css=&#8220;&#8220; link=&#8220;https:\/\/humboldttoursberlin.com\/de\/potsdam-palaeste-und-gaerten\/&#8220;]<div class=\"ult-content-box-container tour-card\" >\t<a class=\"ult-content-box-anchor\" href=\"https:\/\/humboldttoursberlin.com\/potsdam-royal-palaces-and-gardens\/\" >\t\t<div class=\"ult-content-box\" style=\"background-color:#F4F4F4;box-shadow: px px px px none;padding-top:20px;padding-right:30px;padding-bottom:30px;padding-left:30px;min-height:355px;-webkit-transition: all 700ms ease;-moz-transition: all 700ms ease;-ms-transition: all 700ms ease;-o-transition: all 700ms ease;transition: all 700ms ease;\"  data-hover_bg_color=\"#F1EFEF\"  data-hover_box_shadow=\"none\"  data-hover_border_color=\"#00000000\"     data-bg=\"#F4F4F4\" ><div id=\"ultimate-heading-551769d299eddd33e\" class=\"uvc-heading ult-adjust-bottom-margin ultimate-heading-551769d299eddd33e uvc-3743 \" data-hspacer=\"no_spacer\"  data-halign=\"left\" style=\"text-align:left\"><div class=\"uvc-heading-spacer no_spacer\" style=\"top\"><\/div><div class=\"uvc-main-heading ult-responsive\"  data-ultimate-target='.uvc-heading.ultimate-heading-551769d299eddd33e h3'  data-responsive-json-new='{\"font-size\":\"desktop:20px;\",\"line-height\":\"desktop:24px;\"}' ><h3 style=\"--font-weight:theme;\">Potsdam K\u00f6nigliche Schl\u00f6sser &amp; G\u00e4rten Private Tagestour<\/h3><\/div><div class=\"uvc-sub-heading ult-responsive\"  data-ultimate-target='.uvc-heading.ultimate-heading-551769d299eddd33e .uvc-sub-heading '  data-responsive-json-new='{\"font-size\":\"desktop:14px;\",\"line-height\":\"desktop:20px;\"}'  style=\"font-weight:normal;\"><\/p>\n<ul>\n<li class=\"p2\"><span style=\"color: #000000;\">8 Stunden<\/span><\/li>\n<li><span style=\"color: #000000;\">Potsdam Essentials<\/span><\/li>\n<li class=\"p2\"><span style=\"color: #000000;\">Ab \u20ac1422 pro Gruppe<\/span><\/li>\n<\/ul>\n<p><span style=\"color: #000000;\">Ein Tagesausflug in die Nachbarstadt Potsdam, mit ihren sch\u00f6nen preu\u00dfischen Schl\u00f6ssern, weitl\u00e4ufigen G\u00e4rten und mehreren Seen und Fl\u00fcssen.<\/span><\/div><\/div><style type=\"text\/css\" data-type=\"the7_shortcodes-inline-css\">#default-btn-3b8373d9f18919cf25db001d3d970ea9.ico-right-side > i {\n  margin-right: 0px;\n  margin-left: 8px;\n}\n#default-btn-3b8373d9f18919cf25db001d3d970ea9 > i {\n  margin-right: 8px;\n}<\/style><a href=\"https:\/\/humboldttoursberlin.com\/de\/potsdam-palaeste-und-gaerten\/\" class=\"default-btn-shortcode dt-btn dt-btn-m link-hover-off full-width-btn btn-inline-left  vc_custom_1762310044719\" id=\"default-btn-3b8373d9f18919cf25db001d3d970ea9\"><span>TOUR ANSEHEN<\/span><\/a>\t\t<\/div>\t<\/a><\/div>[\/vc_column_inner][vc_column_inner el_class=&#8220;tour-box&#8220; width=&#8220;1\/2&#8243; css=&#8220;.vc_custom_1762310625115{margin-right: 5px !important;margin-bottom: 40px !important;margin-left: 5px !important;padding-right: 0px !important;padding-left: 0px !important;background-color: #F4F4F4 !important;}&#8220; offset=&#8220;vc_col-lg-3 vc_col-md-4 vc_col-xs-12&#8243;][vc_single_image image=&#8220;8807&#8243; img_size=&#8220;full&#8220; alignment=&#8220;center&#8220; onclick=&#8220;custom_link&#8220; css=&#8220;&#8220; link=&#8220;https:\/\/humboldttoursberlin.com\/de\/potsdam-ww2-und-kalter-krieg\/&#8220;]<div class=\"ult-content-box-container \" >\t<a class=\"ult-content-box-anchor\" href=\"https:\/\/humboldttoursberlin.com\/potsdam-ww2-and-cold-war-era\/\" >\t\t<div class=\"ult-content-box\" style=\"background-color:#F4F4F400;box-shadow: 5px 5px 5px 5px none;padding-top:20px;padding-right:30px;padding-bottom:30px;padding-left:30px;min-height:355px;-webkit-transition: all 700ms ease;-moz-transition: all 700ms ease;-ms-transition: all 700ms ease;-o-transition: all 700ms ease;transition: all 700ms ease;\"  data-hover_box_shadow=\"none\"     data-bg=\"#F4F4F400\" ><div id=\"ultimate-heading-642969d299eddd5e1\" class=\"uvc-heading ult-adjust-bottom-margin ultimate-heading-642969d299eddd5e1 uvc-7799 \" data-hspacer=\"no_spacer\"  data-halign=\"left\" style=\"text-align:left\"><div class=\"uvc-heading-spacer no_spacer\" style=\"top\"><\/div><div class=\"uvc-main-heading ult-responsive\"  data-ultimate-target='.uvc-heading.ultimate-heading-642969d299eddd5e1 h3'  data-responsive-json-new='{\"font-size\":\"desktop:20px;\",\"line-height\":\"desktop:24px;\"}' ><h3 style=\"--font-weight:theme;\">WW2 &amp; der Kalte Krieg in Potsdam: Privater Tagesausflug<\/h3><\/div><div class=\"uvc-sub-heading ult-responsive\"  data-ultimate-target='.uvc-heading.ultimate-heading-642969d299eddd5e1 .uvc-sub-heading '  data-responsive-json-new='{\"font-size\":\"desktop:14px;\",\"line-height\":\"desktop:20px;\"}'  style=\"font-weight:normal;\"><\/p>\n<ul>\n<li class=\"p2\"><span style=\"color: #000000;\">8 Stunden<\/span><\/li>\n<li><span style=\"color: #000000;\">F\u00fcr Geschichtsinteressierte<\/span><\/li>\n<li class=\"p2\"><span style=\"color: #000000;\">Ab \u20ac1422 pro Gruppe<\/span><\/li>\n<\/ul>\n<p><span style=\"color: #000000;\">Besuchen Sie zentrale Schaupl\u00e4tze von Zweitem Weltkrieg und Kaltem Krieg \u2013 und erfahren Sie mehr \u00fcber die Trag\u00f6die des geteilten Deutschlands.<\/span><\/div><\/div><style type=\"text\/css\" data-type=\"the7_shortcodes-inline-css\">#default-btn-39d482288c3d027bc5cfc05aeff50b9d.ico-right-side > i {\n  margin-right: 0px;\n  margin-left: 8px;\n}\n#default-btn-39d482288c3d027bc5cfc05aeff50b9d > i {\n  margin-right: 8px;\n}<\/style><a href=\"https:\/\/humboldttoursberlin.com\/de\/potsdam-ww2-und-kalter-krieg\/\" class=\"default-btn-shortcode dt-btn dt-btn-m link-hover-off full-width-btn btn-inline-left  vc_custom_1762310170553\" id=\"default-btn-39d482288c3d027bc5cfc05aeff50b9d\"><span>TOUR ANSEHEN<\/span><\/a>\t\t<\/div>\t<\/a><\/div>[\/vc_column_inner][\/vc_row_inner][\/vc_column][\/vc_row]<\/p>\n<\/div>","protected":false},"excerpt":{"rendered":"<p>[vc_row full_width=&#8220;stretch_row&#8220; bg_type=&#8220;image&#8220; parallax_style=&#8220;vcpb-default&#8220; bg_image_new=&#8220;id^8882|url^https:\/\/humboldttoursberlin.com\/wp-content\/uploads\/2025\/11\/private-potsdam-tours-humboldt.jpg|caption^null|alt^Front fa\u00e7ade of Sanssouci Palace in Potsdam with green dome and yellow walls, used as hero image for private Potsdam tours|title^private-potsdam-tours-humboldt|description^null&#8220; bg_image_repeat=&#8220;no-repeat&#8220; enable_overlay=&#8220;enable_overlay_value&#8220; overlay_color=&#8220;#00000040&#8243; type=&#8220;vc_default&#8220; anchor=&#8220;expeditions&#8220; css=&#8220;.vc_custom_1764471354299{padding-top: 80px !important;padding-bottom: 60px !important;}&#8220; el_class=&#8220;private-tours-hero-row&#8220; row_title=&#8220;Hero&#8220;][vc_column][\/vc_column][\/vc_row][vc_row css=&#8220;.vc_custom_1764445840847{padding-top: 80px !important;padding-bottom: 80px !important;}&#8220;][vc_column][vc_column_text css=&#8220;.vc_custom_1764451648556{margin-bottom: 80px !important;}&#8220;] Once the summer retreat of Prussian royalty, Potsdam today is&hellip;<\/p>\n","protected":false},"author":3,"featured_media":0,"parent":1301,"menu_order":40,"comment_status":"closed","ping_status":"closed","template":"","meta":{"footnotes":""},"class_list":["post-7108","page","type-page","status-publish","hentry","description-off"],"aioseo_notices":[],"_links":{"self":[{"href":"https:\/\/humboldttoursberlin.com\/de\/wp-json\/wp\/v2\/pages\/7108","targetHints":{"allow":["GET"]}}],"collection":[{"href":"https:\/\/humboldttoursberlin.com\/de\/wp-json\/wp\/v2\/pages"}],"about":[{"href":"https:\/\/humboldttoursberlin.com\/de\/wp-json\/wp\/v2\/types\/page"}],"author":[{"embeddable":true,"href":"https:\/\/humboldttoursberlin.com\/de\/wp-json\/wp\/v2\/users\/3"}],"replies":[{"embeddable":true,"href":"https:\/\/humboldttoursberlin.com\/de\/wp-json\/wp\/v2\/comments?post=7108"}],"version-history":[{"count":6,"href":"https:\/\/humboldttoursberlin.com\/de\/wp-json\/wp\/v2\/pages\/7108\/revisions"}],"predecessor-version":[{"id":9077,"href":"https:\/\/humboldttoursberlin.com\/de\/wp-json\/wp\/v2\/pages\/7108\/revisions\/9077"}],"up":[{"embeddable":true,"href":"https:\/\/humboldttoursberlin.com\/de\/wp-json\/wp\/v2\/pages\/1301"}],"wp:attachment":[{"href":"https:\/\/humboldttoursberlin.com\/de\/wp-json\/wp\/v2\/media?parent=7108"}],"curies":[{"name":"wp","href":"https:\/\/api.w.org\/{rel}","templated":true}]}}