{"id":7112,"date":"2023-08-11T04:43:05","date_gmt":"2023-08-11T04:43:05","guid":{"rendered":"https:\/\/humboldttoursberlin.com\/?page_id=7112"},"modified":"2025-12-23T04:32:25","modified_gmt":"2025-12-23T04:32:25","slug":"hamburg-touren","status":"publish","type":"page","link":"https:\/\/humboldttoursberlin.com\/de\/private-touren\/hamburg-touren\/","title":{"rendered":"Hamburg Touren"},"content":{"rendered":"<div class=\"wpb-content-wrapper\"><p>[vc_row full_width=&#8220;stretch_row&#8220; bg_type=&#8220;image&#8220; parallax_style=&#8220;vcpb-default&#8220; bg_image_new=&#8220;id^8892|url^https:\/\/humboldttoursberlin.com\/wp-content\/uploads\/2025\/11\/private-hamburg-tours-humboldt.jpg|caption^null|alt^null|title^private-hamburg-tours-humboldt|description^null&#8220; bg_image_repeat=&#8220;no-repeat&#8220; enable_overlay=&#8220;enable_overlay_value&#8220; overlay_color=&#8220;#00000040&#8243; type=&#8220;vc_default&#8220; anchor=&#8220;expeditions&#8220; css=&#8220;.vc_custom_1764471363068{padding-top: 80px !important;padding-bottom: 60px !important;}&#8220; el_class=&#8220;private-tours-hero-row&#8220; row_title=&#8220;Hero&#8220;][vc_column]<div id=\"ultimate-heading-908869d29a0f5dada\" class=\"uvc-heading ult-adjust-bottom-margin ultimate-heading-908869d29a0f5dada uvc-777 private-tours-heading\" data-hspacer=\"no_spacer\"  data-halign=\"left\" style=\"text-align:left\"><div class=\"uvc-heading-spacer no_spacer\" style=\"top\"><\/div><div class=\"uvc-main-heading ult-responsive\"  data-ultimate-target='.uvc-heading.ultimate-heading-908869d29a0f5dada h1'  data-responsive-json-new='{\"font-size\":\"desktop:50px;tablet_portrait:40px;mobile:36px;\",\"line-height\":\"desktop:60px;tablet_portrait:50px;\"}' ><h1 style=\"font-family:&#039;Open Sans&#039;;font-weight:bold;color:#ffffff;margin-bottom:20px;\">PRIVATE HAMBURG-TOUREN MIT ORTSKUNDIGEN F\u00dcHRERN<\/h1><\/div><\/div><div id=\"ultimate-heading-355269d29a0f5dc63\" class=\"uvc-heading ult-adjust-bottom-margin ultimate-heading-355269d29a0f5dc63 uvc-9469 private-tours-subheading\" data-hspacer=\"no_spacer\"  data-halign=\"left\" style=\"text-align:left\"><div class=\"uvc-heading-spacer no_spacer\" style=\"top\"><\/div><div class=\"uvc-main-heading ult-responsive\"  data-ultimate-target='.uvc-heading.ultimate-heading-355269d29a0f5dc63 h2'  data-responsive-json-new='{\"font-size\":\"desktop:18px;\",\"line-height\":\"desktop:27px;\"}' ><h2 style=\"--font-weight:theme;color:#FFFFFF;margin-top:30px;margin-bottom:40px;\">Exklusive private Hamburg-Touren, Hafenrundg\u00e4nge und ma\u00dfgeschneiderte Routen f\u00fcr anspruchsvolle Reisende, Familien und Reiseberater<\/h2><\/div><\/div><div class=\" ubtn-ctn-left hero-button\"><a class=\"ubtn-link ult-adjust-bottom-margin ubtn-left ubtn-custom hero-button\" href=\"https:\/\/humboldttoursberlin.com\/private-tours\/prague-tours\/\" ><button type=\"button\" id=\"ubtn-5652\"  class=\"ubtn ult-adjust-bottom-margin ult-responsive ubtn-custom ubtn-fade-bg  none  ubtn-left   tooltip-69d29a0f5dd4c\"  data-hover=\"\" data-border-color=\"\" data-bg=\"#f5b829\" data-hover-bg=\"#D09B21\" data-border-hover=\"\" data-shadow-hover=\"\" data-shadow-click=\"none\" data-shadow=\"\" data-shd-shadow=\"\"  data-ultimate-target='#ubtn-5652'  data-responsive-json-new='{\"font-size\":\"desktop:18px;\",\"line-height\":\"\"}'  style=\"font-family:&#039;Open Sans&#039;;font-weight:700;width:280px;min-height:60px;padding:24px px;border-radius:5px;border-width:0px;border-color:;border-style:solid;background: #f5b829;color: #ffffff;\"><span class=\"ubtn-hover\" style=\"background-color:#D09B21\"><\/span><span class=\"ubtn-data ubtn-text \" >VERF\u00dcGBARKEIT PR\u00dcFEN<\/span><\/button><\/a><\/div>[\/vc_column][\/vc_row][vc_row css=&#8220;.vc_custom_1764445840847{padding-top: 80px !important;padding-bottom: 80px !important;}&#8220;][vc_column][vc_column_text css=&#8220;.vc_custom_1764456968231{margin-bottom: 80px !important;}&#8220;]<\/p>\n<p style=\"text-align: center;\">Hamburg mag einen der verkehrsreichsten H\u00e4fen der Welt beherbergen, aber hier gibt es weit mehr als Handel und Schifffahrt. Auf einer privaten Hamburg-Tour mit Humboldt Tours erkunden Sie die historische Speicherstadt, die eleganten Kan\u00e4le und die beeindruckende moderne Architektur wie die Elbphilharmonie. Dabei werden Sie von Ihrem eigenen Experten begleitet, der das Wasser, die Stadtteile und die Geschichten, die diese maritime Stadt heute ausmachen, miteinander verbindet.<\/p>\n<p>[\/vc_column_text]<div id=\"ultimate-heading-276969d29a0f5de70\" class=\"uvc-heading ult-adjust-bottom-margin ultimate-heading-276969d29a0f5de70 uvc-9961  uvc-heading-default-font-sizes\" data-hspacer=\"no_spacer\"  data-halign=\"center\" style=\"text-align:center\"><div class=\"uvc-heading-spacer no_spacer\" style=\"top\"><\/div><div class=\"uvc-main-heading ult-responsive\"  data-ultimate-target='.uvc-heading.ultimate-heading-276969d29a0f5de70 h2'  data-responsive-json-new='{\"font-size\":\"\",\"line-height\":\"\"}' ><h2 style=\"--font-weight:theme;margin-bottom:30px;\">Entdecken Sie Hamburg mit einem privaten Guide - zu Ihren Bedingungen<\/h2><\/div><div class=\"uvc-sub-heading ult-responsive\"  data-ultimate-target='.uvc-heading.ultimate-heading-276969d29a0f5de70 .uvc-sub-heading '  data-responsive-json-new='{\"font-size\":\"\",\"line-height\":\"\"}'  style=\"font-weight:normal;\"><\/p>\n<p style=\"text-align: center;\">Unsere privaten Hamburg Touren sind f\u00fcr Reisende konzipiert, die Wert auf Tiefe, Komfort und Flexibilit\u00e4t legen. Ganz gleich, ob Sie sich f\u00fcr die Geschichte des Hafens und die Speicherstadt, die Kriegsvergangenheit der Stadt und den Wiederaufbau nach dem Krieg, die Elbphilharmonie und die zeitgen\u00f6ssische Architektur oder kreative Viertel wie St. Pauli interessieren, wir passen jede Route an Ihre Interessen und Ihr Tempo an. Erkunden Sie Hamburg zu Fu\u00df, mit dem Privatfahrzeug oder mit einer zus\u00e4tzlichen Hafenrundfahrt und kombinieren Sie die Stadt auf Wunsch mit weiteren Reisepl\u00e4nen f\u00fcr Deutschland oder Skandinavien.<\/p>\n<p><\/div><\/div>[\/vc_column][\/vc_row][vc_row css=&#8220;.vc_custom_1764446207378{padding-bottom: 40px !important;}&#8220;][vc_column width=&#8220;1\/4&#8243;][\/vc_column][vc_column width=&#8220;1\/2&#8243; offset=&#8220;vc_col-lg-6 vc_col-md-6&#8243;]<div id=\"ultimate-heading-73269d29a0f5df0d\" class=\"uvc-heading ult-adjust-bottom-margin ultimate-heading-73269d29a0f5df0d uvc-3048  uvc-heading-default-font-sizes\" data-hspacer=\"no_spacer\"  data-halign=\"center\" style=\"text-align:center\"><div class=\"uvc-heading-spacer no_spacer\" style=\"top\"><\/div><div class=\"uvc-main-heading ult-responsive\"  data-ultimate-target='.uvc-heading.ultimate-heading-73269d29a0f5df0d h2'  data-responsive-json-new='{\"font-size\":\"\",\"line-height\":\"\"}' ><h2 style=\"--font-weight:theme;margin-bottom:30px;\">Unsere privaten Hamburg Touren<\/h2><\/div><div class=\"uvc-sub-heading ult-responsive\"  data-ultimate-target='.uvc-heading.ultimate-heading-73269d29a0f5df0d .uvc-sub-heading '  data-responsive-json-new='{\"font-size\":\"\",\"line-height\":\"\"}'  style=\"font-weight:normal;\"><\/p>\n<p style=\"text-align: center;\">(Alle unsere Touren sind privat, mit Abfahrten von Dienstag bis Sonntag. Jede Tour kann hinsichtlich L\u00e4nge, Schwerpunkt und Tempo individuell gestaltet werden).<\/p>\n<p><\/div><\/div>[\/vc_column][vc_column width=&#8220;1\/4&#8243;][\/vc_column][\/vc_row][vc_row css=&#8220;.vc_custom_1762308428675{padding-bottom: 60px !important;}&#8220;][vc_column][vc_row_inner equal_height=&#8220;yes&#8220; css=&#8220;.vc_custom_1762305869822{margin-bottom: 0px !important;}&#8220; el_class=&#8220;equalize&#8220;][vc_column_inner el_class=&#8220;tour-box&#8220; width=&#8220;1\/2&#8243; css=&#8220;.vc_custom_1762310535916{margin-right: 5px !important;margin-bottom: 40px !important;margin-left: 5px !important;padding-right: 0px !important;padding-left: 0px !important;background-color: #F4F4F4 !important;}&#8220; offset=&#8220;vc_col-lg-offset-3 vc_col-lg-3 vc_col-md-offset-2 vc_col-md-4 vc_col-xs-12&#8243;][vc_single_image image=&#8220;8812&#8243; img_size=&#8220;full&#8220; alignment=&#8220;center&#8220; onclick=&#8220;custom_link&#8220; css=&#8220;&#8220; link=&#8220;https:\/\/humboldttoursberlin.com\/de\/hamburg-and-the-hanseatic-league-history-tour\/&#8220;]<div class=\"ult-content-box-container tour-card\" >\t<a class=\"ult-content-box-anchor\" href=\"https:\/\/humboldttoursberlin.com\/hamburg-and-the-hanseatic-league-history-tour\/\" >\t\t<div class=\"ult-content-box\" style=\"background-color:#F4F4F4;box-shadow: px px px px none;padding-top:20px;padding-right:30px;padding-bottom:30px;padding-left:30px;min-height:355px;-webkit-transition: all 700ms ease;-moz-transition: all 700ms ease;-ms-transition: all 700ms ease;-o-transition: all 700ms ease;transition: all 700ms ease;\"  data-hover_bg_color=\"#F1EFEF\"  data-hover_box_shadow=\"none\"  data-hover_border_color=\"#00000000\"     data-bg=\"#F4F4F4\" ><div id=\"ultimate-heading-331969d29a0f5e116\" class=\"uvc-heading ult-adjust-bottom-margin ultimate-heading-331969d29a0f5e116 uvc-1463 \" data-hspacer=\"no_spacer\"  data-halign=\"left\" style=\"text-align:left\"><div class=\"uvc-heading-spacer no_spacer\" style=\"top\"><\/div><div class=\"uvc-main-heading ult-responsive\"  data-ultimate-target='.uvc-heading.ultimate-heading-331969d29a0f5e116 h3'  data-responsive-json-new='{\"font-size\":\"desktop:20px;\",\"line-height\":\"desktop:24px;\"}' ><h3 style=\"--font-weight:theme;\">Hamburg und die Geschichte der Hanse Tour<\/h3><\/div><div class=\"uvc-sub-heading ult-responsive\"  data-ultimate-target='.uvc-heading.ultimate-heading-331969d29a0f5e116 .uvc-sub-heading '  data-responsive-json-new='{\"font-size\":\"desktop:14px;\",\"line-height\":\"desktop:20px;\"}'  style=\"font-weight:normal;\"><\/p>\n<ul>\n<li class=\"p2\"><span style=\"color: #000000;\">5 Stunden<\/span><\/li>\n<li><span style=\"color: #000000;\">Grundlegendes zur hanseatischen Geschichte<\/span><\/li>\n<li class=\"p2\"><span style=\"color: #000000;\">Ab \u20ac611 pro Gruppe<\/span><\/li>\n<\/ul>\n<p><span style=\"color: #000000;\">Erleben Sie Hamburgs Geschichte: Entdecken Sie die Hafenstadt mit lokalem Guide und erfahren Sie mehr \u00fcber den Einfluss der Hanse.<\/span><\/div><\/div><style type=\"text\/css\" data-type=\"the7_shortcodes-inline-css\">#default-btn-0c2856ba08030bcfb2178a58862357d3.ico-right-side > i {\n  margin-right: 0px;\n  margin-left: 8px;\n}\n#default-btn-0c2856ba08030bcfb2178a58862357d3 > i {\n  margin-right: 8px;\n}<\/style><a href=\"https:\/\/humboldttoursberlin.com\/de\/hamburg-and-the-hanseatic-league-history-tour\/\" class=\"default-btn-shortcode dt-btn dt-btn-m link-hover-off full-width-btn btn-inline-left  vc_custom_1762310989962\" id=\"default-btn-0c2856ba08030bcfb2178a58862357d3\"><span>TOUR ANSEHEN<\/span><\/a>\t\t<\/div>\t<\/a><\/div>[\/vc_column_inner][vc_column_inner el_class=&#8220;tour-box&#8220; width=&#8220;1\/2&#8243; css=&#8220;.vc_custom_1762310625115{margin-right: 5px !important;margin-bottom: 40px !important;margin-left: 5px !important;padding-right: 0px !important;padding-left: 0px !important;background-color: #F4F4F4 !important;}&#8220; offset=&#8220;vc_col-lg-3 vc_col-md-4 vc_col-xs-12&#8243;][vc_single_image image=&#8220;8814&#8243; img_size=&#8220;full&#8220; alignment=&#8220;center&#8220; onclick=&#8220;custom_link&#8220; css=&#8220;&#8220; link=&#8220;https:\/\/humboldttoursberlin.com\/de\/hamburgs-masterpieces-art-culture-architecture\/&#8220;]<div class=\"ult-content-box-container \" >\t<a class=\"ult-content-box-anchor\" href=\"https:\/\/humboldttoursberlin.com\/hamburgs-masterpieces-art-culture-architecture\/\" >\t\t<div class=\"ult-content-box\" style=\"background-color:#F4F4F400;box-shadow: 5px 5px 5px 5px none;padding-top:20px;padding-right:30px;padding-bottom:30px;padding-left:30px;min-height:355px;-webkit-transition: all 700ms ease;-moz-transition: all 700ms ease;-ms-transition: all 700ms ease;-o-transition: all 700ms ease;transition: all 700ms ease;\"  data-hover_box_shadow=\"none\"     data-bg=\"#F4F4F400\" ><div id=\"ultimate-heading-445269d29a0f5e4be\" class=\"uvc-heading ult-adjust-bottom-margin ultimate-heading-445269d29a0f5e4be uvc-963 \" data-hspacer=\"no_spacer\"  data-halign=\"left\" style=\"text-align:left\"><div class=\"uvc-heading-spacer no_spacer\" style=\"top\"><\/div><div class=\"uvc-main-heading ult-responsive\"  data-ultimate-target='.uvc-heading.ultimate-heading-445269d29a0f5e4be h3'  data-responsive-json-new='{\"font-size\":\"desktop:20px;\",\"line-height\":\"desktop:24px;\"}' ><h3 style=\"--font-weight:theme;\">Hamburgs Meisterwerke: Kunst, Kultur &amp; Architekt<\/h3><\/div><div class=\"uvc-sub-heading ult-responsive\"  data-ultimate-target='.uvc-heading.ultimate-heading-445269d29a0f5e4be .uvc-sub-heading '  data-responsive-json-new='{\"font-size\":\"desktop:14px;\",\"line-height\":\"desktop:20px;\"}'  style=\"font-weight:normal;\"><\/p>\n<ul>\n<li class=\"p2\"><span style=\"color: #000000;\">8 Stunden<\/span><\/li>\n<li><span style=\"color: #000000;\">F\u00fcr Kunst- und Architekturliebhaber<\/span><\/li>\n<li class=\"p2\"><span style=\"color: #000000;\">Ab \u20ac1656 pro Gruppe<\/span><\/li>\n<\/ul>\n<p><span style=\"color: #000000;\">Auf dieser Hamburg-Tour unternehmen Sie eine Zeitreise vom Mittelalter bis in die Gegenwart und entdecken die vielen architektonischen Perlen der Stadt.<\/span><\/div><\/div><style type=\"text\/css\" data-type=\"the7_shortcodes-inline-css\">#default-btn-2a0e951ac46327d9d9545418583cd80a.ico-right-side > i {\n  margin-right: 0px;\n  margin-left: 8px;\n}\n#default-btn-2a0e951ac46327d9d9545418583cd80a > i {\n  margin-right: 8px;\n}<\/style><a href=\"https:\/\/humboldttoursberlin.com\/de\/hamburgs-masterpieces-art-culture-architecture\/\" class=\"default-btn-shortcode dt-btn dt-btn-m link-hover-off full-width-btn btn-inline-left  vc_custom_1762311094316\" id=\"default-btn-2a0e951ac46327d9d9545418583cd80a\"><span>TOUR ANSEHEN<\/span><\/a>\t\t<\/div>\t<\/a><\/div>[\/vc_column_inner][\/vc_row_inner][\/vc_column][\/vc_row]<\/p>\n<\/div>","protected":false},"excerpt":{"rendered":"<p>[vc_row full_width=&#8220;stretch_row&#8220; bg_type=&#8220;image&#8220; parallax_style=&#8220;vcpb-default&#8220; bg_image_new=&#8220;id^8892|url^https:\/\/humboldttoursberlin.com\/wp-content\/uploads\/2025\/11\/private-hamburg-tours-humboldt.jpg|caption^null|alt^null|title^private-hamburg-tours-humboldt|description^null&#8220; bg_image_repeat=&#8220;no-repeat&#8220; enable_overlay=&#8220;enable_overlay_value&#8220; overlay_color=&#8220;#00000040&#8243; type=&#8220;vc_default&#8220; anchor=&#8220;expeditions&#8220; css=&#8220;.vc_custom_1764471363068{padding-top: 80px !important;padding-bottom: 60px !important;}&#8220; el_class=&#8220;private-tours-hero-row&#8220; row_title=&#8220;Hero&#8220;][vc_column][\/vc_column][\/vc_row][vc_row css=&#8220;.vc_custom_1764445840847{padding-top: 80px !important;padding-bottom: 80px !important;}&#8220;][vc_column][vc_column_text css=&#8220;.vc_custom_1764456968231{margin-bottom: 80px !important;}&#8220;] Hamburg mag einen der verkehrsreichsten H\u00e4fen der Welt beherbergen, aber hier gibt es weit mehr als Handel und Schifffahrt. Auf einer privaten Hamburg-Tour mit Humboldt Tours erkunden Sie die historische&hellip;<\/p>\n","protected":false},"author":3,"featured_media":6042,"parent":1301,"menu_order":40,"comment_status":"closed","ping_status":"closed","template":"","meta":{"footnotes":""},"class_list":["post-7112","page","type-page","status-publish","has-post-thumbnail","hentry","description-off"],"aioseo_notices":[],"_links":{"self":[{"href":"https:\/\/humboldttoursberlin.com\/de\/wp-json\/wp\/v2\/pages\/7112","targetHints":{"allow":["GET"]}}],"collection":[{"href":"https:\/\/humboldttoursberlin.com\/de\/wp-json\/wp\/v2\/pages"}],"about":[{"href":"https:\/\/humboldttoursberlin.com\/de\/wp-json\/wp\/v2\/types\/page"}],"author":[{"embeddable":true,"href":"https:\/\/humboldttoursberlin.com\/de\/wp-json\/wp\/v2\/users\/3"}],"replies":[{"embeddable":true,"href":"https:\/\/humboldttoursberlin.com\/de\/wp-json\/wp\/v2\/comments?post=7112"}],"version-history":[{"count":6,"href":"https:\/\/humboldttoursberlin.com\/de\/wp-json\/wp\/v2\/pages\/7112\/revisions"}],"predecessor-version":[{"id":9080,"href":"https:\/\/humboldttoursberlin.com\/de\/wp-json\/wp\/v2\/pages\/7112\/revisions\/9080"}],"up":[{"embeddable":true,"href":"https:\/\/humboldttoursberlin.com\/de\/wp-json\/wp\/v2\/pages\/1301"}],"wp:featuredmedia":[{"embeddable":true,"href":"https:\/\/humboldttoursberlin.com\/de\/wp-json\/wp\/v2\/media\/6042"}],"wp:attachment":[{"href":"https:\/\/humboldttoursberlin.com\/de\/wp-json\/wp\/v2\/media?parent=7112"}],"curies":[{"name":"wp","href":"https:\/\/api.w.org\/{rel}","templated":true}]}}