{"id":7126,"date":"2023-08-11T04:55:13","date_gmt":"2023-08-11T04:55:13","guid":{"rendered":"https:\/\/humboldttoursberlin.com\/?page_id=7126"},"modified":"2025-12-23T04:38:08","modified_gmt":"2025-12-23T04:38:08","slug":"dresden-touren","status":"publish","type":"page","link":"https:\/\/humboldttoursberlin.com\/de\/private-touren\/dresden-touren\/","title":{"rendered":"Dresden Touren"},"content":{"rendered":"<div class=\"wpb-content-wrapper\"><p>[vc_row full_width=&#8220;stretch_row&#8220; bg_type=&#8220;image&#8220; parallax_style=&#8220;vcpb-default&#8220; bg_image_new=&#8220;id^8900|url^https:\/\/humboldttoursberlin.com\/wp-content\/uploads\/2025\/11\/private-dresden-tours-humboldt.jpg|caption^null|alt^Sunset view of Dresden\u2019s historic skyline and Elbe River with riverboats, hero image for private Dresden tours|title^private-dresden-tours-humboldt|description^null&#8220; bg_image_repeat=&#8220;no-repeat&#8220; enable_overlay=&#8220;enable_overlay_value&#8220; overlay_color=&#8220;#00000040&#8243; type=&#8220;vc_default&#8220; anchor=&#8220;expeditions&#8220; css=&#8220;.vc_custom_1764457820003{padding-top: 80px !important;padding-bottom: 60px !important;}&#8220; el_class=&#8220;homepage-hero-row&#8220; row_title=&#8220;Hero&#8220;][vc_column]<div id=\"ultimate-heading-996069efc448d8b22\" class=\"uvc-heading ult-adjust-bottom-margin ultimate-heading-996069efc448d8b22 uvc-2041 private-tours-heading\" data-hspacer=\"no_spacer\"  data-halign=\"left\" style=\"text-align:left\"><div class=\"uvc-heading-spacer no_spacer\" style=\"top\"><\/div><div class=\"uvc-main-heading ult-responsive\"  data-ultimate-target='.uvc-heading.ultimate-heading-996069efc448d8b22 h1'  data-responsive-json-new='{\"font-size\":\"desktop:50px;tablet_portrait:40px;mobile:36px;\",\"line-height\":\"desktop:60px;tablet_portrait:50px;\"}' ><h1 style=\"font-family:&#039;Open Sans&#039;;font-weight:bold;color:#ffffff;margin-bottom:20px;\">PRIVATE DRESDEN-TOUREN MIT ORTSKUNDIGEN F\u00dcHRERN<\/h1><\/div><\/div><div id=\"ultimate-heading-922769efc448d8c07\" class=\"uvc-heading ult-adjust-bottom-margin ultimate-heading-922769efc448d8c07 uvc-5401 private-tours-subheading\" data-hspacer=\"no_spacer\"  data-halign=\"left\" style=\"text-align:left\"><div class=\"uvc-heading-spacer no_spacer\" style=\"top\"><\/div><div class=\"uvc-main-heading ult-responsive\"  data-ultimate-target='.uvc-heading.ultimate-heading-922769efc448d8c07 h2'  data-responsive-json-new='{\"font-size\":\"desktop:18px;\",\"line-height\":\"desktop:27px;\"}' ><h2 style=\"--font-weight:theme;color:#FFFFFF;margin-top:30px;margin-bottom:40px;\">Exklusive private Dresden-Touren, Museumsbesuche und ma\u00dfgeschneiderte Reisepl\u00e4ne f\u00fcr anspruchsvolle Reisende, Familien und Reiseberater<\/h2><\/div><\/div><div class=\" ubtn-ctn-left hero-button\"><a class=\"ubtn-link ult-adjust-bottom-margin ubtn-left ubtn-custom hero-button\" href=\"https:\/\/fareharbor.com\/embeds\/book\/humboldttoursberlin\/?full-items=yes&flow=827792&u=9b752885-1b33-4a5f-8427-a425716a20c8&from-ssl=yes&ga4t=&g4=no&cp=yes&csp=no&back=https%3A%2F%2Fhumboldttoursberlin.com%2Fprivate-tours%2Fdresden-tours%2F&language=en-gb\" ><button type=\"button\" id=\"ubtn-9266\"  class=\"ubtn ult-adjust-bottom-margin ult-responsive ubtn-custom ubtn-fade-bg  none  ubtn-left   tooltip-69efc448d8c77\"  data-hover=\"\" data-border-color=\"\" data-bg=\"#f5b829\" data-hover-bg=\"#D09B21\" data-border-hover=\"\" data-shadow-hover=\"\" data-shadow-click=\"none\" data-shadow=\"\" data-shd-shadow=\"\"  data-ultimate-target='#ubtn-9266'  data-responsive-json-new='{\"font-size\":\"desktop:18px;\",\"line-height\":\"\"}'  style=\"font-family:&#039;Open Sans&#039;;font-weight:700;width:280px;min-height:60px;padding:24px px;border-radius:5px;border-width:0px;border-color:;border-style:solid;background: #f5b829;color: #ffffff;\"><span class=\"ubtn-hover\" style=\"background-color:#D09B21\"><\/span><span class=\"ubtn-data ubtn-text \" >VERF\u00dcGBARKEIT PR\u00dcFEN<\/span><\/button><\/a><\/div>[\/vc_column][\/vc_row][vc_row css=&#8220;.vc_custom_1764445840847{padding-top: 80px !important;padding-bottom: 80px !important;}&#8220;][vc_column][vc_column_text css=&#8220;.vc_custom_1764457862121{margin-bottom: 80px !important;}&#8220;]<\/p>\n<p style=\"text-align: center;\">Dresden ist bekannt f\u00fcr seine barocke Skyline und Kunst von Weltrang &#8211; umso bemerkenswerter, wenn man bedenkt, wie viel von der Stadt im Zweiten Weltkrieg zerst\u00f6rt wurde. Auf einer privaten Dresden-Tour mit Humboldt Tours erkunden Sie die wiederaufgebaute Altstadt, die Uferterrassen und denkmalgesch\u00fctzten Kirchen mit Ihrem eigenen fachkundigen Reiseleiter und entdecken dabei Geschichten \u00fcber Verlust, Wiederaufbau und kulturelle Brillanz entlang der Elbe.<\/p>\n<p>[\/vc_column_text]<div id=\"ultimate-heading-879269efc448d8d31\" class=\"uvc-heading ult-adjust-bottom-margin ultimate-heading-879269efc448d8d31 uvc-2666  uvc-heading-default-font-sizes\" data-hspacer=\"no_spacer\"  data-halign=\"center\" style=\"text-align:center\"><div class=\"uvc-heading-spacer no_spacer\" style=\"top\"><\/div><div class=\"uvc-main-heading ult-responsive\"  data-ultimate-target='.uvc-heading.ultimate-heading-879269efc448d8d31 h2'  data-responsive-json-new='{\"font-size\":\"\",\"line-height\":\"\"}' ><h2 style=\"--font-weight:theme;margin-bottom:30px;\">Entdecken Sie Dresden mit einem privaten Guide - zu Ihren Bedingungen<\/h2><\/div><div class=\"uvc-sub-heading ult-responsive\"  data-ultimate-target='.uvc-heading.ultimate-heading-879269efc448d8d31 .uvc-sub-heading '  data-responsive-json-new='{\"font-size\":\"\",\"line-height\":\"\"}'  style=\"font-weight:normal;\"><\/p>\n<p style=\"text-align: center;\">Unsere privaten Dresden Touren sind f\u00fcr Reisende konzipiert, die Wert auf Tiefe, Komfort und Flexibilit\u00e4t legen. Ganz gleich, ob Sie sich f\u00fcr den Zwinger und die Galerie Alte Meister, die Frauenkirche und den Neumarkt, die Semperoper oder die Spuren der Kriegszerst\u00f6rung und des Nachkriegslebens in der Stadt interessieren, wir passen jede Route an Ihre Interessen und Ihr Tempo an. Erkunden Sie die Stadt zu Fu\u00df und verl\u00e4ngern Sie Ihren Tag, wenn Sie m\u00f6chten, mit Zeit an der Elbe oder in den nahe gelegenen Vierteln, die viele Besucher nie erreichen.<\/p>\n<p><\/div><\/div>[\/vc_column][\/vc_row][vc_row css=&#8220;.vc_custom_1764446207378{padding-bottom: 40px !important;}&#8220;][vc_column width=&#8220;1\/4&#8243;][\/vc_column][vc_column width=&#8220;1\/2&#8243; offset=&#8220;vc_col-lg-6 vc_col-md-6&#8243;]<div id=\"ultimate-heading-964969efc448d8dad\" class=\"uvc-heading ult-adjust-bottom-margin ultimate-heading-964969efc448d8dad uvc-1510  uvc-heading-default-font-sizes\" data-hspacer=\"no_spacer\"  data-halign=\"center\" style=\"text-align:center\"><div class=\"uvc-heading-spacer no_spacer\" style=\"top\"><\/div><div class=\"uvc-main-heading ult-responsive\"  data-ultimate-target='.uvc-heading.ultimate-heading-964969efc448d8dad h2'  data-responsive-json-new='{\"font-size\":\"\",\"line-height\":\"\"}' ><h2 style=\"--font-weight:theme;margin-bottom:30px;\">Unsere privaten Dresden Touren<\/h2><\/div><div class=\"uvc-sub-heading ult-responsive\"  data-ultimate-target='.uvc-heading.ultimate-heading-964969efc448d8dad .uvc-sub-heading '  data-responsive-json-new='{\"font-size\":\"\",\"line-height\":\"\"}'  style=\"font-weight:normal;\"><\/p>\n<p style=\"text-align: center;\">(Alle unsere Touren sind privat, mit t\u00e4glichen Abfahrten. Jede Tour kann hinsichtlich L\u00e4nge, Schwerpunkt und Tempo individuell gestaltet werden).<\/p>\n<p><\/div><\/div>[\/vc_column][vc_column width=&#8220;1\/4&#8243;][\/vc_column][\/vc_row][vc_row css=&#8220;.vc_custom_1762308428675{padding-bottom: 60px !important;}&#8220;][vc_column][vc_row_inner equal_height=&#8220;yes&#8220; css=&#8220;.vc_custom_1762305869822{margin-bottom: 0px !important;}&#8220; el_class=&#8220;equalize&#8220;][vc_column_inner el_class=&#8220;tour-box&#8220; width=&#8220;1\/2&#8243; css=&#8220;.vc_custom_1762310535916{margin-right: 5px !important;margin-bottom: 40px !important;margin-left: 5px !important;padding-right: 0px !important;padding-left: 0px !important;background-color: #F4F4F4 !important;}&#8220; offset=&#8220;vc_col-lg-offset-3 vc_col-lg-3 vc_col-md-offset-2 vc_col-md-4 vc_col-xs-12&#8243;][vc_single_image image=&#8220;8818&#8243; img_size=&#8220;full&#8220; alignment=&#8220;center&#8220; onclick=&#8220;custom_link&#8220; css=&#8220;&#8220; link=&#8220;https:\/\/humboldttoursberlin.com\/de\/the-best-of-dresden-walking-tour\/&#8220;]<div class=\"ult-content-box-container tour-card\" >\t<a class=\"ult-content-box-anchor\" href=\"https:\/\/humboldttoursberlin.com\/the-best-of-dresden-walking-tour\/\" >\t\t<div class=\"ult-content-box\" style=\"background-color:#F4F4F4;box-shadow: px px px px none;padding-top:20px;padding-right:30px;padding-bottom:30px;padding-left:30px;min-height:355px;-webkit-transition: all 700ms ease;-moz-transition: all 700ms ease;-ms-transition: all 700ms ease;-o-transition: all 700ms ease;transition: all 700ms ease;\"  data-hover_bg_color=\"#F1EFEF\"  data-hover_box_shadow=\"none\"  data-hover_border_color=\"#00000000\"     data-bg=\"#F4F4F4\" ><div id=\"ultimate-heading-770669efc448d8ece\" class=\"uvc-heading ult-adjust-bottom-margin ultimate-heading-770669efc448d8ece uvc-3528 \" data-hspacer=\"no_spacer\"  data-halign=\"left\" style=\"text-align:left\"><div class=\"uvc-heading-spacer no_spacer\" style=\"top\"><\/div><div class=\"uvc-main-heading ult-responsive\"  data-ultimate-target='.uvc-heading.ultimate-heading-770669efc448d8ece h3'  data-responsive-json-new='{\"font-size\":\"desktop:20px;\",\"line-height\":\"desktop:24px;\"}' ><h3 style=\"--font-weight:theme;\">Das Beste von Dresden zu Fu\u00df<\/h3><\/div><div class=\"uvc-sub-heading ult-responsive\"  data-ultimate-target='.uvc-heading.ultimate-heading-770669efc448d8ece .uvc-sub-heading '  data-responsive-json-new='{\"font-size\":\"desktop:14px;\",\"line-height\":\"desktop:20px;\"}'  style=\"font-weight:normal;\"><\/p>\n<ul>\n<li class=\"p2\"><span style=\"color: #000000;\">5 Stunden<\/span><\/li>\n<li><span style=\"color: #000000;\">Perfekte Einf\u00fchrung in Dresden<\/span><\/li>\n<li class=\"p2\"><span style=\"color: #000000;\">Ab \u20ac500 pro Gruppe<\/span><\/li>\n<\/ul>\n<p><span style=\"color: #000000;\">Diese private Dresden-Tour ist die perfekte Einf\u00fchrung in die Stadt und f\u00fchrt Sie zu den bekanntesten Sehensw\u00fcrdigkeiten Dresdens mit einigen versteckten Juwelen auf dem Weg.<\/span><\/div><\/div><style type=\"text\/css\" data-type=\"the7_shortcodes-inline-css\">#default-btn-bd0a9e3843623027bf9f8a68e284fb99.ico-right-side > i {\n  margin-right: 0px;\n  margin-left: 8px;\n}\n#default-btn-bd0a9e3843623027bf9f8a68e284fb99 > i {\n  margin-right: 8px;\n}<\/style><a href=\"https:\/\/humboldttoursberlin.com\/de\/the-best-of-dresden-walking-tour\/\" class=\"default-btn-shortcode dt-btn dt-btn-m link-hover-off full-width-btn btn-inline-left  vc_custom_1762311515096\" id=\"default-btn-bd0a9e3843623027bf9f8a68e284fb99\"><span>TOUR ANSEHEN<\/span><\/a>\t\t<\/div>\t<\/a><\/div>[\/vc_column_inner][vc_column_inner el_class=&#8220;tour-box&#8220; width=&#8220;1\/2&#8243; css=&#8220;.vc_custom_1762310625115{margin-right: 5px !important;margin-bottom: 40px !important;margin-left: 5px !important;padding-right: 0px !important;padding-left: 0px !important;background-color: #F4F4F4 !important;}&#8220; offset=&#8220;vc_col-lg-3 vc_col-md-4 vc_col-xs-12&#8243;][vc_single_image image=&#8220;8820&#8243; img_size=&#8220;full&#8220; alignment=&#8220;center&#8220; onclick=&#8220;custom_link&#8220; css=&#8220;&#8220; link=&#8220;https:\/\/humboldttoursberlin.com\/de\/beyond-dresden-mountains-and-vineyards-in-saxon-switzerland\/&#8220;]<div class=\"ult-content-box-container \" >\t<a class=\"ult-content-box-anchor\" href=\"https:\/\/humboldttoursberlin.com\/beyond-dresden-mountains-and-vineyards-in-saxon-switzerland\/\" >\t\t<div class=\"ult-content-box\" style=\"background-color:#F4F4F400;box-shadow: 5px 5px 5px 5px none;padding-top:20px;padding-right:30px;padding-bottom:30px;padding-left:30px;min-height:355px;-webkit-transition: all 700ms ease;-moz-transition: all 700ms ease;-ms-transition: all 700ms ease;-o-transition: all 700ms ease;transition: all 700ms ease;\"  data-hover_box_shadow=\"none\"     data-bg=\"#F4F4F400\" ><div id=\"ultimate-heading-776869efc448d9133\" class=\"uvc-heading ult-adjust-bottom-margin ultimate-heading-776869efc448d9133 uvc-1315 \" data-hspacer=\"no_spacer\"  data-halign=\"left\" style=\"text-align:left\"><div class=\"uvc-heading-spacer no_spacer\" style=\"top\"><\/div><div class=\"uvc-main-heading ult-responsive\"  data-ultimate-target='.uvc-heading.ultimate-heading-776869efc448d9133 h3'  data-responsive-json-new='{\"font-size\":\"desktop:20px;\",\"line-height\":\"desktop:24px;\"}' ><h3 style=\"--font-weight:theme;\">Jenseits von Dresden: Berge und Weinberge in der S\u00e4chsischen Schweiz<\/h3><\/div><div class=\"uvc-sub-heading ult-responsive\"  data-ultimate-target='.uvc-heading.ultimate-heading-776869efc448d9133 .uvc-sub-heading '  data-responsive-json-new='{\"font-size\":\"desktop:14px;\",\"line-height\":\"desktop:20px;\"}'  style=\"font-weight:normal;\"><\/p>\n<ul>\n<li class=\"p2\"><span style=\"color: #000000;\">8 Stunden<\/span><\/li>\n<li><span style=\"color: #000000;\">Natur-Flucht<\/span><\/li>\n<li class=\"p2\"><span style=\"color: #000000;\">Ab \u20ac1422 pro Gruppe<\/span><\/li>\n<\/ul>\n<p><span style=\"color: #000000;\">Diese ganzt\u00e4gige private Tour f\u00fchrt Sie \u00fcber die Stadt hinaus zu Wanderungen, Weinproben und historischen Erkundungen in der wundersch\u00f6nen S\u00e4chsischen Schweiz.<\/span><\/div><\/div><style type=\"text\/css\" data-type=\"the7_shortcodes-inline-css\">#default-btn-9dde04eb9b1663d1d13c954fcafc2a81.ico-right-side > i {\n  margin-right: 0px;\n  margin-left: 8px;\n}\n#default-btn-9dde04eb9b1663d1d13c954fcafc2a81 > i {\n  margin-right: 8px;\n}<\/style><a href=\"https:\/\/humboldttoursberlin.com\/de\/beyond-dresden-mountains-and-vineyards-in-saxon-switzerland\/\" class=\"default-btn-shortcode dt-btn dt-btn-m link-hover-off full-width-btn btn-inline-left  vc_custom_1762311622680\" id=\"default-btn-9dde04eb9b1663d1d13c954fcafc2a81\"><span>TOUR ANSEHEN<\/span><\/a>\t\t<\/div>\t<\/a><\/div>[\/vc_column_inner][\/vc_row_inner][\/vc_column][\/vc_row]<\/p>\n<\/div>","protected":false},"excerpt":{"rendered":"<p>[vc_row full_width=&#8220;stretch_row&#8220; bg_type=&#8220;image&#8220; parallax_style=&#8220;vcpb-default&#8220; bg_image_new=&#8220;id^8900|url^https:\/\/humboldttoursberlin.com\/wp-content\/uploads\/2025\/11\/private-dresden-tours-humboldt.jpg|caption^null|alt^Sunset view of Dresden\u2019s historic skyline and Elbe River with riverboats, hero image for private Dresden tours|title^private-dresden-tours-humboldt|description^null&#8220; bg_image_repeat=&#8220;no-repeat&#8220; enable_overlay=&#8220;enable_overlay_value&#8220; overlay_color=&#8220;#00000040&#8243; type=&#8220;vc_default&#8220; anchor=&#8220;expeditions&#8220; css=&#8220;.vc_custom_1764457820003{padding-top: 80px !important;padding-bottom: 60px !important;}&#8220; el_class=&#8220;homepage-hero-row&#8220; row_title=&#8220;Hero&#8220;][vc_column][\/vc_column][\/vc_row][vc_row css=&#8220;.vc_custom_1764445840847{padding-top: 80px !important;padding-bottom: 80px !important;}&#8220;][vc_column][vc_column_text css=&#8220;.vc_custom_1764457862121{margin-bottom: 80px !important;}&#8220;] Dresden ist bekannt f\u00fcr seine barocke Skyline und Kunst von Weltrang &#8211; umso bemerkenswerter,&hellip;<\/p>\n","protected":false},"author":3,"featured_media":6042,"parent":1301,"menu_order":40,"comment_status":"closed","ping_status":"closed","template":"","meta":{"footnotes":""},"class_list":["post-7126","page","type-page","status-publish","has-post-thumbnail","hentry","description-off"],"aioseo_notices":[],"_links":{"self":[{"href":"https:\/\/humboldttoursberlin.com\/de\/wp-json\/wp\/v2\/pages\/7126","targetHints":{"allow":["GET"]}}],"collection":[{"href":"https:\/\/humboldttoursberlin.com\/de\/wp-json\/wp\/v2\/pages"}],"about":[{"href":"https:\/\/humboldttoursberlin.com\/de\/wp-json\/wp\/v2\/types\/page"}],"author":[{"embeddable":true,"href":"https:\/\/humboldttoursberlin.com\/de\/wp-json\/wp\/v2\/users\/3"}],"replies":[{"embeddable":true,"href":"https:\/\/humboldttoursberlin.com\/de\/wp-json\/wp\/v2\/comments?post=7126"}],"version-history":[{"count":14,"href":"https:\/\/humboldttoursberlin.com\/de\/wp-json\/wp\/v2\/pages\/7126\/revisions"}],"predecessor-version":[{"id":9097,"href":"https:\/\/humboldttoursberlin.com\/de\/wp-json\/wp\/v2\/pages\/7126\/revisions\/9097"}],"up":[{"embeddable":true,"href":"https:\/\/humboldttoursberlin.com\/de\/wp-json\/wp\/v2\/pages\/1301"}],"wp:featuredmedia":[{"embeddable":true,"href":"https:\/\/humboldttoursberlin.com\/de\/wp-json\/wp\/v2\/media\/6042"}],"wp:attachment":[{"href":"https:\/\/humboldttoursberlin.com\/de\/wp-json\/wp\/v2\/media?parent=7126"}],"curies":[{"name":"wp","href":"https:\/\/api.w.org\/{rel}","templated":true}]}}