{"id":7147,"date":"2023-08-11T05:41:09","date_gmt":"2023-08-11T05:41:09","guid":{"rendered":"https:\/\/humboldttoursberlin.com\/?page_id=7147"},"modified":"2025-12-23T05:45:33","modified_gmt":"2025-12-23T05:45:33","slug":"prag-touren","status":"publish","type":"page","link":"https:\/\/humboldttoursberlin.com\/de\/private-touren\/prag-touren\/","title":{"rendered":"Prag Touren"},"content":{"rendered":"<div class=\"wpb-content-wrapper\"><p>[vc_row full_width=&#8220;stretch_row&#8220; bg_type=&#8220;image&#8220; parallax_style=&#8220;vcpb-default&#8220; bg_image_new=&#8220;id^9104|url^https:\/\/humboldttoursberlin.com\/wp-content\/uploads\/2025\/12\/private-prague-tours-humboldt.jpg|caption^null|alt^null|title^private-prague-tours-humboldt|description^null&#8220; bg_image_repeat=&#8220;no-repeat&#8220; enable_overlay=&#8220;enable_overlay_value&#8220; overlay_color=&#8220;#00000040&#8243; type=&#8220;vc_default&#8220; anchor=&#8220;expeditions&#8220; css=&#8220;.vc_custom_1766467604078{padding-top: 100px !important;padding-bottom: 80px !important;}&#8220; el_class=&#8220;private-tours-hero-row&#8220; row_title=&#8220;Hero&#8220;][vc_column]<div id=\"ultimate-heading-546369d299eddd040\" class=\"uvc-heading ult-adjust-bottom-margin ultimate-heading-546369d299eddd040 uvc-2982 private-tours-heading\" data-hspacer=\"no_spacer\"  data-halign=\"left\" style=\"text-align:left\"><div class=\"uvc-heading-spacer no_spacer\" style=\"top\"><\/div><div class=\"uvc-main-heading ult-responsive\"  data-ultimate-target='.uvc-heading.ultimate-heading-546369d299eddd040 h1'  data-responsive-json-new='{\"font-size\":\"desktop:50px;tablet_portrait:40px;mobile:36px;\",\"line-height\":\"desktop:60px;tablet_portrait:50px;\"}' ><h1 style=\"font-family:&#039;Open Sans&#039;;font-weight:bold;color:#ffffff;margin-bottom:20px;\">PRIVATE PRAG-TOUREN MIT ERFAHRENEN LOKALEN GUIDES<\/h1><\/div><\/div><div id=\"ultimate-heading-547969d299eddd130\" class=\"uvc-heading ult-adjust-bottom-margin ultimate-heading-547969d299eddd130 uvc-4815 private-tours-subheading\" data-hspacer=\"no_spacer\"  data-halign=\"left\" style=\"text-align:left\"><div class=\"uvc-heading-spacer no_spacer\" style=\"top\"><\/div><div class=\"uvc-main-heading ult-responsive\"  data-ultimate-target='.uvc-heading.ultimate-heading-547969d299eddd130 h2'  data-responsive-json-new='{\"font-size\":\"desktop:18px;\",\"line-height\":\"desktop:27px;\"}' ><h2 style=\"--font-weight:theme;color:#FFFFFF;margin-top:30px;margin-bottom:40px;\">Exklusive private Prag-Erlebnisse in Zusammenarbeit mit Prague City Adventures \u2013 ideal f\u00fcr anspruchsvolle Reisende, Familien und Reiseberater<\/h2><\/div><\/div>[\/vc_column][\/vc_row][vc_row css=&#8220;.vc_custom_1764445840847{padding-top: 80px !important;padding-bottom: 80px !important;}&#8220;][vc_column][vc_column_text css=&#8220;.vc_custom_1766468493998{margin-bottom: 80px !important;}&#8220;]<\/p>\n<p style=\"text-align: center;\" data-start=\"222\" data-end=\"600\">Prag ist eine Stadt voller gotischer T\u00fcrme, versteckter Innenh\u00f6fe und Geschichte in vielen Schichten \u2013 vom Mittelalter bis zur Samtenen Revolution. Gemeinsam mit unserem zuverl\u00e4ssigen Partner Prague City Adventures bieten wir zwei kuratierte Privattouren an, die Ihnen Prag sowohl \u00fcber seine wichtigsten Sehensw\u00fcrdigkeiten als auch \u00fcber seine legend\u00e4re Bierkultur n\u00e4herbringen \u2013 immer in entspanntem Tempo und mit einem lokalen Guide, der die Stadt lebendig macht.<\/p>\n<p>[\/vc_column_text]<div id=\"ultimate-heading-520769d299eddd195\" class=\"uvc-heading ult-adjust-bottom-margin ultimate-heading-520769d299eddd195 uvc-352 \" data-hspacer=\"no_spacer\"  data-halign=\"center\" style=\"text-align:center\"><div class=\"uvc-heading-spacer no_spacer\" style=\"top\"><\/div><div class=\"uvc-main-heading ult-responsive\"  data-ultimate-target='.uvc-heading.ultimate-heading-520769d299eddd195 h2'  data-responsive-json-new='{\"font-size\":\"mobile:30px;\",\"line-height\":\"mobile:40px;\"}' ><h2 style=\"--font-weight:theme;margin-bottom:30px;\">Prag privat entdecken \u2013 ganz nach Ihren Vorstellungen<\/h2><\/div><div class=\"uvc-sub-heading ult-responsive\"  data-ultimate-target='.uvc-heading.ultimate-heading-520769d299eddd195 .uvc-sub-heading '  data-responsive-json-new='{\"font-size\":\"\",\"line-height\":\"\"}'  style=\"font-weight:normal;\"><\/p>\n<p style=\"text-align: center;\" data-start=\"662\" data-end=\"1140\">W\u00e4hlen Sie unsere Private Prague City Highlights Tour f\u00fcr das klassische Prag-Erlebnis: Altstadt, Ausblicke rund um die Karlsbr\u00fccke und die Highlights der Prager Burg \u2013 inklusive eines entspannten tschechischen Mittagessens unterwegs. Oder Sie entscheiden sich f\u00fcr unsere Private Prague Beer &amp; Czech Tapas Tour: Sie besuchen mehrere sorgf\u00e4ltig ausgew\u00e4hlte Bars, probieren verschiedene tschechische Biere und genie\u00dfen dazu traditionelle Bier-Snacks \u2013 ideal f\u00fcr alle, die Prag kulinarisch erleben m\u00f6chten.<\/p>\n<p><\/div><\/div>[\/vc_column][\/vc_row][vc_row css=&#8220;.vc_custom_1764446207378{padding-bottom: 40px !important;}&#8220;][vc_column width=&#8220;1\/4&#8243;][\/vc_column][vc_column width=&#8220;1\/2&#8243; offset=&#8220;vc_col-lg-6 vc_col-md-6&#8243;]<div id=\"ultimate-heading-991169d299eddd1f4\" class=\"uvc-heading ult-adjust-bottom-margin ultimate-heading-991169d299eddd1f4 uvc-6886  uvc-heading-default-font-sizes\" data-hspacer=\"no_spacer\"  data-halign=\"center\" style=\"text-align:center\"><div class=\"uvc-heading-spacer no_spacer\" style=\"top\"><\/div><div class=\"uvc-main-heading ult-responsive\"  data-ultimate-target='.uvc-heading.ultimate-heading-991169d299eddd1f4 h2'  data-responsive-json-new='{\"font-size\":\"\",\"line-height\":\"\"}' ><h2 style=\"--font-weight:theme;margin-bottom:30px;\">Unsere privaten Prag-Touren<\/h2><\/div><div class=\"uvc-sub-heading ult-responsive\"  data-ultimate-target='.uvc-heading.ultimate-heading-991169d299eddd1f4 .uvc-sub-heading '  data-responsive-json-new='{\"font-size\":\"\",\"line-height\":\"\"}'  style=\"font-weight:normal;\"><\/p>\n<p style=\"text-align: center;\">(Alle unsere Touren sind privat, mit t\u00e4glichen Abfahrten und flexiblen Startzeiten. Jede Tour kann in Dauer, Fokus und Tempo individuell angepasst werden.)<\/p>\n<p><\/div><\/div>[\/vc_column][vc_column width=&#8220;1\/4&#8243;][\/vc_column][\/vc_row][vc_row css=&#8220;.vc_custom_1762308428675{padding-bottom: 60px !important;}&#8220;][vc_column][vc_row_inner equal_height=&#8220;yes&#8220; css=&#8220;.vc_custom_1762305869822{margin-bottom: 0px !important;}&#8220; el_class=&#8220;equalize&#8220;][vc_column_inner el_class=&#8220;tour-box&#8220; width=&#8220;1\/2&#8243; css=&#8220;.vc_custom_1762310535916{margin-right: 5px !important;margin-bottom: 40px !important;margin-left: 5px !important;padding-right: 0px !important;padding-left: 0px !important;background-color: #F4F4F4 !important;}&#8220; offset=&#8220;vc_col-lg-offset-3 vc_col-lg-3 vc_col-md-offset-2 vc_col-md-4 vc_col-xs-12&#8243;][vc_single_image image=&#8220;8825&#8243; img_size=&#8220;full&#8220; alignment=&#8220;center&#8220; onclick=&#8220;custom_link&#8220; css=&#8220;&#8220; link=&#8220;https:\/\/humboldttoursberlin.com\/prague-city-highlights\/&#8220;]<div class=\"ult-content-box-container tour-card\" >\t<a class=\"ult-content-box-anchor\" href=\"https:\/\/humboldttoursberlin.com\/prague-city-highlights\/\" >\t\t<div class=\"ult-content-box\" style=\"background-color:#F4F4F4;box-shadow: px px px px none;padding-top:20px;padding-right:30px;padding-bottom:30px;padding-left:30px;min-height:355px;-webkit-transition: all 700ms ease;-moz-transition: all 700ms ease;-ms-transition: all 700ms ease;-o-transition: all 700ms ease;transition: all 700ms ease;\"  data-hover_bg_color=\"#F1EFEF\"  data-hover_box_shadow=\"none\"  data-hover_border_color=\"#00000000\"     data-bg=\"#F4F4F4\" ><div id=\"ultimate-heading-999969d299eddd307\" class=\"uvc-heading ult-adjust-bottom-margin ultimate-heading-999969d299eddd307 uvc-2695 \" data-hspacer=\"no_spacer\"  data-halign=\"left\" style=\"text-align:left\"><div class=\"uvc-heading-spacer no_spacer\" style=\"top\"><\/div><div class=\"uvc-main-heading ult-responsive\"  data-ultimate-target='.uvc-heading.ultimate-heading-999969d299eddd307 h3'  data-responsive-json-new='{\"font-size\":\"desktop:20px;\",\"line-height\":\"desktop:24px;\"}' ><h3 style=\"--font-weight:theme;\">Private Prag Stadtrundfahrt: Die besten Sehensw\u00fcrdigkeiten, versteckte Juwelen &amp; Mittagessen<\/h3><\/div><div class=\"uvc-sub-heading ult-responsive\"  data-ultimate-target='.uvc-heading.ultimate-heading-999969d299eddd307 .uvc-sub-heading '  data-responsive-json-new='{\"font-size\":\"desktop:14px;\",\"line-height\":\"desktop:20px;\"}'  style=\"font-weight:normal;\"><\/p>\n<ul>\n<li class=\"p2\"><span style=\"color: #000000;\">5 Stunden<\/span><\/li>\n<li><span style=\"color: #000000;\">Prag-Essentials<\/span><\/li>\n<li class=\"p2\"><span style=\"color: #000000;\">Ab 65 \u20ac pro Person<\/span><\/li>\n<\/ul>\n<p><span style=\"color: #000000;\">Erhalten Sie die perfekte Einf\u00fchrung in Prag auf dieser privaten Rundfahrt, die Sie vom Altst\u00e4dter Ring bis hinauf zur Prager Burg f\u00fchrt.<\/span><\/div><\/div><style type=\"text\/css\" data-type=\"the7_shortcodes-inline-css\">#default-btn-453a5a1c35da0f3ee709f5a2772863af.ico-right-side > i {\n  margin-right: 0px;\n  margin-left: 8px;\n}\n#default-btn-453a5a1c35da0f3ee709f5a2772863af > i {\n  margin-right: 8px;\n}<\/style><a href=\"https:\/\/humboldttoursberlin.com\/prague-city-highlights\/\" class=\"default-btn-shortcode dt-btn dt-btn-m link-hover-off full-width-btn btn-inline-left  vc_custom_1766465426072\" id=\"default-btn-453a5a1c35da0f3ee709f5a2772863af\"><span>TOUR ANSEHEN<\/span><\/a>\t\t<\/div>\t<\/a><\/div>[\/vc_column_inner][vc_column_inner el_class=&#8220;tour-box&#8220; width=&#8220;1\/2&#8243; css=&#8220;.vc_custom_1762310625115{margin-right: 5px !important;margin-bottom: 40px !important;margin-left: 5px !important;padding-right: 0px !important;padding-left: 0px !important;background-color: #F4F4F4 !important;}&#8220; offset=&#8220;vc_col-lg-3 vc_col-md-4 vc_col-xs-12&#8243;][vc_single_image image=&#8220;8827&#8243; img_size=&#8220;full&#8220; alignment=&#8220;center&#8220; onclick=&#8220;custom_link&#8220; css=&#8220;&#8220; link=&#8220;https:\/\/humboldttoursberlin.com\/prague-beer-tour\/&#8220;]<div class=\"ult-content-box-container \" >\t<a class=\"ult-content-box-anchor\" href=\"https:\/\/humboldttoursberlin.com\/prague-beer-tour\/\" >\t\t<div class=\"ult-content-box\" style=\"background-color:#F4F4F400;box-shadow: 5px 5px 5px 5px none;padding-top:20px;padding-right:30px;padding-bottom:30px;padding-left:30px;min-height:355px;-webkit-transition: all 700ms ease;-moz-transition: all 700ms ease;-ms-transition: all 700ms ease;-o-transition: all 700ms ease;transition: all 700ms ease;\"  data-hover_box_shadow=\"none\"     data-bg=\"#F4F4F400\" ><div id=\"ultimate-heading-41469d299eddd57d\" class=\"uvc-heading ult-adjust-bottom-margin ultimate-heading-41469d299eddd57d uvc-6069 \" data-hspacer=\"no_spacer\"  data-halign=\"left\" style=\"text-align:left\"><div class=\"uvc-heading-spacer no_spacer\" style=\"top\"><\/div><div class=\"uvc-main-heading ult-responsive\"  data-ultimate-target='.uvc-heading.ultimate-heading-41469d299eddd57d h3'  data-responsive-json-new='{\"font-size\":\"desktop:20px;\",\"line-height\":\"desktop:24px;\"}' ><h3 style=\"--font-weight:theme;\">Private Biertour Prag: Tschechisches Bier, Tapas &amp; versteckte Juwelen<\/h3><\/div><div class=\"uvc-sub-heading ult-responsive\"  data-ultimate-target='.uvc-heading.ultimate-heading-41469d299eddd57d .uvc-sub-heading '  data-responsive-json-new='{\"font-size\":\"desktop:14px;\",\"line-height\":\"desktop:20px;\"}'  style=\"font-weight:normal;\"><\/p>\n<ul>\n<li class=\"p2\"><span style=\"color: #000000;\">3,5 Stunden<\/span><\/li>\n<li><span style=\"color: #000000;\">Tschechisches Bier 101<\/span><\/li>\n<li class=\"p2\"><span style=\"color: #000000;\">Ab \u20ac74 pro Person<\/span><\/li>\n<\/ul>\n<p><span style=\"color: #000000;\">Lernen Sie Prag auf die einheimische Art kennen: durch sein Bier! Auf dieser privaten Biertour verkosten Sie die besten Biere und erfahren, warum die Tschechen so verr\u00fcckt nach ihrem goldenen Getr\u00e4nk sind.<\/span><\/div><\/div><style type=\"text\/css\" data-type=\"the7_shortcodes-inline-css\">#default-btn-1c75ccf00d07fda624c1dd7383fc959c.ico-right-side > i {\n  margin-right: 0px;\n  margin-left: 8px;\n}\n#default-btn-1c75ccf00d07fda624c1dd7383fc959c > i {\n  margin-right: 8px;\n}<\/style><a href=\"https:\/\/humboldttoursberlin.com\/prague-beer-tour\/\" class=\"default-btn-shortcode dt-btn dt-btn-m link-hover-off full-width-btn btn-inline-left  vc_custom_1766465546411\" id=\"default-btn-1c75ccf00d07fda624c1dd7383fc959c\"><span>TOUR ANSEHEN<\/span><\/a>\t\t<\/div>\t<\/a><\/div>[\/vc_column_inner][\/vc_row_inner][\/vc_column][\/vc_row]<\/p>\n<\/div>","protected":false},"excerpt":{"rendered":"<p>[vc_row full_width=&#8220;stretch_row&#8220; bg_type=&#8220;image&#8220; parallax_style=&#8220;vcpb-default&#8220; bg_image_new=&#8220;id^9104|url^https:\/\/humboldttoursberlin.com\/wp-content\/uploads\/2025\/12\/private-prague-tours-humboldt.jpg|caption^null|alt^null|title^private-prague-tours-humboldt|description^null&#8220; bg_image_repeat=&#8220;no-repeat&#8220; enable_overlay=&#8220;enable_overlay_value&#8220; overlay_color=&#8220;#00000040&#8243; type=&#8220;vc_default&#8220; anchor=&#8220;expeditions&#8220; css=&#8220;.vc_custom_1766467604078{padding-top: 100px !important;padding-bottom: 80px !important;}&#8220; el_class=&#8220;private-tours-hero-row&#8220; row_title=&#8220;Hero&#8220;][vc_column][\/vc_column][\/vc_row][vc_row css=&#8220;.vc_custom_1764445840847{padding-top: 80px !important;padding-bottom: 80px !important;}&#8220;][vc_column][vc_column_text css=&#8220;.vc_custom_1766468493998{margin-bottom: 80px !important;}&#8220;] Prag ist eine Stadt voller gotischer T\u00fcrme, versteckter Innenh\u00f6fe und Geschichte in vielen Schichten \u2013 vom Mittelalter bis zur Samtenen Revolution. Gemeinsam mit unserem zuverl\u00e4ssigen Partner Prague City Adventures bieten&hellip;<\/p>\n","protected":false},"author":3,"featured_media":0,"parent":1301,"menu_order":40,"comment_status":"closed","ping_status":"closed","template":"","meta":{"footnotes":""},"class_list":["post-7147","page","type-page","status-publish","hentry","description-off"],"aioseo_notices":[],"_links":{"self":[{"href":"https:\/\/humboldttoursberlin.com\/de\/wp-json\/wp\/v2\/pages\/7147","targetHints":{"allow":["GET"]}}],"collection":[{"href":"https:\/\/humboldttoursberlin.com\/de\/wp-json\/wp\/v2\/pages"}],"about":[{"href":"https:\/\/humboldttoursberlin.com\/de\/wp-json\/wp\/v2\/types\/page"}],"author":[{"embeddable":true,"href":"https:\/\/humboldttoursberlin.com\/de\/wp-json\/wp\/v2\/users\/3"}],"replies":[{"embeddable":true,"href":"https:\/\/humboldttoursberlin.com\/de\/wp-json\/wp\/v2\/comments?post=7147"}],"version-history":[{"count":15,"href":"https:\/\/humboldttoursberlin.com\/de\/wp-json\/wp\/v2\/pages\/7147\/revisions"}],"predecessor-version":[{"id":9117,"href":"https:\/\/humboldttoursberlin.com\/de\/wp-json\/wp\/v2\/pages\/7147\/revisions\/9117"}],"up":[{"embeddable":true,"href":"https:\/\/humboldttoursberlin.com\/de\/wp-json\/wp\/v2\/pages\/1301"}],"wp:attachment":[{"href":"https:\/\/humboldttoursberlin.com\/de\/wp-json\/wp\/v2\/media?parent=7147"}],"curies":[{"name":"wp","href":"https:\/\/api.w.org\/{rel}","templated":true}]}}