{"id":7152,"date":"2023-08-11T05:38:37","date_gmt":"2023-08-11T05:38:37","guid":{"rendered":"https:\/\/humboldttoursberlin.com\/?page_id=7152"},"modified":"2025-12-23T05:48:38","modified_gmt":"2025-12-23T05:48:38","slug":"wien-touren","status":"publish","type":"page","link":"https:\/\/humboldttoursberlin.com\/de\/private-touren\/wien-touren\/","title":{"rendered":"Wien Touren"},"content":{"rendered":"<div class=\"wpb-content-wrapper\"><p>[vc_row full_width=&#8220;stretch_row&#8220; bg_type=&#8220;image&#8220; parallax_style=&#8220;vcpb-default&#8220; bg_image_new=&#8220;id^9108|url^https:\/\/humboldttoursberlin.com\/wp-content\/uploads\/2025\/12\/vienna-tours-humboldt.jpg|caption^null|alt^null|title^vienna-tours-humboldt|description^null&#8220; bg_image_repeat=&#8220;no-repeat&#8220; enable_overlay=&#8220;enable_overlay_value&#8220; overlay_color=&#8220;#00000040&#8243; type=&#8220;vc_default&#8220; anchor=&#8220;expeditions&#8220; css=&#8220;.vc_custom_1766468029026{padding-top: 100px !important;padding-bottom: 80px !important;}&#8220; el_class=&#8220;private-tours-hero-row&#8220; row_title=&#8220;Hero&#8220;][vc_column]<div id=\"ultimate-heading-290269d29a109898e\" class=\"uvc-heading ult-adjust-bottom-margin ultimate-heading-290269d29a109898e uvc-10 private-tours-heading\" data-hspacer=\"no_spacer\"  data-halign=\"left\" style=\"text-align:left\"><div class=\"uvc-heading-spacer no_spacer\" style=\"top\"><\/div><div class=\"uvc-main-heading ult-responsive\"  data-ultimate-target='.uvc-heading.ultimate-heading-290269d29a109898e h1'  data-responsive-json-new='{\"font-size\":\"desktop:50px;tablet_portrait:40px;mobile:36px;\",\"line-height\":\"desktop:60px;tablet_portrait:50px;\"}' ><h1 style=\"font-family:&#039;Open Sans&#039;;font-weight:bold;color:#ffffff;margin-bottom:20px;\">WIEN FOOD- &amp; NIGHTLIFE-TOUREN MIT LOKALEN EXPERTEN<\/h1><\/div><\/div><div id=\"ultimate-heading-875169d29a1098a94\" class=\"uvc-heading ult-adjust-bottom-margin ultimate-heading-875169d29a1098a94 uvc-613 private-tours-subheading\" data-hspacer=\"no_spacer\"  data-halign=\"left\" style=\"text-align:left\"><div class=\"uvc-heading-spacer no_spacer\" style=\"top\"><\/div><div class=\"uvc-main-heading ult-responsive\"  data-ultimate-target='.uvc-heading.ultimate-heading-875169d29a1098a94 h2'  data-responsive-json-new='{\"font-size\":\"desktop:18px;\",\"line-height\":\"desktop:27px;\"}' ><h2 style=\"--font-weight:theme;color:#FFFFFF;margin-top:30px;margin-bottom:40px;\">Kleine Gruppen-Erlebnisse in Zusammenarbeit mit Wolfy\u2019s Adventures \u2013 ideal f\u00fcr Reisende, Paare und kleine Gruppen, die Wien genussvoll erleben m\u00f6chten<\/h2><\/div><\/div>[\/vc_column][\/vc_row][vc_row css=&#8220;.vc_custom_1764445840847{padding-top: 80px !important;padding-bottom: 80px !important;}&#8220;][vc_column][vc_column_text css=&#8220;.vc_custom_1766466706860{margin-bottom: 80px !important;}&#8220;]<\/p>\n<p style=\"text-align: center;\" data-start=\"1561\" data-end=\"1960\">Wien ist nicht nur Kaiserpal\u00e4ste und Konzertsaal \u2013 sondern auch M\u00e4rkte, B\u00e4ckereien, Heurige und eine \u00fcberraschend moderne Barszene. Gemeinsam mit unserem zuverl\u00e4ssigen Partner Wolfy\u2019s Adventures bieten wir zwei kuratierte Touren in kleinen Gruppen, bei denen Sie Wien \u00fcber seine Kulinarik entdecken: eine Food Tour, und eine Nightlife- &amp; Cocktail-Tour mit Bars, Rooftops (wenn m\u00f6glich) und gro\u00dfartigen Drinks \u2013 gef\u00fchrt von lokalen Hosts, die wissen, wo Wien wirklich isst und trinkt. <\/p>\n<p>[\/vc_column_text]<div id=\"ultimate-heading-777569d29a1098b10\" class=\"uvc-heading ult-adjust-bottom-margin ultimate-heading-777569d29a1098b10 uvc-3769 \" data-hspacer=\"no_spacer\"  data-halign=\"center\" style=\"text-align:center\"><div class=\"uvc-heading-spacer no_spacer\" style=\"top\"><\/div><div class=\"uvc-main-heading ult-responsive\"  data-ultimate-target='.uvc-heading.ultimate-heading-777569d29a1098b10 h2'  data-responsive-json-new='{\"font-size\":\"mobile:30px;\",\"line-height\":\"mobile:40px;\"}' ><h2 style=\"--font-weight:theme;margin-bottom:30px;\">Taste Vienna \u2013 On a Curated Small-Group Tour<\/h2><\/div><div class=\"uvc-sub-heading ult-responsive\"  data-ultimate-target='.uvc-heading.ultimate-heading-777569d29a1098b10 .uvc-sub-heading '  data-responsive-json-new='{\"font-size\":\"\",\"line-height\":\"\"}'  style=\"font-weight:normal;\"><\/p>\n<p style=\"text-align: center;\" data-start=\"755\" data-end=\"1286\">These Vienna tours are designed for travellers who want authentic places, great stories, and a social atmosphere\u2014without the tourist traps. Choose a Vienna Food Tour for classic bites, local specialties, and market-style tastings, or join our Vienna Nightlife &amp; Cocktails Tour for a mix of stylish bars, rooftop views (when possible), and expertly made drinks. Expect a relaxed pace, insider recommendations you can use for the rest of your trip, and a night (or afternoon) that feels like going out with a Viennese friend.  <\/p>\n<p><\/div><\/div>[\/vc_column][\/vc_row][vc_row css=&#8220;.vc_custom_1764446207378{padding-bottom: 40px !important;}&#8220;][vc_column width=&#8220;1\/4&#8243;][\/vc_column][vc_column width=&#8220;1\/2&#8243; offset=&#8220;vc_col-lg-6 vc_col-md-6&#8243;]<div id=\"ultimate-heading-645169d29a1098b8e\" class=\"uvc-heading ult-adjust-bottom-margin ultimate-heading-645169d29a1098b8e uvc-7466  uvc-heading-default-font-sizes\" data-hspacer=\"no_spacer\"  data-halign=\"center\" style=\"text-align:center\"><div class=\"uvc-heading-spacer no_spacer\" style=\"top\"><\/div><div class=\"uvc-main-heading ult-responsive\"  data-ultimate-target='.uvc-heading.ultimate-heading-645169d29a1098b8e h2'  data-responsive-json-new='{\"font-size\":\"\",\"line-height\":\"\"}' ><h2 style=\"--font-weight:theme;margin-bottom:30px;\">Our Vienna Tours<\/h2><\/div><div class=\"uvc-sub-heading ult-responsive\"  data-ultimate-target='.uvc-heading.ultimate-heading-645169d29a1098b8e .uvc-sub-heading '  data-responsive-json-new='{\"font-size\":\"\",\"line-height\":\"\"}'  style=\"font-weight:normal;\"><\/p>\n<p style=\"text-align: center;\">(Diese Touren finden als Kleingruppen-Erlebnisse statt. Die Verf\u00fcgbarkeit variiert je nach Saison \u2013 bitte pr\u00fcfen Sie den Kalender f\u00fcr die n\u00e4chsten Termine.)<\/p>\n<p><\/div><\/div>[\/vc_column][vc_column width=&#8220;1\/4&#8243;][\/vc_column][\/vc_row][vc_row css=&#8220;.vc_custom_1762308428675{padding-bottom: 60px !important;}&#8220;][vc_column][vc_row_inner equal_height=&#8220;yes&#8220; css=&#8220;.vc_custom_1762305869822{margin-bottom: 0px !important;}&#8220; el_class=&#8220;equalize&#8220;][vc_column_inner el_class=&#8220;tour-box&#8220; width=&#8220;1\/2&#8243; css=&#8220;.vc_custom_1762310535916{margin-right: 5px !important;margin-bottom: 40px !important;margin-left: 5px !important;padding-right: 0px !important;padding-left: 0px !important;background-color: #F4F4F4 !important;}&#8220; offset=&#8220;vc_col-lg-offset-3 vc_col-lg-3 vc_col-md-offset-2 vc_col-md-4 vc_col-xs-12&#8243;][vc_single_image image=&#8220;8834&#8243; img_size=&#8220;full&#8220; alignment=&#8220;center&#8220; onclick=&#8220;custom_link&#8220; css=&#8220;&#8220; link=&#8220;https:\/\/humboldttoursberlin.com\/culinary-vienna\/&#8220;]<div class=\"ult-content-box-container tour-card\" >\t<a class=\"ult-content-box-anchor\" href=\"https:\/\/humboldttoursberlin.com\/culinary-vienna\/\" >\t\t<div class=\"ult-content-box\" style=\"background-color:#F4F4F4;box-shadow: px px px px none;padding-top:20px;padding-right:30px;padding-bottom:30px;padding-left:30px;min-height:355px;-webkit-transition: all 700ms ease;-moz-transition: all 700ms ease;-ms-transition: all 700ms ease;-o-transition: all 700ms ease;transition: all 700ms ease;\"  data-hover_bg_color=\"#F1EFEF\"  data-hover_box_shadow=\"none\"  data-hover_border_color=\"#00000000\"     data-bg=\"#F4F4F4\" ><div id=\"ultimate-heading-783969d29a1098cfb\" class=\"uvc-heading ult-adjust-bottom-margin ultimate-heading-783969d29a1098cfb uvc-2496 \" data-hspacer=\"no_spacer\"  data-halign=\"left\" style=\"text-align:left\"><div class=\"uvc-heading-spacer no_spacer\" style=\"top\"><\/div><div class=\"uvc-main-heading ult-responsive\"  data-ultimate-target='.uvc-heading.ultimate-heading-783969d29a1098cfb h3'  data-responsive-json-new='{\"font-size\":\"desktop:20px;\",\"line-height\":\"desktop:24px;\"}' ><h3 style=\"--font-weight:theme;\">Wien Essen Tour: Traditionelle \u00f6sterreichische K\u00fcche &amp; versteckte Juwelen<\/h3><\/div><div class=\"uvc-sub-heading ult-responsive\"  data-ultimate-target='.uvc-heading.ultimate-heading-783969d29a1098cfb .uvc-sub-heading '  data-responsive-json-new='{\"font-size\":\"desktop:14px;\",\"line-height\":\"desktop:20px;\"}'  style=\"font-weight:normal;\"><\/p>\n<ul>\n<li class=\"p2\"><span style=\"color: #000000;\">4,5 \u2013 5 Stunden<\/span><\/li>\n<li><span style=\"color: #000000;\">Das Beste der \u00f6sterreichischen K\u00fcche<\/span><\/li>\n<li class=\"p2\"><span style=\"color: #000000;\">\u20ac139 pro Person<\/span><\/li>\n<\/ul>\n<p><span style=\"color: #000000;\">Kosten Sie das wahre \u00d6sterreich auf diesem gastronomischen Abenteuer durch Wien. Mit einem einheimischen kulinarischen F\u00fchrer an Ihrer Seite werden Sie sowohl herzhafte als auch s\u00fc\u00dfe Gerichte genie\u00dfen<\/span><\/div><\/div><style type=\"text\/css\" data-type=\"the7_shortcodes-inline-css\">#default-btn-e4699ffb51713b4f927a6f5f23528102.ico-right-side > i {\n  margin-right: 0px;\n  margin-left: 8px;\n}\n#default-btn-e4699ffb51713b4f927a6f5f23528102 > i {\n  margin-right: 8px;\n}<\/style><a href=\"https:\/\/humboldttoursberlin.com\/culinary-vienna\/\" class=\"default-btn-shortcode dt-btn dt-btn-m link-hover-off full-width-btn btn-inline-left  vc_custom_1766466841817\" id=\"default-btn-e4699ffb51713b4f927a6f5f23528102\"><span>TOUR ANSEHEN<\/span><\/a>\t\t<\/div>\t<\/a><\/div>[\/vc_column_inner][vc_column_inner el_class=&#8220;tour-box&#8220; width=&#8220;1\/2&#8243; css=&#8220;.vc_custom_1762310625115{margin-right: 5px !important;margin-bottom: 40px !important;margin-left: 5px !important;padding-right: 0px !important;padding-left: 0px !important;background-color: #F4F4F4 !important;}&#8220; offset=&#8220;vc_col-lg-3 vc_col-md-4 vc_col-xs-12&#8243;][vc_single_image image=&#8220;8836&#8243; img_size=&#8220;full&#8220; alignment=&#8220;center&#8220; onclick=&#8220;custom_link&#8220; css=&#8220;&#8220; link=&#8220;https:\/\/humboldttoursberlin.com\/vienna-night-tour\/&#8220;]<div class=\"ult-content-box-container \" >\t<a class=\"ult-content-box-anchor\" href=\"https:\/\/humboldttoursberlin.com\/vienna-night-tour\/\" >\t\t<div class=\"ult-content-box\" style=\"background-color:#F4F4F400;box-shadow: 5px 5px 5px 5px none;padding-top:20px;padding-right:30px;padding-bottom:30px;padding-left:30px;min-height:355px;-webkit-transition: all 700ms ease;-moz-transition: all 700ms ease;-ms-transition: all 700ms ease;-o-transition: all 700ms ease;transition: all 700ms ease;\"  data-hover_box_shadow=\"none\"     data-bg=\"#F4F4F400\" ><div id=\"ultimate-heading-642269d29a1099016\" class=\"uvc-heading ult-adjust-bottom-margin ultimate-heading-642269d29a1099016 uvc-9174 \" data-hspacer=\"no_spacer\"  data-halign=\"left\" style=\"text-align:left\"><div class=\"uvc-heading-spacer no_spacer\" style=\"top\"><\/div><div class=\"uvc-main-heading ult-responsive\"  data-ultimate-target='.uvc-heading.ultimate-heading-642269d29a1099016 h3'  data-responsive-json-new='{\"font-size\":\"desktop:20px;\",\"line-height\":\"desktop:24px;\"}' ><h3 style=\"--font-weight:theme;\">Wien Nachtleben Tour: \u00d6sterreichisches Essen, Wein &amp; Cocktails<\/h3><\/div><div class=\"uvc-sub-heading ult-responsive\"  data-ultimate-target='.uvc-heading.ultimate-heading-642269d29a1099016 .uvc-sub-heading '  data-responsive-json-new='{\"font-size\":\"desktop:14px;\",\"line-height\":\"desktop:20px;\"}'  style=\"font-weight:normal;\"><\/p>\n<ul>\n<li class=\"p2\"><span style=\"color: #000000;\">4,5 Stunden<\/span><\/li>\n<li><span style=\"color: #000000;\">Vienna After Dark<\/span><\/li>\n<li class=\"p2\"><span style=\"color: #000000;\">\u20ac157 pro Person<\/span><\/li>\n<\/ul>\n<p><span style=\"color: #000000;\">Lernen Sie das wahre Wien kennen&#8230; nach Einbruch der Dunkelheit! Besuchen Sie die Stadt, nachdem die Sonne untergegangen ist und erkunden Sie das lokale Nachtleben mit einem Cocktail in der Hand auf dieser privaten Tour.<\/span><\/div><\/div><style type=\"text\/css\" data-type=\"the7_shortcodes-inline-css\">#default-btn-ecbb02a4b441451e6dd60feeb3d16d82.ico-right-side > i {\n  margin-right: 0px;\n  margin-left: 8px;\n}\n#default-btn-ecbb02a4b441451e6dd60feeb3d16d82 > i {\n  margin-right: 8px;\n}<\/style><a href=\"https:\/\/humboldttoursberlin.com\/vienna-night-tour\/\" class=\"default-btn-shortcode dt-btn dt-btn-m link-hover-off full-width-btn btn-inline-left  vc_custom_1766466946251\" id=\"default-btn-ecbb02a4b441451e6dd60feeb3d16d82\"><span>TOUR ANSEHEN<\/span><\/a>\t\t<\/div>\t<\/a><\/div>[\/vc_column_inner][\/vc_row_inner][\/vc_column][\/vc_row]<\/p>\n<\/div>","protected":false},"excerpt":{"rendered":"<p>[vc_row full_width=&#8220;stretch_row&#8220; bg_type=&#8220;image&#8220; parallax_style=&#8220;vcpb-default&#8220; bg_image_new=&#8220;id^9108|url^https:\/\/humboldttoursberlin.com\/wp-content\/uploads\/2025\/12\/vienna-tours-humboldt.jpg|caption^null|alt^null|title^vienna-tours-humboldt|description^null&#8220; bg_image_repeat=&#8220;no-repeat&#8220; enable_overlay=&#8220;enable_overlay_value&#8220; overlay_color=&#8220;#00000040&#8243; type=&#8220;vc_default&#8220; anchor=&#8220;expeditions&#8220; css=&#8220;.vc_custom_1766468029026{padding-top: 100px !important;padding-bottom: 80px !important;}&#8220; el_class=&#8220;private-tours-hero-row&#8220; row_title=&#8220;Hero&#8220;][vc_column][\/vc_column][\/vc_row][vc_row css=&#8220;.vc_custom_1764445840847{padding-top: 80px !important;padding-bottom: 80px !important;}&#8220;][vc_column][vc_column_text css=&#8220;.vc_custom_1766466706860{margin-bottom: 80px !important;}&#8220;] Wien ist nicht nur Kaiserpal\u00e4ste und Konzertsaal \u2013 sondern auch M\u00e4rkte, B\u00e4ckereien, Heurige und eine \u00fcberraschend moderne Barszene. Gemeinsam mit unserem zuverl\u00e4ssigen Partner Wolfy\u2019s Adventures bieten wir zwei kuratierte Touren&hellip;<\/p>\n","protected":false},"author":3,"featured_media":0,"parent":1301,"menu_order":40,"comment_status":"closed","ping_status":"closed","template":"","meta":{"footnotes":""},"class_list":["post-7152","page","type-page","status-publish","hentry","description-off"],"aioseo_notices":[],"_links":{"self":[{"href":"https:\/\/humboldttoursberlin.com\/de\/wp-json\/wp\/v2\/pages\/7152","targetHints":{"allow":["GET"]}}],"collection":[{"href":"https:\/\/humboldttoursberlin.com\/de\/wp-json\/wp\/v2\/pages"}],"about":[{"href":"https:\/\/humboldttoursberlin.com\/de\/wp-json\/wp\/v2\/types\/page"}],"author":[{"embeddable":true,"href":"https:\/\/humboldttoursberlin.com\/de\/wp-json\/wp\/v2\/users\/3"}],"replies":[{"embeddable":true,"href":"https:\/\/humboldttoursberlin.com\/de\/wp-json\/wp\/v2\/comments?post=7152"}],"version-history":[{"count":9,"href":"https:\/\/humboldttoursberlin.com\/de\/wp-json\/wp\/v2\/pages\/7152\/revisions"}],"predecessor-version":[{"id":9120,"href":"https:\/\/humboldttoursberlin.com\/de\/wp-json\/wp\/v2\/pages\/7152\/revisions\/9120"}],"up":[{"embeddable":true,"href":"https:\/\/humboldttoursberlin.com\/de\/wp-json\/wp\/v2\/pages\/1301"}],"wp:attachment":[{"href":"https:\/\/humboldttoursberlin.com\/de\/wp-json\/wp\/v2\/media?parent=7152"}],"curies":[{"name":"wp","href":"https:\/\/api.w.org\/{rel}","templated":true}]}}